{"id":757507,"date":"2025-08-28T07:37:47","date_gmt":"2025-08-28T04:37:47","guid":{"rendered":"https:\/\/roveyayinevi.com.tr\/index.php\/urun\/milfoy-ve-arkadaslari\/"},"modified":"2026-04-16T03:10:42","modified_gmt":"2026-04-16T00:10:42","slug":"milfoy-ve-arkadaslari","status":"publish","type":"product","link":"https:\/\/roveyayinevi.com.tr\/index.php\/urun\/milfoy-ve-arkadaslari\/","title":{"rendered":"Milf\u00f6y ve Arkada\u015flar\u0131"},"content":{"rendered":"<p>Siz hi\u00e7, biri sizi sahiplensin diye beklediniz mi? Bu \u00e7ok fena bir \u015fey. Kendinizi be\u011fendirmeye \u00e7al\u0131\u015fman\u0131z isteniyor. Sevimli g\u00f6r\u00fcnmeniz, derin derin bakman\u0131z, munis davranman\u0131z. Oysa ben neysem oyum. Niye farkl\u0131 g\u00f6r\u00fcneyim? Biri beni al\u0131p g\u00f6t\u00fcrs\u00fcn, as\u0131l huyumu sonra belli edeyim, bu mudur yani? Buna sahtek\u00e2rl\u0131k denir, ben yapmam \u00f6yle \u015fey. Bunlar\u0131 s\u00f6ylemek istedim. Ama nas\u0131l? En iyisi hi\u00e7bir \u015feyin fark\u0131nda de\u011filmi\u015f gibi davranmak, k\u00fcsk\u00fcn k\u00fcsk\u00fcn, gelene gidene bakmadan \u00f6ylece yatmak.   Tertemiz kalpli Milf\u00f6y\u2019\u00fcn hik\u00e2yesi bu c\u00fcmlelerle ba\u015fl\u0131yor.   Feride \u00c7i\u00e7eko\u011flu, otuz y\u0131ll\u0131k bir aradan sonra yazd\u0131\u011f\u0131 bu romanda ormana terk edilmi\u015f bir k\u00f6pe\u011fin, Milf\u00f6y\u2019\u00fcn sesine kulak vermemizi istiyor. Milf\u00f6y yeniden \u201csahiplendirilme\u201d hik\u00e2yesini ve sonras\u0131n\u0131, tan\u0131\u015ft\u0131\u011f\u0131 kedi ve k\u00f6pek arkada\u015flar\u0131n\u0131n hik\u00e2yeleriyle birlikte anlat\u0131yor; anlatt\u0131k\u00e7a da h\u00fcz\u00fcnl\u00fc mazisine dair haf\u0131zas\u0131nda kap\u0131lar aral\u0131yor.   U\u00e7urtmay\u0131 Vurmas\u0131nlar\u2019\u0131n Bar\u0131\u015f\u2019\u0131n\u0131n ruh ikizi Milf\u00f6y, onun gibi masumca bak\u0131yor d\u00fcnyaya. B\u00f6yle bakt\u0131\u011f\u0131 i\u00e7in de insan\u0131n h\u0131nc\u0131n\u0131 alamad\u0131\u011f\u0131 do\u011faya, hayvanlara, \u015fehirlere ve kendine yapt\u0131klar\u0131n\u0131 bir t\u00fcrl\u00fc anlayam\u0131yor.   Senta Urgan\u2019\u0131n birbirinden g\u00fczel \u00e7izimleriyle zenginle\u015fen Milf\u00f6y ve Arkada\u015flar\u0131\u2019n\u0131 okuyunca etraf\u0131m\u0131zdaki duvarlar\u0131n \u00e7o\u011funu asl\u0131nda ellerimizle \u00f6rd\u00fc\u011f\u00fcm\u00fcz\u00fc anl\u0131yoruz. <\/p>\n","protected":false},"excerpt":{"rendered":"<p>Siz hi\u00e7, biri sizi sahiplensin diye beklediniz mi? Bu \u00e7ok fena bir \u015fey. Kendinizi be\u011fendirmeye \u00e7al\u0131\u015fman\u0131z isteniyor. Sevimli g\u00f6r\u00fcnmeniz, derin derin bakman\u0131z, munis davranman\u0131z. Oysa ben<span class=\"excerpt-hellip\"> [\u2026]<\/span><\/p>\n","protected":false},"featured_media":0,"template":"","meta":{"_monsterinsights_skip_tracking":false,"_monsterinsights_sitenote_active":false,"_monsterinsights_sitenote_note":"","_monsterinsights_sitenote_category":0},"product_brand":[],"product_cat":[12291,12711],"product_tag":[],"class_list":{"0":"post-757507","1":"product","2":"type-product","3":"status-publish","5":"product_cat-edebiyat","6":"product_cat-roman-oyku","7":"pa_cilt-ciltsiz","8":"pa_tur-kitap","9":"pa_yayinevi-can-yayinlari","10":"pa_yazar-feride-cicekoglu","12":"first","13":"instock","14":"sale","15":"shipping-taxable","16":"purchasable","17":"product-type-simple"},"_links":{"self":[{"href":"https:\/\/roveyayinevi.com.tr\/index.php\/wp-json\/wp\/v2\/product\/757507","targetHints":{"allow":["GET"]}}],"collection":[{"href":"https:\/\/roveyayinevi.com.tr\/index.php\/wp-json\/wp\/v2\/product"}],"about":[{"href":"https:\/\/roveyayinevi.com.tr\/index.php\/wp-json\/wp\/v2\/types\/product"}],"wp:attachment":[{"href":"https:\/\/roveyayinevi.com.tr\/index.php\/wp-json\/wp\/v2\/media?parent=757507"}],"wp:term":[{"taxonomy":"product_brand","embeddable":true,"href":"https:\/\/roveyayinevi.com.tr\/index.php\/wp-json\/wp\/v2\/product_brand?post=757507"},{"taxonomy":"product_cat","embeddable":true,"href":"https:\/\/roveyayinevi.com.tr\/index.php\/wp-json\/wp\/v2\/product_cat?post=757507"},{"taxonomy":"product_tag","embeddable":true,"href":"https:\/\/roveyayinevi.com.tr\/index.php\/wp-json\/wp\/v2\/product_tag?post=757507"}],"curies":[{"name":"wp","href":"https:\/\/api.w.org\/{rel}","templated":true}]}}