{"id":757506,"date":"2025-08-28T07:37:45","date_gmt":"2025-08-28T04:37:45","guid":{"rendered":"https:\/\/roveyayinevi.com.tr\/index.php\/urun\/harman\/"},"modified":"2026-04-16T03:10:42","modified_gmt":"2026-04-16T00:10:42","slug":"harman","status":"publish","type":"product","link":"https:\/\/roveyayinevi.com.tr\/index.php\/urun\/harman\/","title":{"rendered":"Harman"},"content":{"rendered":"<p>\u0130brahim SA\u011eIR1936 y\u0131l\u0131nda Bal\u0131kesir, G\u00f6nen \u0130l\u00e7esi Pa\u015fa \u00c7iftlik K\u00f6y\u00fc\u2019nde do\u011fdu. \u0130lkokulu k\u00f6y\u00fcnde, ortaokulu Band\u0131rma\u2019da bitirdi 1955 de Hv. Asb. Tek. Okulu\u2019na girdi. 1957 de T\u00fcrk Hava Kuvvetleri\u2019nde g\u00f6reve ba\u015flad\u0131. \u0130zmir, Eski\u015fehir, Malatya, olmak \u00fczere toplam 27 y\u0131l hizmet ettikten sonra 1984 y\u0131l\u0131nda emekliye ayr\u0131ld\u0131.1992 y\u0131l\u0131nda, sonralar\u0131 \u201c\u015e\u0130\u0130R AKADEM\u0130S\u0130\u201d diye bahsedilen Eski\u015fehir \u015eairler Derne\u011fi\u2019ni alt\u0131 arkada\u015f\u0131 ile birlikte kurdu. 1993 y\u0131l\u0131ndan beri bu derne\u011fin ba\u015fkanl\u0131\u011f\u0131n\u0131 y\u00fcr\u00fct\u00fcyor.Yaln\u0131zl\u0131k, umut ayr\u0131l\u0131k, umutsuzluk, sevgi, \u00f6zlem ve tasavvuf alan\u0131ndaki duygular\u0131n\u0131 b\u00fcy\u00fck bir ustal\u0131kla dile getiren \u0130brahim SA\u011eIR dilimizdeki kelimelere, c\u00fcmlelere \u00f6yle anlamlar y\u00fckledi ki hayran olmamak m\u00fcmk\u00fcn de\u011fil. Bazen bir k\u0131taya bir kitapta anlat\u0131lamayacak ac\u0131y\u0131, kederi, sevgiyi ya da \u00f6zlemi s\u0131\u011fd\u0131rd\u0131. Her s\u00f6zc\u00fc\u011f\u00fc b\u00fcy\u00fck bir titizlikle yerli yerine oturttu. \u00dcstelikte b\u00fct\u00fcn bu g\u00fczellikleri, Halk \u015eiirinin \u00f6zellikleri olan belli \u00f6l\u00e7\u00fcler i\u00e7erisinde, belli kurallara uyarak yapt\u0131.\u0130brahim SA\u011eIR sadece \u015fiir yazmad\u0131, ayn\u0131 zamanda \u015fiir yazmaya \u00e7al\u0131\u015fanlara b\u00fcy\u00fck yard\u0131m ve katk\u0131lar\u0131 oldu. Sa\u011f\u0131r\u2019\u0131n yazd\u0131\u011f\u0131 \u015fiirler T\u00fcrkiye genelinde ve yurt d\u0131\u015f\u0131nda olmak \u00fczere 20. As\u0131r, \u0130nsanl\u0131\u011fa \u00c7a\u011f\u0131r\u0131, T\u00fcrk Edebiyat\u0131, \u00c7a\u011fr\u0131, Defne, Bayat\u0131 gibi y\u00fcz\u00fc a\u015fk\u0131n de\u011fi\u015fik dergide, \u00e7e\u015fitli kitaplarda, antoloji ve gazetelerde yay\u0131nland\u0131. Azerbaycan ve T\u00fcrkmenistan T\u00fcrk\u00e7esine \u00e7evrildi. 2000 y\u0131l\u0131nda DUYGU KERVANI, 2006 y\u0131l\u0131nda da B\u0130R KAPIDAN B\u0130R KAPIYA isimli \u015fiir kitaplar\u0131 okuyucuyla bulu\u015ftu. 1997 y\u0131l\u0131nda Atat\u00fcrk \u00dcniversitesi, Kaz\u0131m Karabekir E\u011fitim Fak\u00fcltesi, T\u00fcrk Dili ve Edebiyat\u0131 B\u00f6l\u00fcm\u00fc \u00f6\u011frencisi Nas\u0131r TEK\u0130N taraf\u0131ndan \u201c\u0130brahim Sa\u011f\u0131r\u2019\u0131n Hayat\u0131 ve \u015eiirlerinin Tasnifi\u201d ad\u0131 alt\u0131nda, 2001 y\u0131l\u0131nda da Osmangazi \u00dcniversitesi Fen Edebiyat fak\u00fcltesi \u00f6\u011frencisi Hasan KILI\u00c7 taraf\u0131ndan \u201c\u0130brahim Sa\u011f\u0131r ve Duygu Kervan\u0131 Adl\u0131 \u015eiir Kitab\u0131n\u0131n \u0130ncelenmesi\u201d ad\u0131 alt\u0131nda bitirme tezi haz\u0131rland\u0131. 2007 Yine Osmangazi \u00dcniversitesi Fen Edebiyat Fak\u00fcltesi \u00d6\u011frencisi Banu \u00dcNL\u00dc Taraf\u0131ndan \u201c\u015eair \u0130brahim SA\u011eIR\u2019IN Hayat\u0131, Edebi Ki\u015fili\u011fi ve B\u0130R KAPIDAN B\u0130R KAPIYA \u0130simli \u015fiir kitab\u0131n\u0131n \u0130ncelenmesi\u201d ad\u0131 alt\u0131nda bitirme tezi yap\u0131lm\u0131\u015f ve Fen Edebiyat Fak\u00fcltesi Dekan\u0131 Say\u0131n Prof. Dr. Halil BUTTANRI taraf\u0131ndan kabul edilmi\u015ftir. \u0130hsan I\u015f\u0131k\u2019\u0131n yay\u0131nlad\u0131\u011f\u0131 \u201cT\u00fcrkiye Yazarlar Ansiklopedisi\u201d de Arslan Tekin\u2019in yay\u0131mlad\u0131\u011f\u0131 \u201cEDEB\u0130YATIMIZDA \u0130S\u0130MLER\u201d Antolojisinde, Atat\u00fcrk K\u00fclt\u00fcr Merkezi Ba\u015fkanl\u0131\u011f\u0131\u2019nca yay\u0131nlanan \u201cT\u00dcRK D\u00dcNYASI EDEB\u0130YAT\u00c7ILARI Ansiklopedisinde ve \u201cT\u00fcrkiye\u2019de Kim Kimdir? Antoloji\u201d sinde biyografileri yay\u0131nland\u0131.<\/p>\n","protected":false},"excerpt":{"rendered":"<p>\u0130brahim SA\u011eIR1936 y\u0131l\u0131nda Bal\u0131kesir, G\u00f6nen \u0130l\u00e7esi Pa\u015fa \u00c7iftlik K\u00f6y\u00fc\u2019nde do\u011fdu. \u0130lkokulu k\u00f6y\u00fcnde, ortaokulu Band\u0131rma\u2019da bitirdi 1955 de Hv. Asb. Tek. Okulu\u2019na girdi. 1957 de T\u00fcrk Hava<span class=\"excerpt-hellip\"> [\u2026]<\/span><\/p>\n","protected":false},"featured_media":0,"template":"","meta":{"_monsterinsights_skip_tracking":false,"_monsterinsights_sitenote_active":false,"_monsterinsights_sitenote_note":"","_monsterinsights_sitenote_category":0},"product_brand":[],"product_cat":[12291,12509],"product_tag":[],"class_list":{"0":"post-757506","1":"product","2":"type-product","3":"status-publish","5":"product_cat-edebiyat","6":"product_cat-siir","7":"pa_cilt-ciltsiz","8":"pa_tur-kitap","9":"pa_yayinevi-efsun-yayincilik","10":"pa_yazar-ibrahim-sagir","12":"first","13":"instock","14":"sale","15":"shipping-taxable","16":"purchasable","17":"product-type-simple"},"_links":{"self":[{"href":"https:\/\/roveyayinevi.com.tr\/index.php\/wp-json\/wp\/v2\/product\/757506","targetHints":{"allow":["GET"]}}],"collection":[{"href":"https:\/\/roveyayinevi.com.tr\/index.php\/wp-json\/wp\/v2\/product"}],"about":[{"href":"https:\/\/roveyayinevi.com.tr\/index.php\/wp-json\/wp\/v2\/types\/product"}],"wp:attachment":[{"href":"https:\/\/roveyayinevi.com.tr\/index.php\/wp-json\/wp\/v2\/media?parent=757506"}],"wp:term":[{"taxonomy":"product_brand","embeddable":true,"href":"https:\/\/roveyayinevi.com.tr\/index.php\/wp-json\/wp\/v2\/product_brand?post=757506"},{"taxonomy":"product_cat","embeddable":true,"href":"https:\/\/roveyayinevi.com.tr\/index.php\/wp-json\/wp\/v2\/product_cat?post=757506"},{"taxonomy":"product_tag","embeddable":true,"href":"https:\/\/roveyayinevi.com.tr\/index.php\/wp-json\/wp\/v2\/product_tag?post=757506"}],"curies":[{"name":"wp","href":"https:\/\/api.w.org\/{rel}","templated":true}]}}