{"id":757504,"date":"2025-08-28T07:37:41","date_gmt":"2025-08-28T04:37:41","guid":{"rendered":"https:\/\/roveyayinevi.com.tr\/index.php\/urun\/kar-kristalleri\/"},"modified":"2025-11-21T10:01:52","modified_gmt":"2025-11-21T07:01:52","slug":"kar-kristalleri","status":"publish","type":"product","link":"https:\/\/roveyayinevi.com.tr\/index.php\/urun\/kar-kristalleri\/","title":{"rendered":"Kar Kristalleri"},"content":{"rendered":"<p>1958\u2019de Zile\u2019de do\u011fdu. \u0130lk, orta ve lise \u00f6\u011frenimini Zile\u2019de tamamlad\u0131. \u00dcniversiteyi Bursa ve Eski\u015fehir\u2019de okudu. Yurdun \u00e7e\u015fitli y\u00f6relerinde \u00f6\u011fretmenlik ve y\u00f6neticilik yapt\u0131. 2008 y\u0131l\u0131nda emekli oldu. Halen yerel bir gazetede k\u00f6\u015fe yazarl\u0131\u011f\u0131 ile yerel bir televizyonda program yap\u0131m\u0131 ve sunuculu\u011fu yapmaktad\u0131r. Evli ve \u00fc\u00e7 \u00e7ocuk babas\u0131d\u0131r.Eserleri:Karine(\u015eiir), Kardelen(\u015eiir), Kar Kristalleri(\u015eiir),K\u0131rk Kristal(Ara\u015ft\u0131rma-D\u00fc\u015f\u00fcnce), K\u0131l\u0131\u00e7 Hakk\u0131 1(Roman), K\u0131l\u0131\u00e7 Hakk\u0131 2(Roman)<\/p>\n","protected":false},"excerpt":{"rendered":"<p>1958\u2019de Zile\u2019de do\u011fdu. \u0130lk, orta ve lise \u00f6\u011frenimini Zile\u2019de tamamlad\u0131. \u00dcniversiteyi Bursa ve Eski\u015fehir\u2019de okudu. Yurdun \u00e7e\u015fitli y\u00f6relerinde \u00f6\u011fretmenlik ve y\u00f6neticilik yapt\u0131. 2008 y\u0131l\u0131nda emekli oldu.<span class=\"excerpt-hellip\"> [\u2026]<\/span><\/p>\n","protected":false},"featured_media":0,"template":"","meta":{"_monsterinsights_skip_tracking":false,"_monsterinsights_sitenote_active":false,"_monsterinsights_sitenote_note":"","_monsterinsights_sitenote_category":0},"product_brand":[],"product_cat":[12291,12509],"product_tag":[],"class_list":{"0":"post-757504","1":"product","2":"type-product","3":"status-publish","5":"product_cat-edebiyat","6":"product_cat-siir","7":"pa_cilt-ciltsiz","8":"pa_tur-kitap","9":"pa_yayinevi-imbik-yayinlari","10":"pa_yazar-metin-falay","12":"first","13":"instock","14":"sale","15":"shipping-taxable","16":"purchasable","17":"product-type-simple"},"_links":{"self":[{"href":"https:\/\/roveyayinevi.com.tr\/index.php\/wp-json\/wp\/v2\/product\/757504","targetHints":{"allow":["GET"]}}],"collection":[{"href":"https:\/\/roveyayinevi.com.tr\/index.php\/wp-json\/wp\/v2\/product"}],"about":[{"href":"https:\/\/roveyayinevi.com.tr\/index.php\/wp-json\/wp\/v2\/types\/product"}],"wp:attachment":[{"href":"https:\/\/roveyayinevi.com.tr\/index.php\/wp-json\/wp\/v2\/media?parent=757504"}],"wp:term":[{"taxonomy":"product_brand","embeddable":true,"href":"https:\/\/roveyayinevi.com.tr\/index.php\/wp-json\/wp\/v2\/product_brand?post=757504"},{"taxonomy":"product_cat","embeddable":true,"href":"https:\/\/roveyayinevi.com.tr\/index.php\/wp-json\/wp\/v2\/product_cat?post=757504"},{"taxonomy":"product_tag","embeddable":true,"href":"https:\/\/roveyayinevi.com.tr\/index.php\/wp-json\/wp\/v2\/product_tag?post=757504"}],"curies":[{"name":"wp","href":"https:\/\/api.w.org\/{rel}","templated":true}]}}