{"id":757500,"date":"2025-08-28T07:37:34","date_gmt":"2025-08-28T04:37:34","guid":{"rendered":"https:\/\/roveyayinevi.com.tr\/index.php\/urun\/siirlerle-menkibe-i-yunus-emre\/"},"modified":"2026-04-16T03:10:41","modified_gmt":"2026-04-16T00:10:41","slug":"siirlerle-menkibe-i-yunus-emre","status":"publish","type":"product","link":"https:\/\/roveyayinevi.com.tr\/index.php\/urun\/siirlerle-menkibe-i-yunus-emre\/","title":{"rendered":"\u015eiirlerle Menk\u0131be-i Yunus Emre"},"content":{"rendered":"<p>Yunus Emre\u2019nin menk\u0131be-i hayat\u0131n\u0131 okuyanlar, Yunus Emre\u2019yi kendilerine daha yak\u0131n hissedeceklerdir ve g\u00f6n\u00fcllerinde ona kar\u015f\u0131 duyduklar\u0131 sevgileri daha da ulv\u00eele\u015fecek d\u00fc\u015f\u00fcncesinden hareketle bu menk\u0131beleri okuyucuya \u015fiir halinde sunduk.Belki bizim g\u00f6rmedi\u011fimiz ba\u015fka menk\u0131beleri de vard\u0131r. Ancak biz elimizde olanlar\u0131n\u0131 \u015fiirle\u015ftirdik.<\/p>\n","protected":false},"excerpt":{"rendered":"<p>Yunus Emre\u2019nin menk\u0131be-i hayat\u0131n\u0131 okuyanlar, Yunus Emre\u2019yi kendilerine daha yak\u0131n hissedeceklerdir ve g\u00f6n\u00fcllerinde ona kar\u015f\u0131 duyduklar\u0131 sevgileri daha da ulv\u00eele\u015fecek d\u00fc\u015f\u00fcncesinden hareketle bu menk\u0131beleri okuyucuya \u015fiir<span class=\"excerpt-hellip\"> [\u2026]<\/span><\/p>\n","protected":false},"featured_media":0,"template":"","meta":{"_monsterinsights_skip_tracking":false,"_monsterinsights_sitenote_active":false,"_monsterinsights_sitenote_note":"","_monsterinsights_sitenote_category":0},"product_brand":[],"product_cat":[12291,12509],"product_tag":[],"class_list":{"0":"post-757500","1":"product","2":"type-product","3":"status-publish","5":"product_cat-edebiyat","6":"product_cat-siir","7":"pa_cilt-ciltsiz","8":"pa_tur-kitap","9":"pa_yayinevi-efsun-yayincilik","10":"pa_yazar-ibrahim-sagir","12":"first","13":"instock","14":"sale","15":"shipping-taxable","16":"purchasable","17":"product-type-simple"},"_links":{"self":[{"href":"https:\/\/roveyayinevi.com.tr\/index.php\/wp-json\/wp\/v2\/product\/757500","targetHints":{"allow":["GET"]}}],"collection":[{"href":"https:\/\/roveyayinevi.com.tr\/index.php\/wp-json\/wp\/v2\/product"}],"about":[{"href":"https:\/\/roveyayinevi.com.tr\/index.php\/wp-json\/wp\/v2\/types\/product"}],"wp:attachment":[{"href":"https:\/\/roveyayinevi.com.tr\/index.php\/wp-json\/wp\/v2\/media?parent=757500"}],"wp:term":[{"taxonomy":"product_brand","embeddable":true,"href":"https:\/\/roveyayinevi.com.tr\/index.php\/wp-json\/wp\/v2\/product_brand?post=757500"},{"taxonomy":"product_cat","embeddable":true,"href":"https:\/\/roveyayinevi.com.tr\/index.php\/wp-json\/wp\/v2\/product_cat?post=757500"},{"taxonomy":"product_tag","embeddable":true,"href":"https:\/\/roveyayinevi.com.tr\/index.php\/wp-json\/wp\/v2\/product_tag?post=757500"}],"curies":[{"name":"wp","href":"https:\/\/api.w.org\/{rel}","templated":true}]}}