{"id":757499,"date":"2025-08-28T07:37:32","date_gmt":"2025-08-28T04:37:32","guid":{"rendered":"https:\/\/roveyayinevi.com.tr\/index.php\/urun\/turk-destanlari-3\/"},"modified":"2026-04-16T03:10:41","modified_gmt":"2026-04-16T00:10:41","slug":"turk-destanlari-3","status":"publish","type":"product","link":"https:\/\/roveyayinevi.com.tr\/index.php\/urun\/turk-destanlari-3\/","title":{"rendered":"T\u00fcrk Destanlar\u0131"},"content":{"rendered":"<p>Destan; milletlerin inan\u00e7, fazilet ve milli kahramanl\u0131k maceralar\u0131n\u0131n manzum bi\u00e7imindeki hik\u00e2yelerine denir. Destanlar, uluslar\u0131n, \u00f6zellikle tarih yaz\u0131m\u0131n\u0131n hen\u00fcz bilinmedi\u011fi d\u00f6nemlerine \u0131\u015f\u0131k tutmalar\u0131 bak\u0131m\u0131ndan \u00f6nemlidir. Eski T\u00fcrk destanlar\u0131n\u0131n bug\u00fcn elimizde bulunan par\u00e7alar\u0131 \u00e7e\u015fitli kaynaklardan derlenmi\u015ftir. Bunlardan bir k\u0131sm\u0131, T\u00fcrk ara\u015ft\u0131r\u0131c\u0131lar taraf\u0131ndan, do\u011frudan do\u011fruya halk dilinde hala ya\u015fayan destanlar\u0131n derlenip yaz\u0131lmas\u0131yla elde edilmi\u015f, bir k\u0131sm\u0131 ise eski \u00c7in, Arap, \u0130ran, Bizans ve Bat\u0131 kaynaklar\u0131nda bulunmu\u015ftur. T\u00fcrk milletinin en \u00f6nemli \u00f6zelli\u011fi s\u00fcrekli hareket h\u00e2linde olmas\u0131 ve co\u011frafyadan co\u011frafyaya g\u00f6\u00e7mesidir.. Bu g\u00f6\u00e7ler s\u0131ras\u0131nda,  arkas\u0131nda bir\u00e7o\u011fu menk\u0131belere ve efsanelere kar\u0131\u015fm\u0131\u015f bir destan k\u00fclliyat\u0131 b\u0131rakm\u0131\u015ft\u0131r. T\u00fcrk tarihi, bu y\u00f6n\u00fcyle bir destanlar tarihi, bir var olu\u015fun ve her defas\u0131nda yeniden dirili\u015fin sembol\u00fcd\u00fcr.<\/p>\n","protected":false},"excerpt":{"rendered":"<p>Destan; milletlerin inan\u00e7, fazilet ve milli kahramanl\u0131k maceralar\u0131n\u0131n manzum bi\u00e7imindeki hik\u00e2yelerine denir. Destanlar, uluslar\u0131n, \u00f6zellikle tarih yaz\u0131m\u0131n\u0131n hen\u00fcz bilinmedi\u011fi d\u00f6nemlerine \u0131\u015f\u0131k tutmalar\u0131 bak\u0131m\u0131ndan \u00f6nemlidir. Eski T\u00fcrk<span class=\"excerpt-hellip\"> [\u2026]<\/span><\/p>\n","protected":false},"featured_media":0,"template":"","meta":{"_monsterinsights_skip_tracking":false,"_monsterinsights_sitenote_active":false,"_monsterinsights_sitenote_note":"","_monsterinsights_sitenote_category":0},"product_brand":[],"product_cat":[12291,12509],"product_tag":[],"class_list":{"0":"post-757499","1":"product","2":"type-product","3":"status-publish","5":"product_cat-edebiyat","6":"product_cat-siir","7":"pa_cilt-ciltsiz","8":"pa_tur-kitap","9":"pa_yayinevi-imbik-yayinlari","10":"pa_yazar-ibrahim-sagir","12":"first","13":"instock","14":"sale","15":"shipping-taxable","16":"purchasable","17":"product-type-simple"},"_links":{"self":[{"href":"https:\/\/roveyayinevi.com.tr\/index.php\/wp-json\/wp\/v2\/product\/757499","targetHints":{"allow":["GET"]}}],"collection":[{"href":"https:\/\/roveyayinevi.com.tr\/index.php\/wp-json\/wp\/v2\/product"}],"about":[{"href":"https:\/\/roveyayinevi.com.tr\/index.php\/wp-json\/wp\/v2\/types\/product"}],"wp:attachment":[{"href":"https:\/\/roveyayinevi.com.tr\/index.php\/wp-json\/wp\/v2\/media?parent=757499"}],"wp:term":[{"taxonomy":"product_brand","embeddable":true,"href":"https:\/\/roveyayinevi.com.tr\/index.php\/wp-json\/wp\/v2\/product_brand?post=757499"},{"taxonomy":"product_cat","embeddable":true,"href":"https:\/\/roveyayinevi.com.tr\/index.php\/wp-json\/wp\/v2\/product_cat?post=757499"},{"taxonomy":"product_tag","embeddable":true,"href":"https:\/\/roveyayinevi.com.tr\/index.php\/wp-json\/wp\/v2\/product_tag?post=757499"}],"curies":[{"name":"wp","href":"https:\/\/api.w.org\/{rel}","templated":true}]}}