{"id":757496,"date":"2025-08-28T07:37:27","date_gmt":"2025-08-28T04:37:27","guid":{"rendered":"https:\/\/roveyayinevi.com.tr\/index.php\/urun\/kucuk-dahiler-etkinliklerle-matematik-1-kitap-4-5-yas\/"},"modified":"2025-12-30T11:18:55","modified_gmt":"2025-12-30T08:18:55","slug":"kucuk-dahiler-etkinliklerle-matematik-1-kitap-4-5-yas","status":"publish","type":"product","link":"https:\/\/roveyayinevi.com.tr\/index.php\/urun\/kucuk-dahiler-etkinliklerle-matematik-1-kitap-4-5-yas\/","title":{"rendered":"K\u00fc\u00e7\u00fck Dahiler \u2013 Etkinliklerle Matematik 1. Kitap (4-5 Ya\u015f )"},"content":{"rendered":"<p>Bu kitapta 4-5 ya\u015f \u00e7ocuklar\u0131m\u0131z i\u00e7in \u00f6zel olarak haz\u0131rlanm\u0131\u015f, say\u0131lar\u0131, \u015fekilleri, matematik i\u015flem ve kavramlar\u0131n\u0131 \u00f6\u011freten ve soyut d\u00fc\u015f\u00fcnme becerilerini geli\u015ftiren pek \u00e7ok e\u011flenceli aktivite bulacaks\u0131n\u0131z. Say\u0131lar\u0131 tan\u0131ma, nesneleri sayma, \u015fekilleri tan\u0131ma, e\u015fle\u015ftirme, nesnelerle toplama \u00e7\u0131kartma, \u00f6r\u00fcnt\u00fc ve resim tamamlama, gruplama ve daha pek \u00e7ok aktivite \u00e7ocuklar\u0131m\u0131z\u0131n matematik, soyut d\u00fc\u015f\u00fcnme, ak\u0131l y\u00fcr\u00fctme ve zihinsel becerilerini, dikkat geli\u015fimini destekleyecek; ayn\u0131 zamanda el-g\u00f6z koordinasyonlar\u0131n\u0131, motor becerilerini ve yarat\u0131c\u0131l\u0131klar\u0131n\u0131 da geli\u015ftirecektir. \u00c7ocuklar\u0131n\u0131z bu aktiviteleri sizinle birlikte ve tek ba\u015f\u0131na yaparken hem \u00e7ok e\u011flenecek hem de \u00f6\u011frenecek.   De\u011ferli Ebeveynler, Bu kitap dizisi, 4-5 ya\u015f \u00e7ocuklar\u0131m\u0131z\u0131n say\u0131lar\u0131, \u015fekilleri, ya\u015flar\u0131na uygun olarak tasarlanm\u0131\u015f matematik i\u015flem ve kavramlar\u0131n\u0131 \u00f6\u011frenirken, ince el kaslar\u0131, g\u00f6rsel ve i\u015fitsel dikkat, g\u00f6rsel ve i\u015fitsel haf\u0131za, konsantrasyon yetilerini de geli\u015ftirmeleri amac\u0131yla, Milli E\u011fitim Bakanl\u0131\u011f\u0131\u2019n\u0131n 0-72 ay e\u011fitim program\u0131na uygun kazan\u0131mlar dikkate al\u0131narak haz\u0131rlanm\u0131\u015ft\u0131r.   Bu kitab\u0131 \u00e7ocu\u011funuzla birlikte uygularken: \u00b7 Y\u00f6nergeleri okuyunuz fakat \u00e7ocu\u011funuz etkinli\u011fe ba\u015flad\u0131\u011f\u0131nda m\u00fcdahale etmeyiniz. \u00b7 Y\u00f6nergelere uygun hareket etti\u011finde, \u201cAferin, tebrik ederim\u201d benzeri motive edici s\u00f6zc\u00fckler kullan\u0131n\u0131z. \u00b7 Y\u00f6nergeleri yanl\u0131\u015f uygularsa, \u201cBir daha denemeye ne dersin?, \u015euraya dikkat ederek yeniden yapabilirsin.\u201d benzeri, destekleyici ve te\u015fvik edici uyar\u0131larda bulunabilirsiniz.   \u00d6nemli olan\u0131n, \u00e7ocu\u011fun do\u011fru yapmas\u0131 de\u011fil, do\u011fru yapmak i\u00e7in \u00e7aba g\u00f6stermesi oldu\u011funu unutmayal\u0131m. Bol kitapl\u0131 ve sa\u011fl\u0131kl\u0131 g\u00fcnler dile\u011fiyle! PEDAGOG AY\u015eEN OY <\/p>\n","protected":false},"excerpt":{"rendered":"<p>Bu kitapta 4-5 ya\u015f \u00e7ocuklar\u0131m\u0131z i\u00e7in \u00f6zel olarak haz\u0131rlanm\u0131\u015f, say\u0131lar\u0131, \u015fekilleri, matematik i\u015flem ve kavramlar\u0131n\u0131 \u00f6\u011freten ve soyut d\u00fc\u015f\u00fcnme becerilerini geli\u015ftiren pek \u00e7ok e\u011flenceli aktivite bulacaks\u0131n\u0131z.<span class=\"excerpt-hellip\"> [\u2026]<\/span><\/p>\n","protected":false},"featured_media":0,"template":"","meta":{"_monsterinsights_skip_tracking":false,"_monsterinsights_sitenote_active":false,"_monsterinsights_sitenote_note":"","_monsterinsights_sitenote_category":0},"product_brand":[],"product_cat":[12274,15842],"product_tag":[],"class_list":{"0":"post-757496","1":"product","2":"type-product","3":"status-publish","5":"product_cat-cocuk-ve-genclik-kitaplari","6":"product_cat-egitici-kitaplar","7":"pa_cilt-ciltsiz","8":"pa_tur-kitap","9":"pa_yayinevi-indigo-cocuk","10":"pa_yazar-gulizar-c-cetinkaya-ayca-g-derin","12":"first","13":"instock","14":"sale","15":"shipping-taxable","16":"purchasable","17":"product-type-simple"},"_links":{"self":[{"href":"https:\/\/roveyayinevi.com.tr\/index.php\/wp-json\/wp\/v2\/product\/757496","targetHints":{"allow":["GET"]}}],"collection":[{"href":"https:\/\/roveyayinevi.com.tr\/index.php\/wp-json\/wp\/v2\/product"}],"about":[{"href":"https:\/\/roveyayinevi.com.tr\/index.php\/wp-json\/wp\/v2\/types\/product"}],"wp:attachment":[{"href":"https:\/\/roveyayinevi.com.tr\/index.php\/wp-json\/wp\/v2\/media?parent=757496"}],"wp:term":[{"taxonomy":"product_brand","embeddable":true,"href":"https:\/\/roveyayinevi.com.tr\/index.php\/wp-json\/wp\/v2\/product_brand?post=757496"},{"taxonomy":"product_cat","embeddable":true,"href":"https:\/\/roveyayinevi.com.tr\/index.php\/wp-json\/wp\/v2\/product_cat?post=757496"},{"taxonomy":"product_tag","embeddable":true,"href":"https:\/\/roveyayinevi.com.tr\/index.php\/wp-json\/wp\/v2\/product_tag?post=757496"}],"curies":[{"name":"wp","href":"https:\/\/api.w.org\/{rel}","templated":true}]}}