{"id":757495,"date":"2025-08-28T07:37:26","date_gmt":"2025-08-28T04:37:26","guid":{"rendered":"https:\/\/roveyayinevi.com.tr\/index.php\/urun\/iyi-tarot\/"},"modified":"2026-04-16T03:10:41","modified_gmt":"2026-04-16T00:10:41","slug":"iyi-tarot","status":"publish","type":"product","link":"https:\/\/roveyayinevi.com.tr\/index.php\/urun\/iyi-tarot\/","title":{"rendered":"\u0130yi Tarot"},"content":{"rendered":"<p>Pozitif psikoloji ve ki\u015fisel d\u00f6nu\u0308\u015fu\u0308me dayanan bu muhte\u015fem destede klasik tarot, modern bir dokunu\u015f kazan\u0131yor. Tak\u0131mlar d\u00f6rt elementtir &#8211; Hava, Su, Toprak, Ate\u015f &#8211; ve 78 kart, kendimizde veya du\u0308nyada kar\u015f\u0131la\u015fabilece\u011fimiz insan deneyiminin arketipik y\u00f6nleri olarak okunmaktad\u0131r. \u00c7o\u011fu destenin aksine, kartlar\u0131n mesajlar\u0131 tahminler ya da uyar\u0131lar de\u011fil, &#8220;\u015fimdi&#8221; deki pozitif olumlamalar oldu\u011fundan, enerjilerini hemen ve ki\u015fisel olarak bu\u0308tu\u0308nle\u015ftirebilirsiniz. \u0130yi Tarot \u00f6zellikle kaybolmu\u015f hissetti\u011finizde, yapt\u0131\u011f\u0131n\u0131z se\u00e7imlerden endi\u015fe duydu\u011funuzda veya ko\u015fullar\u0131n\u0131z hakk\u0131nda daha fazla anlay\u0131\u015f arad\u0131\u011f\u0131n\u0131zda yard\u0131mc\u0131 olmaktad\u0131r. Bu deste ger\u00e7e\u011fin bir\u00e7ok \u015feklini tan\u0131mak ve g\u00f6lgeye e\u015flik eden \u0131\u015f\u0131\u011f\u0131 g\u00f6rmekle ilgilidir, b\u00f6ylelikle \u0131\u015f\u0131\u011f\u0131n parlakl\u0131\u011f\u0131n\u0131 art\u0131rmas\u0131na yard\u0131mc\u0131 olabileceksiniz. <\/p>\n","protected":false},"excerpt":{"rendered":"<p>Pozitif psikoloji ve ki\u015fisel d\u00f6nu\u0308\u015fu\u0308me dayanan bu muhte\u015fem destede klasik tarot, modern bir dokunu\u015f kazan\u0131yor. Tak\u0131mlar d\u00f6rt elementtir &#8211; Hava, Su, Toprak, Ate\u015f &#8211; ve 78<span class=\"excerpt-hellip\"> [\u2026]<\/span><\/p>\n","protected":false},"featured_media":0,"template":"","meta":{"_monsterinsights_skip_tracking":false,"_monsterinsights_sitenote_active":false,"_monsterinsights_sitenote_note":"","_monsterinsights_sitenote_category":0},"product_brand":[],"product_cat":[18082,15563],"product_tag":[],"class_list":{"0":"post-757495","1":"product","2":"type-product","3":"status-publish","5":"product_cat-astroloji-fal-ruya","6":"product_cat-hobi","7":"pa_cilt-ciltsiz","8":"pa_tur-kitap","9":"pa_yayinevi-butik-yayinlari","10":"pa_yazar-colette-baron-reid","12":"first","13":"instock","14":"sale","15":"shipping-taxable","16":"purchasable","17":"product-type-simple"},"_links":{"self":[{"href":"https:\/\/roveyayinevi.com.tr\/index.php\/wp-json\/wp\/v2\/product\/757495","targetHints":{"allow":["GET"]}}],"collection":[{"href":"https:\/\/roveyayinevi.com.tr\/index.php\/wp-json\/wp\/v2\/product"}],"about":[{"href":"https:\/\/roveyayinevi.com.tr\/index.php\/wp-json\/wp\/v2\/types\/product"}],"wp:attachment":[{"href":"https:\/\/roveyayinevi.com.tr\/index.php\/wp-json\/wp\/v2\/media?parent=757495"}],"wp:term":[{"taxonomy":"product_brand","embeddable":true,"href":"https:\/\/roveyayinevi.com.tr\/index.php\/wp-json\/wp\/v2\/product_brand?post=757495"},{"taxonomy":"product_cat","embeddable":true,"href":"https:\/\/roveyayinevi.com.tr\/index.php\/wp-json\/wp\/v2\/product_cat?post=757495"},{"taxonomy":"product_tag","embeddable":true,"href":"https:\/\/roveyayinevi.com.tr\/index.php\/wp-json\/wp\/v2\/product_tag?post=757495"}],"curies":[{"name":"wp","href":"https:\/\/api.w.org\/{rel}","templated":true}]}}