{"id":757494,"date":"2025-08-28T07:37:25","date_gmt":"2025-08-28T04:37:25","guid":{"rendered":"https:\/\/roveyayinevi.com.tr\/index.php\/urun\/ilham-perisi-tarotu\/"},"modified":"2026-04-16T03:10:41","modified_gmt":"2026-04-16T00:10:41","slug":"ilham-perisi-tarotu","status":"publish","type":"product","link":"https:\/\/roveyayinevi.com.tr\/index.php\/urun\/ilham-perisi-tarotu\/","title":{"rendered":"\u0130lham Perisi Tarotu"},"content":{"rendered":"<p>78 Kartl\u0131k Deste ve Rehber Kitap.   S\u0130H\u0130R, KE\u015e\u0130F ve \u0130LHAM BEKLEY\u0130N!   Son derece eklektik bir ruha sahip olan \u0130lham Perisi Tarotu, \u00e7arp\u0131c\u0131 simgecili\u011fi ve g\u00fc\u00e7l\u00fc \u0130lham Perisi enerjisiyle ilham ve sihre giden yolunuzu ayd\u0131nlatacak. Duygular (Kupalar), \u0130lham (Asalar), Sesler (K\u0131l\u0131\u00e7lar) ve G\u00fcller (Paralar) olarak yeniden d\u00fczenlenmi\u015f olan bu deste sizlere yarat\u0131l\u0131\u015f\u0131n kayna\u011f\u0131ndan mesajlar iletiyor. Bu ayr\u0131nt\u0131l\u0131 rehber kitap, yarat\u0131c\u0131l\u0131\u011f\u0131n\u0131z\u0131n k\u0131v\u0131lc\u0131mlar\u0131n\u0131 ate\u015flerken okumalar\u0131n\u0131za i\u00e7g\u00f6r\u00fc kazand\u0131racak anahtar kelimeler, ipu\u00e7lar\u0131 ve \u015fiirler i\u00e7ermektedir. Siz de i\u00e7inizdeki ilham perisini ate\u015fleyin! <\/p>\n","protected":false},"excerpt":{"rendered":"<p>78 Kartl\u0131k Deste ve Rehber Kitap. S\u0130H\u0130R, KE\u015e\u0130F ve \u0130LHAM BEKLEY\u0130N! Son derece eklektik bir ruha sahip olan \u0130lham Perisi Tarotu, \u00e7arp\u0131c\u0131 simgecili\u011fi ve g\u00fc\u00e7l\u00fc \u0130lham<span class=\"excerpt-hellip\"> [\u2026]<\/span><\/p>\n","protected":false},"featured_media":0,"template":"","meta":{"_monsterinsights_skip_tracking":false,"_monsterinsights_sitenote_active":false,"_monsterinsights_sitenote_note":"","_monsterinsights_sitenote_category":0},"product_brand":[],"product_cat":[18082,15563],"product_tag":[],"class_list":{"0":"post-757494","1":"product","2":"type-product","3":"status-publish","5":"product_cat-astroloji-fal-ruya","6":"product_cat-hobi","7":"pa_cilt-ciltsiz","8":"pa_tur-kitap","9":"pa_yayinevi-butik-yayinlari","10":"pa_yazar-chris-anne","12":"first","13":"instock","14":"sale","15":"shipping-taxable","16":"purchasable","17":"product-type-simple"},"_links":{"self":[{"href":"https:\/\/roveyayinevi.com.tr\/index.php\/wp-json\/wp\/v2\/product\/757494","targetHints":{"allow":["GET"]}}],"collection":[{"href":"https:\/\/roveyayinevi.com.tr\/index.php\/wp-json\/wp\/v2\/product"}],"about":[{"href":"https:\/\/roveyayinevi.com.tr\/index.php\/wp-json\/wp\/v2\/types\/product"}],"wp:attachment":[{"href":"https:\/\/roveyayinevi.com.tr\/index.php\/wp-json\/wp\/v2\/media?parent=757494"}],"wp:term":[{"taxonomy":"product_brand","embeddable":true,"href":"https:\/\/roveyayinevi.com.tr\/index.php\/wp-json\/wp\/v2\/product_brand?post=757494"},{"taxonomy":"product_cat","embeddable":true,"href":"https:\/\/roveyayinevi.com.tr\/index.php\/wp-json\/wp\/v2\/product_cat?post=757494"},{"taxonomy":"product_tag","embeddable":true,"href":"https:\/\/roveyayinevi.com.tr\/index.php\/wp-json\/wp\/v2\/product_tag?post=757494"}],"curies":[{"name":"wp","href":"https:\/\/api.w.org\/{rel}","templated":true}]}}