{"id":757487,"date":"2025-08-28T07:37:13","date_gmt":"2025-08-28T04:37:13","guid":{"rendered":"https:\/\/roveyayinevi.com.tr\/index.php\/urun\/kuresel-kapitalizm-ve-insanligin-krizi\/"},"modified":"2026-04-16T03:10:41","modified_gmt":"2026-04-16T00:10:41","slug":"kuresel-kapitalizm-ve-insanligin-krizi","status":"publish","type":"product","link":"https:\/\/roveyayinevi.com.tr\/index.php\/urun\/kuresel-kapitalizm-ve-insanligin-krizi\/","title":{"rendered":"K\u00fcresel Kapitalizm ve \u0130nsanl\u0131\u011f\u0131n Krizi"},"content":{"rendered":"<p>E\u015fitsizlikler g\u00fcn ge\u00e7tik\u00e7e artarken, insanlar da \u201cg\u00f6zden \u00e7\u0131kar\u0131labilir\u201d hale gelmeye ba\u015flad\u0131. Bug\u00fcnlerde h\u00fck\u00fcmetler, orant\u0131s\u0131z polis \u015fiddeti ile n\u00fcfusun bir k\u0131sm\u0131n\u0131 sistematik olarak toplumdan d\u0131\u015flamakta. William I. Robinson, bu kontrolden \u00e7\u0131km\u0131\u015f sistemin do\u011fas\u0131n\u0131 ve dinamiklerini ele al\u0131rken m\u00fccadele etmek i\u00e7in toplumsal bir hareket olu\u015fturman\u0131n gereklili\u011finin aciliyetini vurguluyor. K\u00fcresel polis devleti; toplu tutuklamalar, polis \u015fiddeti, ABD taraf\u0131ndan y\u00f6netilen sava\u015flar, g\u00f6\u00e7menlere ve m\u00fcltecilere zul\u00fcm ve \u00e7evre aktivistlerinin bask\u0131lanmas\u0131 gibi bir\u00e7ok kontrol y\u00f6ntemine ba\u015fvuruyor. Bu artan militarizasyona, g\u00f6zetime ve toplumdan \u201c\u00f6teki\u201d kavram\u0131n\u0131n temizlenmesine kar\u015f\u0131 \u00e7\u0131kmak \u00fczere toplumsal hareketler y\u00fckseli\u015fte. Ancak bunlar\u0131n bir\u00e7o\u011fu, sorunun kayna\u011f\u0131 olan k\u00fcresel kapitalizmi ele almak yerine sadece toplumsal adalet kavram\u0131na de\u011finmekle kal\u0131yor. Robinson, kapitalizmin ne denli bask\u0131lay\u0131c\u0131 bir sistem haline geldi\u011fini ortaya koyan dikkat \u00e7ekici verileri kullanarak; ortaya \u00e7\u0131kmakta olan megakentlerin, d\u0131\u015flananlar\u0131n ve ezilenlerin polis devletleriyle y\u00fczle\u015fti\u011fi bir sava\u015f alan\u0131 haline geldi\u011fini savunuyor. Karl Marx, fiziksel ihtiya\u00e7lar\u0131m\u0131z\u0131n kar\u015f\u0131land\u0131\u011f\u0131 ve insani ihtiya\u00e7lar\u0131m\u0131z\u0131n ise konu\u015fulabildi\u011fi bir d\u00fcnya hayal ediyordu. Bu ger\u00e7ek\u00e7i bir ihtimal ya da belki de g\u00f6zlerimizin \u00f6n\u00fcnde \u015fekillenen bir alternatif art\u0131k. William Robinson\u2019\u0131n da ortaya koydu\u011fu gibi: dar bir bak\u0131\u015f a\u00e7\u0131s\u0131yla y\u00f6netilen \u201cinsan y\u00f6n\u00fcnden bol\u201d kentimiz, kendi ba\u015f\u0131na hayatta kalmak \u00fczere terk edildi. Se\u00e7im bizlerin elinde. Bundan daha zorlay\u0131c\u0131 bir durum olamazd\u0131. <\/p>\n","protected":false},"excerpt":{"rendered":"<p>E\u015fitsizlikler g\u00fcn ge\u00e7tik\u00e7e artarken, insanlar da \u201cg\u00f6zden \u00e7\u0131kar\u0131labilir\u201d hale gelmeye ba\u015flad\u0131. Bug\u00fcnlerde h\u00fck\u00fcmetler, orant\u0131s\u0131z polis \u015fiddeti ile n\u00fcfusun bir k\u0131sm\u0131n\u0131 sistematik olarak toplumdan d\u0131\u015flamakta. William I.<span class=\"excerpt-hellip\"> [\u2026]<\/span><\/p>\n","protected":false},"featured_media":0,"template":"","meta":{"_monsterinsights_skip_tracking":false,"_monsterinsights_sitenote_active":false,"_monsterinsights_sitenote_note":"","_monsterinsights_sitenote_category":0},"product_brand":[],"product_cat":[13059,12337],"product_tag":[],"class_list":{"0":"post-757487","1":"product","2":"type-product","3":"status-publish","5":"product_cat-diger-politika-siyaset","6":"product_cat-politika-siyaset","7":"pa_cilt-ciltsiz","8":"pa_tur-kitap","9":"pa_yayinevi-ayrinti-yayinlari","10":"pa_yazar-william-i-robinson","12":"first","13":"instock","14":"sale","15":"shipping-taxable","16":"purchasable","17":"product-type-simple"},"_links":{"self":[{"href":"https:\/\/roveyayinevi.com.tr\/index.php\/wp-json\/wp\/v2\/product\/757487","targetHints":{"allow":["GET"]}}],"collection":[{"href":"https:\/\/roveyayinevi.com.tr\/index.php\/wp-json\/wp\/v2\/product"}],"about":[{"href":"https:\/\/roveyayinevi.com.tr\/index.php\/wp-json\/wp\/v2\/types\/product"}],"wp:attachment":[{"href":"https:\/\/roveyayinevi.com.tr\/index.php\/wp-json\/wp\/v2\/media?parent=757487"}],"wp:term":[{"taxonomy":"product_brand","embeddable":true,"href":"https:\/\/roveyayinevi.com.tr\/index.php\/wp-json\/wp\/v2\/product_brand?post=757487"},{"taxonomy":"product_cat","embeddable":true,"href":"https:\/\/roveyayinevi.com.tr\/index.php\/wp-json\/wp\/v2\/product_cat?post=757487"},{"taxonomy":"product_tag","embeddable":true,"href":"https:\/\/roveyayinevi.com.tr\/index.php\/wp-json\/wp\/v2\/product_tag?post=757487"}],"curies":[{"name":"wp","href":"https:\/\/api.w.org\/{rel}","templated":true}]}}