{"id":757485,"date":"2025-08-28T07:37:10","date_gmt":"2025-08-28T04:37:10","guid":{"rendered":"https:\/\/roveyayinevi.com.tr\/index.php\/urun\/edebiyat-ve-duello\/"},"modified":"2026-04-16T03:10:41","modified_gmt":"2026-04-16T00:10:41","slug":"edebiyat-ve-duello","status":"publish","type":"product","link":"https:\/\/roveyayinevi.com.tr\/index.php\/urun\/edebiyat-ve-duello\/","title":{"rendered":"Edebiyat ve D\u00fcello"},"content":{"rendered":"<p>bir despotun buna h\u00fckmedemeyece\u011fini kan\u0131tlama \u00e7abas\u0131d\u0131r. \u0130nsan onurunu korumaya y\u00f6nelik yasalar\u0131n bulunmad\u0131\u011f\u0131 o \u00e7a\u011flarda d\u00fcello, haysiyetli insanlar i\u00e7in kendisinin, ailesinin ve yak\u0131nlar\u0131n\u0131n onurunu korumada biricik yol say\u0131l\u0131rd\u0131&#8230;\u201d D\u00fcnya edebiyat\u0131nda d\u00fcello sahneleri bol miktarda temsil edilmektedir. \u00d6zellikle Rus yazarlar\u0131n eserlerinde, daha \u00e7ok 19. y\u00fczy\u0131lda ve 20. y\u00fczy\u0131l\u0131n ba\u015flar\u0131nda bu \u00f6rneklere olduk\u00e7a s\u0131k tan\u0131k oluyoruz. Bu d\u00f6nemde d\u00fcellolar\u0131n artt\u0131\u011f\u0131 g\u00f6zlenmektedir ve biz de kitab\u0131m\u0131zda daha \u00e7ok Rus yazarlar\u0131n d\u00fcello olaylar\u0131na kar\u0131\u015ft\u0131\u011f\u0131n\u0131, d\u00fcello sahnelerinin hemen hemen t\u00fcm b\u00fcy\u00fck yazarlar\u0131n eserlerinde yer ald\u0131\u011f\u0131n\u0131 g\u00f6stermeye \u00e7al\u0131\u015ft\u0131k. Bunlar\u0131n aras\u0131nda Yevgeniy Onegin, Y\u00fczba\u015f\u0131n\u0131n K\u0131z\u0131 (A. Pu\u015fkin), Zaman\u0131m\u0131z\u0131n Bir Kahraman\u0131 (M. Lermontov), Ecinniler (F. Dostoyevskiy), Babalar ve O\u011fullar (\u0130. Turgenev), Sava\u015f ve Bar\u0131\u015f (L. Tolstoy), D\u00fcello ve Ay\u0131 (A. \u00c7ehov) gibi eserler vard\u0131r. Dahas\u0131 var, bu b\u00fcy\u00fck yazarlar\u0131n \u00e7o\u011fu d\u00fcello olaylar\u0131na do\u011frudan m\u00fcdahil olmu\u015ftur. \u00d6rne\u011fin, Aleksandr Pu\u015fkin d\u00fcelloya 21 kez \u00e7\u0131km\u0131\u015f ve e\u015fi Natalya Gon\u00e7arova hakk\u0131nda sosyetede \u00e7\u0131kan dedikodulardan sonra kendisinin ve ailesinin itibar\u0131n\u0131 korumak amac\u0131yla yapt\u0131\u011f\u0131 d\u00fcelloda hayat\u0131n\u0131 kaybetmi\u015ftir. \u201cPu\u015fkin i\u00e7in d\u00fcello ve \u00f6l\u00fcm, trajediden daha \u00e7ok bir dram, tek bir oyuncu i\u00e7in oynanan bir tiyatroydu. Pu\u015fkin bu tiyatroda hem yazar, hem y\u00f6netmen hem de oyunun ba\u015f kahraman\u0131yd\u0131&#8230;\u201d <\/p>\n","protected":false},"excerpt":{"rendered":"<p>bir despotun buna h\u00fckmedemeyece\u011fini kan\u0131tlama \u00e7abas\u0131d\u0131r. \u0130nsan onurunu korumaya y\u00f6nelik yasalar\u0131n bulunmad\u0131\u011f\u0131 o \u00e7a\u011flarda d\u00fcello, haysiyetli insanlar i\u00e7in kendisinin, ailesinin ve yak\u0131nlar\u0131n\u0131n onurunu korumada biricik yol<span class=\"excerpt-hellip\"> [\u2026]<\/span><\/p>\n","protected":false},"featured_media":0,"template":"","meta":{"_monsterinsights_skip_tracking":false,"_monsterinsights_sitenote_active":false,"_monsterinsights_sitenote_note":"","_monsterinsights_sitenote_category":0},"product_brand":[],"product_cat":[13548,12408],"product_tag":[],"class_list":{"0":"post-757485","1":"product","2":"type-product","3":"status-publish","5":"product_cat-kuram","6":"product_cat-sanat","7":"pa_cilt-ciltsiz","8":"pa_tur-kitap","9":"pa_yayinevi-ayrinti-yayinlari","10":"pa_yazar-kansaubiy-miziev","12":"first","13":"instock","14":"sale","15":"shipping-taxable","16":"purchasable","17":"product-type-simple"},"_links":{"self":[{"href":"https:\/\/roveyayinevi.com.tr\/index.php\/wp-json\/wp\/v2\/product\/757485","targetHints":{"allow":["GET"]}}],"collection":[{"href":"https:\/\/roveyayinevi.com.tr\/index.php\/wp-json\/wp\/v2\/product"}],"about":[{"href":"https:\/\/roveyayinevi.com.tr\/index.php\/wp-json\/wp\/v2\/types\/product"}],"wp:attachment":[{"href":"https:\/\/roveyayinevi.com.tr\/index.php\/wp-json\/wp\/v2\/media?parent=757485"}],"wp:term":[{"taxonomy":"product_brand","embeddable":true,"href":"https:\/\/roveyayinevi.com.tr\/index.php\/wp-json\/wp\/v2\/product_brand?post=757485"},{"taxonomy":"product_cat","embeddable":true,"href":"https:\/\/roveyayinevi.com.tr\/index.php\/wp-json\/wp\/v2\/product_cat?post=757485"},{"taxonomy":"product_tag","embeddable":true,"href":"https:\/\/roveyayinevi.com.tr\/index.php\/wp-json\/wp\/v2\/product_tag?post=757485"}],"curies":[{"name":"wp","href":"https:\/\/api.w.org\/{rel}","templated":true}]}}