{"id":757482,"date":"2025-08-28T07:37:05","date_gmt":"2025-08-28T04:37:05","guid":{"rendered":"https:\/\/roveyayinevi.com.tr\/index.php\/urun\/eko-oykuler-onemsemeye-curet-edenlere\/"},"modified":"2026-04-16T03:10:41","modified_gmt":"2026-04-16T00:10:41","slug":"eko-oykuler-onemsemeye-curet-edenlere","status":"publish","type":"product","link":"https:\/\/roveyayinevi.com.tr\/index.php\/urun\/eko-oykuler-onemsemeye-curet-edenlere\/","title":{"rendered":"Eko \u00d6yk\u00fcler &#8211; \u00d6nemsemeye C\u00fcret Edenlere"},"content":{"rendered":"<p>\u201cBir kriz an\u0131nda davrand\u0131\u011f\u0131n\u0131z gibi davranman\u0131z\u0131 istiyorum. Eviniz yan\u0131yormu\u015f gibi davranman\u0131z\u0131 istiyorum. \u00c7\u00fcnk\u00fc durum bu.\u201d &#8211; Greta Thunberg, iklim aktivisti Eko \u00d6yk\u00fcler, \u00f6nemsemeye c\u00fcret eden ve bunun i\u00e7in herkese ilham olan 20 aktivistle tan\u0131\u015ft\u0131r\u0131yor bizleri. \u0130lk \u00e7evreciden, kendini g\u00fc\u00e7l\u00fc bir \u015fekilde ifade edebilen bir sonraki nesil \u00e7evrecilere kadar, gezegenimizin gelece\u011fi i\u00e7in m\u00fccadele eden bu isimler bizleri de c\u00fcret etmeye davet ediyor. \u00c7a\u011f\u0131m\u0131z\u0131n en \u00f6nemli sorununa kar\u015f\u0131 harekete ge\u00e7mek ve D\u00fcnya \u00fczerindeki ya\u015fam\u0131n gelece\u011fi i\u00e7in ad\u0131m atmaya ne dersin? <\/p>\n","protected":false},"excerpt":{"rendered":"<p>\u201cBir kriz an\u0131nda davrand\u0131\u011f\u0131n\u0131z gibi davranman\u0131z\u0131 istiyorum. Eviniz yan\u0131yormu\u015f gibi davranman\u0131z\u0131 istiyorum. \u00c7\u00fcnk\u00fc durum bu.\u201d &#8211; Greta Thunberg, iklim aktivisti Eko \u00d6yk\u00fcler, \u00f6nemsemeye c\u00fcret eden ve<span class=\"excerpt-hellip\"> [\u2026]<\/span><\/p>\n","protected":false},"featured_media":0,"template":"","meta":{"_monsterinsights_skip_tracking":false,"_monsterinsights_sitenote_active":false,"_monsterinsights_sitenote_note":"","_monsterinsights_sitenote_category":0},"product_brand":[],"product_cat":[12291,18202],"product_tag":[],"class_list":{"0":"post-757482","1":"product","2":"type-product","3":"status-publish","5":"product_cat-edebiyat","6":"product_cat-hikaye","7":"pa_cilt-ciltsiz","8":"pa_tur-kitap","9":"pa_yayinevi-dinozor-cocuk","10":"pa_yazar-ben-hubbard","12":"first","13":"instock","14":"sale","15":"shipping-taxable","16":"purchasable","17":"product-type-simple"},"_links":{"self":[{"href":"https:\/\/roveyayinevi.com.tr\/index.php\/wp-json\/wp\/v2\/product\/757482","targetHints":{"allow":["GET"]}}],"collection":[{"href":"https:\/\/roveyayinevi.com.tr\/index.php\/wp-json\/wp\/v2\/product"}],"about":[{"href":"https:\/\/roveyayinevi.com.tr\/index.php\/wp-json\/wp\/v2\/types\/product"}],"wp:attachment":[{"href":"https:\/\/roveyayinevi.com.tr\/index.php\/wp-json\/wp\/v2\/media?parent=757482"}],"wp:term":[{"taxonomy":"product_brand","embeddable":true,"href":"https:\/\/roveyayinevi.com.tr\/index.php\/wp-json\/wp\/v2\/product_brand?post=757482"},{"taxonomy":"product_cat","embeddable":true,"href":"https:\/\/roveyayinevi.com.tr\/index.php\/wp-json\/wp\/v2\/product_cat?post=757482"},{"taxonomy":"product_tag","embeddable":true,"href":"https:\/\/roveyayinevi.com.tr\/index.php\/wp-json\/wp\/v2\/product_tag?post=757482"}],"curies":[{"name":"wp","href":"https:\/\/api.w.org\/{rel}","templated":true}]}}