{"id":757481,"date":"2025-08-28T07:37:03","date_gmt":"2025-08-28T04:37:03","guid":{"rendered":"https:\/\/roveyayinevi.com.tr\/index.php\/urun\/kelebek-etkisi-2\/"},"modified":"2026-04-16T03:10:41","modified_gmt":"2026-04-16T00:10:41","slug":"kelebek-etkisi-2","status":"publish","type":"product","link":"https:\/\/roveyayinevi.com.tr\/index.php\/urun\/kelebek-etkisi-2\/","title":{"rendered":"Kelebek Etkisi"},"content":{"rendered":"<p>KARANLIK H\u0130\u00c7 BU KADAR I\u015eIK SA\u00c7MAMI\u015eTI.   \u0130nsanlar\u0131n gizemli ve kutsal buldu\u011fu mucizevi bir \u00e7i\u00e7ektir lotus. Yeniden do\u011fu\u015f gibi saft\u0131r. Ruhun y\u00fckseli\u015fi gibi g\u00fc\u00e7l\u00fc. \u00d6l\u00fcms\u00fczl\u00fc\u011f\u00fc simgeler, \u00f6zg\u00fcrl\u00fc\u011f\u00fc\u2026   \u00c7amur ve batakl\u0131kta yeti\u015fmesine ra\u011fmen hi\u00e7bir \u015fekilde bulundu\u011fu ortam\u0131n kirini kendi \u00fczerine yak\u0131\u015ft\u0131rmaz.    Elif gibi\u2026    Ba\u015f\u0131ndan ge\u00e7en ac\u0131 tecr\u00fcbenin ard\u0131ndan bir\u00e7ok kez \u00f6l\u00fcm\u00fcn yakas\u0131na yap\u0131\u015f\u0131p yalvaran Elif, son bir kez ya\u015famay\u0131 tercih eder. T\u00fcm ac\u0131lar\u0131na inat\u2026     Yeniden aya\u011fa kalkma zaman\u0131!    Fakat ona en b\u00fcy\u00fck \u00e7elmeyi ge\u00e7mi\u015finin ataca\u011f\u0131ndan habersizdir. D\u00fc\u015ft\u00fc\u011f\u00fc yerden kalkmay\u0131 \u00f6\u011frenmi\u015ftir. Fakat art\u0131k yaralar\u0131n\u0131 sarmak yerine kanatmay\u0131 tercih ediyordur.   Susmak yerine intikam\u0131\u2026.<\/p>\n","protected":false},"excerpt":{"rendered":"<p>KARANLIK H\u0130\u00c7 BU KADAR I\u015eIK SA\u00c7MAMI\u015eTI. \u0130nsanlar\u0131n gizemli ve kutsal buldu\u011fu mucizevi bir \u00e7i\u00e7ektir lotus. Yeniden do\u011fu\u015f gibi saft\u0131r. Ruhun y\u00fckseli\u015fi gibi g\u00fc\u00e7l\u00fc. \u00d6l\u00fcms\u00fczl\u00fc\u011f\u00fc simgeler, \u00f6zg\u00fcrl\u00fc\u011f\u00fc\u2026<span class=\"excerpt-hellip\"> [\u2026]<\/span><\/p>\n","protected":false},"featured_media":0,"template":"","meta":{"_monsterinsights_skip_tracking":false,"_monsterinsights_sitenote_active":false,"_monsterinsights_sitenote_note":"","_monsterinsights_sitenote_category":0},"product_brand":[],"product_cat":[12291,12711],"product_tag":[],"class_list":{"0":"post-757481","1":"product","2":"type-product","3":"status-publish","5":"product_cat-edebiyat","6":"product_cat-roman-oyku","7":"pa_cilt-ciltsiz","8":"pa_tur-kitap","9":"pa_yayinevi-parola-yayinlari","10":"pa_yazar-tugce-aksal-karaoglan","12":"first","13":"instock","14":"sale","15":"shipping-taxable","16":"purchasable","17":"product-type-simple"},"_links":{"self":[{"href":"https:\/\/roveyayinevi.com.tr\/index.php\/wp-json\/wp\/v2\/product\/757481","targetHints":{"allow":["GET"]}}],"collection":[{"href":"https:\/\/roveyayinevi.com.tr\/index.php\/wp-json\/wp\/v2\/product"}],"about":[{"href":"https:\/\/roveyayinevi.com.tr\/index.php\/wp-json\/wp\/v2\/types\/product"}],"wp:attachment":[{"href":"https:\/\/roveyayinevi.com.tr\/index.php\/wp-json\/wp\/v2\/media?parent=757481"}],"wp:term":[{"taxonomy":"product_brand","embeddable":true,"href":"https:\/\/roveyayinevi.com.tr\/index.php\/wp-json\/wp\/v2\/product_brand?post=757481"},{"taxonomy":"product_cat","embeddable":true,"href":"https:\/\/roveyayinevi.com.tr\/index.php\/wp-json\/wp\/v2\/product_cat?post=757481"},{"taxonomy":"product_tag","embeddable":true,"href":"https:\/\/roveyayinevi.com.tr\/index.php\/wp-json\/wp\/v2\/product_tag?post=757481"}],"curies":[{"name":"wp","href":"https:\/\/api.w.org\/{rel}","templated":true}]}}