{"id":757479,"date":"2025-08-28T07:36:59","date_gmt":"2025-08-28T04:36:59","guid":{"rendered":"https:\/\/roveyayinevi.com.tr\/index.php\/urun\/serife\/"},"modified":"2026-04-16T03:10:41","modified_gmt":"2026-04-16T00:10:41","slug":"serife","status":"publish","type":"product","link":"https:\/\/roveyayinevi.com.tr\/index.php\/urun\/serife\/","title":{"rendered":"\u015eerife"},"content":{"rendered":"<p>Kastamonu &#8211; \u0130nebolu sahilinden Ankara Polatl\u0131 cephesine kadar uzanan, 340 km&#8217;lik yol, Kurtulu\u015f Sava\u015f\u0131 boyunca cephanenin cepheye ula\u015ft\u0131r\u0131lmas\u0131nda kullan\u0131lan T\u00fcrk\u00fcn \u0130stiklal yoludur, Kurtulu\u015f yoludur. O g\u00fcnleri ya\u015fayan de\u011ferli tarih\u00e7imiz Enver Behnan \u015eAPOLYO, o yollar\u0131 \u015f\u00f6yle anlatmaktad\u0131r:&#8221;&#8230;ka\u011fn\u0131lar\u0131 \u0130nebolu&#8217;da \u0130kiz\u00e7ay mevkiinden al\u0131r, ak\u015fam\u00fczeri yola \u00e7\u0131kar, Ecevit&#8217;e do\u011fru yola koyulurdum. Geceleri hanlar\u0131n ah\u0131rlar\u0131ndaki g\u00fcbre y\u0131\u011f\u0131nlar\u0131n\u0131n i\u00e7inde yatard\u0131k. \u00c7\u00fcnk\u00fc g\u00fcbre s\u0131cak olurdu. Bana bir milli g\u00f6rev verilmi\u015fti. O da ka\u011fn\u0131 komutanl\u0131\u011f\u0131 idi.\u00dcnl\u00fc \u0130ngiliz tarih\u00e7i Lord Kinross Anadolu kad\u0131n\u0131n\u0131n kahramanl\u0131\u011f\u0131n\u0131 \u015f\u00f6yle anlatmaktad\u0131r:&#8221;&#8230;silah ve malzemeler saman y\u0131\u011f\u0131nlar\u0131 alt\u0131na yerle\u015ftirilerek, ka\u011fn\u0131larla ta\u015f\u0131n\u0131yordu, \u015ealvarl\u0131, cepkenli ve y\u00fcn dolakl\u0131 kad\u0131nlar ka\u011fn\u0131lar\u0131n\u0131 da\u011flardan ve tepelerden a\u015f\u0131rarak saatte be\u015f kilomet- relik bir h\u0131zla y\u00fczlerce kilometre uzaktaki cepheye do\u011fru yol al\u0131yorlard\u0131. Ka\u011fn\u0131lar S\u00fcmerler zaman\u0131ndaki gibi g\u0131c\u0131rt\u0131 sesleri \u00e7\u0131kartarak ilerliyordu. Kad\u0131nlar\u0131n \u00e7o\u011fu bebeklerini s\u0131rtlar\u0131na ba\u011flam\u0131\u015flar, top mermilerini ve cephane sand\u0131klar\u0131n\u0131 ka\u011fn\u0131larla ta\u015f\u0131yorlard\u0131&#8230;&#8221;Tarihe alt\u0131n harflerle yaz\u0131lan \u00fclke kad\u0131nlar\u0131ndan birisi Kartaca di\u011feri de T\u00fcrk kad\u0131n\u0131d\u0131r. Kartaca&#8217; li kad\u0131nlar gemilerine halat yapmalar\u0131 i\u00e7in askerlerine sa\u00e7lar\u0131n\u0131 vermi\u015flerdir. T\u00fcrk kad\u0131n\u0131 ise cephedeki askerine cephane yeti\u015ftirmek i\u00e7in can\u0131n\u0131n bir par\u00e7as\u0131 olan \u00e7ocu\u011funun \u00f6rt\u00fcs\u00fcn\u00fc, \u00e7ocu\u011funu ve can\u0131n\u0131 vermekten \u00e7ekinmemi\u015ftir.T\u00fcrkiye Cumhuriyeti var olduk\u00e7a bu \u00fclkenin H\u00e2lime \u00c7avu\u015flar\u0131, Kara Fatmalar\u0131, Nene Hatunlar\u0131, \u00c7ete Ay\u015feleri, \u015eerife Bac\u0131lar\u0131, \u00dcmmihan Nineleri, Yan\u0131\u011f\u0131n Emine ablalar\u0131 hi\u00e7 bitmez.\u00d6n\u00fcnde sayg\u0131 ile e\u011fildi\u011fimiz elleri \u00f6p\u00fclesi T\u00fcrk anas\u0131na, T\u00fcrk Ninesine Ne mutlu T\u00fcrk kad\u0131n\u0131na. <\/p>\n","protected":false},"excerpt":{"rendered":"<p>Kastamonu &#8211; \u0130nebolu sahilinden Ankara Polatl\u0131 cephesine kadar uzanan, 340 km&#8217;lik yol, Kurtulu\u015f Sava\u015f\u0131 boyunca cephanenin cepheye ula\u015ft\u0131r\u0131lmas\u0131nda kullan\u0131lan T\u00fcrk\u00fcn \u0130stiklal yoludur, Kurtulu\u015f yoludur. O g\u00fcnleri<span class=\"excerpt-hellip\"> [\u2026]<\/span><\/p>\n","protected":false},"featured_media":0,"template":"","meta":{"_monsterinsights_skip_tracking":false,"_monsterinsights_sitenote_active":false,"_monsterinsights_sitenote_note":"","_monsterinsights_sitenote_category":0},"product_brand":[],"product_cat":[12291,12745],"product_tag":[],"class_list":{"0":"post-757479","1":"product","2":"type-product","3":"status-publish","5":"product_cat-edebiyat","6":"product_cat-tarihi-roman","7":"pa_cilt-ciltsiz","8":"pa_tur-kitap","9":"pa_yayinevi-kitap-muptelasi-yayinlari","10":"pa_yazar-salih-gungor","12":"first","13":"instock","14":"sale","15":"shipping-taxable","16":"purchasable","17":"product-type-simple"},"_links":{"self":[{"href":"https:\/\/roveyayinevi.com.tr\/index.php\/wp-json\/wp\/v2\/product\/757479","targetHints":{"allow":["GET"]}}],"collection":[{"href":"https:\/\/roveyayinevi.com.tr\/index.php\/wp-json\/wp\/v2\/product"}],"about":[{"href":"https:\/\/roveyayinevi.com.tr\/index.php\/wp-json\/wp\/v2\/types\/product"}],"wp:attachment":[{"href":"https:\/\/roveyayinevi.com.tr\/index.php\/wp-json\/wp\/v2\/media?parent=757479"}],"wp:term":[{"taxonomy":"product_brand","embeddable":true,"href":"https:\/\/roveyayinevi.com.tr\/index.php\/wp-json\/wp\/v2\/product_brand?post=757479"},{"taxonomy":"product_cat","embeddable":true,"href":"https:\/\/roveyayinevi.com.tr\/index.php\/wp-json\/wp\/v2\/product_cat?post=757479"},{"taxonomy":"product_tag","embeddable":true,"href":"https:\/\/roveyayinevi.com.tr\/index.php\/wp-json\/wp\/v2\/product_tag?post=757479"}],"curies":[{"name":"wp","href":"https:\/\/api.w.org\/{rel}","templated":true}]}}