{"id":757475,"date":"2025-08-28T07:36:50","date_gmt":"2025-08-28T04:36:50","guid":{"rendered":"https:\/\/roveyayinevi.com.tr\/index.php\/urun\/efsane-maceralar\/"},"modified":"2026-04-16T03:10:41","modified_gmt":"2026-04-16T00:10:41","slug":"efsane-maceralar","status":"publish","type":"product","link":"https:\/\/roveyayinevi.com.tr\/index.php\/urun\/efsane-maceralar\/","title":{"rendered":"Efsane Maceralar"},"content":{"rendered":"<p>D\u00dcNYA\u2019NIN 12 MUHTE\u015eEM D\u00fcnya \u00e7ap\u0131nda bir maceraya haz\u0131r m\u0131s\u0131n? Seni al\u0131p Kuzey Kutbu\u2019ndan G\u00fcney Pasifik\u2019e, Silikon Vadisi\u2019nden Afrika Savanalar\u0131na ve daha nice yerlere g\u00f6t\u00fcrecek olan d\u00fcnyan\u0131n en b\u00fcy\u00fcleyici demiryollar\u0131nda bir tura ne dersin? Modern \u015fehirleri, antik tap\u0131naklar\u0131, vah\u015fi hayvanlar\u0131 ve lezzetli yemekleri ke\u015ffet. Y\u00fcksek k\u00f6pr\u00fclerden ge\u00e7 ve yerel halkla festivalleri kutla. T\u00fcm bunlara ve daha fazlas\u0131na trenler sayesinde tan\u0131kl\u0131k edebilirsin. \u00d6d\u00fcll\u00fc yazar Sam Sedgman\u2019in kaleminden \u00e7\u0131kan Efsane Maceralar, m\u00fchendislik harikalar\u0131 ve demiryollar\u0131n\u0131n uluslar\u0131n kaderini sonsuza dek nas\u0131l de\u011fi\u015ftirdi\u011fini ve tren yolculuklar\u0131n\u0131n hepimizi nas\u0131l birbirimize ba\u011flad\u0131\u011f\u0131n\u0131 ortaya seriyor. Haydi! Ge\u00e7 koltu\u011fa ve ke\u015ffedeceklerin i\u00e7in haz\u0131r ol. <\/p>\n","protected":false},"excerpt":{"rendered":"<p>D\u00dcNYA\u2019NIN 12 MUHTE\u015eEM D\u00fcnya \u00e7ap\u0131nda bir maceraya haz\u0131r m\u0131s\u0131n? Seni al\u0131p Kuzey Kutbu\u2019ndan G\u00fcney Pasifik\u2019e, Silikon Vadisi\u2019nden Afrika Savanalar\u0131na ve daha nice yerlere g\u00f6t\u00fcrecek olan d\u00fcnyan\u0131n<span class=\"excerpt-hellip\"> [\u2026]<\/span><\/p>\n","protected":false},"featured_media":0,"template":"","meta":{"_monsterinsights_skip_tracking":false,"_monsterinsights_sitenote_active":false,"_monsterinsights_sitenote_note":"","_monsterinsights_sitenote_category":0},"product_brand":[],"product_cat":[12274,12284],"product_tag":[],"class_list":{"0":"post-757475","1":"product","2":"type-product","3":"status-publish","5":"product_cat-cocuk-ve-genclik-kitaplari","6":"product_cat-hikayeler","7":"pa_cilt-ciltsiz","8":"pa_tur-kitap","9":"pa_yayinevi-dinozor-cocuk","10":"pa_yazar-sam-sedgman","12":"first","13":"instock","14":"sale","15":"shipping-taxable","16":"purchasable","17":"product-type-simple"},"_links":{"self":[{"href":"https:\/\/roveyayinevi.com.tr\/index.php\/wp-json\/wp\/v2\/product\/757475","targetHints":{"allow":["GET"]}}],"collection":[{"href":"https:\/\/roveyayinevi.com.tr\/index.php\/wp-json\/wp\/v2\/product"}],"about":[{"href":"https:\/\/roveyayinevi.com.tr\/index.php\/wp-json\/wp\/v2\/types\/product"}],"wp:attachment":[{"href":"https:\/\/roveyayinevi.com.tr\/index.php\/wp-json\/wp\/v2\/media?parent=757475"}],"wp:term":[{"taxonomy":"product_brand","embeddable":true,"href":"https:\/\/roveyayinevi.com.tr\/index.php\/wp-json\/wp\/v2\/product_brand?post=757475"},{"taxonomy":"product_cat","embeddable":true,"href":"https:\/\/roveyayinevi.com.tr\/index.php\/wp-json\/wp\/v2\/product_cat?post=757475"},{"taxonomy":"product_tag","embeddable":true,"href":"https:\/\/roveyayinevi.com.tr\/index.php\/wp-json\/wp\/v2\/product_tag?post=757475"}],"curies":[{"name":"wp","href":"https:\/\/api.w.org\/{rel}","templated":true}]}}