{"id":757467,"date":"2025-08-28T07:36:35","date_gmt":"2025-08-28T04:36:35","guid":{"rendered":"https:\/\/roveyayinevi.com.tr\/index.php\/urun\/george-orwell-3-kitap-set\/"},"modified":"2025-10-01T21:42:40","modified_gmt":"2025-10-01T18:42:40","slug":"george-orwell-3-kitap-set","status":"publish","type":"product","link":"https:\/\/roveyayinevi.com.tr\/index.php\/urun\/george-orwell-3-kitap-set\/","title":{"rendered":"George Orwell 3 Kitap Set"},"content":{"rendered":"<p>Hayvan \u00c7iftli\u011fi \u0130nsanlar\u0131n boyunduru\u011fu alt\u0131nda ya\u015famaktan s\u0131k\u0131lan domuzlar, kuvvetli ikna becerileriyle di\u011fer b\u00fct\u00fcn hayvanlar\u0131 k\u0131\u015fk\u0131rtarak A\u011fa \u00c7iftli\u011fi\u2019nde bir ayaklanmaya sebep olurlar. O g\u00fcnden itibaren hi\u00e7bir \u015fey eskisi gibi olmayacakt\u0131r. \u0130nsanlar \u00e7iftlikten kovulur; onlar\u0131 \u00e7a\u011fr\u0131\u015ft\u0131ran her \u015feyden uzakla\u015f\u0131l\u0131r. T\u00fcm hayvanlar, aralar\u0131nda e\u015fitli\u011fi ve yolda\u015fl\u0131\u011f\u0131 ama\u00e7layan, insanlar\u0131 ise d\u00fc\u015fman olarak g\u00f6ren Yedi Emir\u2019e g\u00f6re ya\u015famaya ba\u015flarlar. Ancak bu ilkelere uymaya devam edebilecekler midir?\u00c7iftli\u011fi idare etme konusunda fiziksel anlamda g\u00fc\u00e7l\u00fck \u00e7ekmeye ba\u015flayan hayvanlar, insan icad\u0131 birtak\u0131m aletlere ihtiya\u00e7 duymaya ba\u015flarlar. \u00c7iftli\u011fin y\u00f6netimi \u00fczerine kafa yorup duran domuzlar ise zihinsel olarak dinlenmek ve g\u00fc\u00e7lenmek i\u00e7in yine insan icad\u0131 birtak\u0131m ara\u00e7lar\u0131 kullanmak ve di\u011fer b\u00fct\u00fcn hayvanlardan daha fazla besin t\u00fcketmek zorunda kal\u0131rlar. Dahas\u0131 zaman i\u00e7inde baz\u0131 insani al\u0131\u015fkanl\u0131klar kazan\u0131rlar ve Yedi Emir de zamanla de\u011fi\u015fim ge\u00e7irerek nihayet bir\u00e7o\u011fumuzun akl\u0131na kaz\u0131nan o ilkeye indirgenir:T\u00fcm Hayvanlar E\u015fittir; Ancak Baz\u0131 Hayvanlar, Di\u011ferlerinden Daha E\u015fittir.George Orwell\u2019in ilk defa 1945 y\u0131l\u0131nda yay\u0131mlanan, insan do\u011fas\u0131nda bulunan a\u00e7g\u00f6zl\u00fcl\u00fck ve bencillik gibi d\u00fcrt\u00fcleri masals\u0131 ve \u00e7arp\u0131c\u0131 bir dille derinlemesine i\u015fledi\u011fi siyasi hiciv roman\u0131 Hayvan \u00c7iftli\u011fi, yediden yetmi\u015fe herkesin okumas\u0131 gereken bir modern klasik.1984\u201cGe\u00e7mi\u015fi kontrol eden, gelece\u011fi kontrol eder. \u015eimdiki zaman\u0131 kontrol eden, ge\u00e7mi\u015fi kontrol eder,\u201d diyordu Partinin slogan\u0131.\u0130ster say\u0131klama an\u0131nda s\u00f6ylenen bir s\u00f6z ister bilin\u00e7li bir \u015fekilde dile getirilmi\u015f bir itiraz olsun, bast\u0131r\u0131lamayacak isyan yoktur. Tekd\u00fczelik, yaln\u0131zl\u0131k ve ko\u015fulsuz itaat \u00fczerine kurulu, t\u0131k\u0131r t\u0131k\u0131r i\u015fleyen bir d\u00fczen s\u00f6z konusudur Okyanusya\u2019da. M\u00fckemmel bir itaat arac\u0131 haline getirilen dil her \u015feyden \u00f6nce gelir; ge\u00e7mi\u015f de\u011fi\u015ftirilebilir, her hakikat, \u00fclkenin y\u00f6neticisi B\u00fcy\u00fck Birader\u2019in istedi\u011fi gibi \u015fekillenebilir. Ete kemi\u011fe b\u00fcr\u00fcnm\u00fc\u015f halini hi\u00e7 g\u00f6rmedi\u011finiz, sadece bir resimden ibaret olsa da her yerde kar\u015f\u0131n\u0131za \u00e7\u0131kan B\u00fcy\u00fck Birader her an sizi izlemektedir. Hakikat Bakanl\u0131\u011f\u0131n\u0131n Kay\u0131t Biriminde \u00e7al\u0131\u015fan Winston Smith, her t\u00fcrl\u00fc riski g\u00f6ze alarak hakikatin pe\u015finden gitmeye niyetlidir; ancak emin ad\u0131mlarla ilerledi\u011fini sand\u0131\u011f\u0131 bu yolda, ad\u0131mlar\u0131n\u0131n nelere mal olaca\u011f\u0131ndan habersizdir.George Orwell\u2019in dehas\u0131n\u0131n doruk noktas\u0131na ula\u015ft\u0131\u011f\u0131 Bin Dokuz Y\u00fcz Seksen D\u00f6rt, modern distopik romanlar\u0131n d\u00fcnya genelindeki en \u00f6nemli \u00f6rneklerinden olmakla birlikte, bu t\u00fcr i\u00e7in e\u015fsiz bir esin kayna\u011f\u0131 haline gelmi\u015ftir.Paris ve Londra\u2019da Be\u015f Paras\u0131z\u201cOnlar gibi olmak zorunda de\u011filsin. E\u011fitimliysen hayat\u0131n\u0131n sonuna kadar sokakta bile kalsan \u00f6nemli de\u011fil\u2026 \u0130nsan kararl\u0131 olduktan sonra zengin veya yoksul olmas\u0131 fark etmez, her hal\u00fck\u00e2rda ayn\u0131 hayat\u0131 ya\u015fayabilir. Kitaplar\u0131n ve fikirlerinle ya\u015famaya devam edebilirsin.\u201dBin Dokuz Y\u00fcz Seksen D\u00f6rt ve Hayvan \u00c7iftli\u011fi gibi distopik eserleriyle bilinen \u0130ngiliz yazar George Orwell\u2019in bu otobiyografik eseri, Paris ve Londra\u2019da be\u015f paras\u0131z bir halde hayatta kalma m\u00fccadelesini \u00e7arp\u0131c\u0131 bir bi\u00e7imde g\u00f6zler \u00f6n\u00fcne sermektedir.Orwell, bizi \u00f6ncelikle emek s\u00f6m\u00fcr\u00fcs\u00fc diyar\u0131 olarak tan\u0131mlad\u0131\u011f\u0131 Paris\u2019te, l\u00fcks Frans\u0131z otellerin ve restoranlar\u0131n en alt tabakas\u0131nda bir bula\u015f\u0131k\u00e7\u0131 veya plongeur olarak \u00e7al\u0131\u015f\u0131p k\u0131t kanaat ge\u00e7indi\u011fi d\u00f6neme g\u00f6t\u00fcr\u00fcyor. Tahtakurular\u0131yla dolu bir odada uyuman\u0131n g\u00fc\u00e7l\u00fcklerini hissettirirken, sonras\u0131nda i\u015f bulma amac\u0131yla okuru beraberinde Londra\u2019ya g\u00f6t\u00fcrerek zorlu ko\u015fullar alt\u0131nda idare edebilen berdu\u015flar\u0131n hayat\u0131na yak\u0131ndan tan\u0131kl\u0131k ediyor. Paris\u2019e g\u00f6re daha \u201ctela\u015fs\u0131z bir havas\u0131\u201d olan bu \u015fehirde, \u00e7e\u015fitli ko\u011fu\u015flarda insanl\u0131k d\u0131\u015f\u0131 ko\u015fullar alt\u0131nda  ya\u015famaya \u00e7al\u0131\u015fan, yerden sigara izmariti toplayarak t\u00fct\u00fcn elde eden berdu\u015flara hayret edecek, belki de sonunda anlat\u0131c\u0131n\u0131n \u00f6nerdi\u011fi gibi onlar hakk\u0131ndaki g\u00f6r\u00fc\u015flerinizi bile de\u011fi\u015ftireceksiniz. Paris ve Londra\u2019da Be\u015f Paras\u0131z; Orwell\u2019in yan\u0131nda \u00e7al\u0131\u015ft\u0131\u011f\u0131 garson ve a\u015f\u00e7\u0131lar, ne olursa olsun umudunu kaybetmeyen garson Boris, \u0130rlandal\u0131 berdu\u015f Paddy Jaques, kald\u0131r\u0131m ressam\u0131 Bozo ve daha bir\u00e7ok insan\u0131n umut ve \u015fanss\u0131zl\u0131klarla dolu hayat hik\u00e2yelerini yer yer d\u00fc\u015f\u00fcnd\u00fcr\u00fcc\u00fc yer yer e\u011flendirici bir dille anlatt\u0131\u011f\u0131, kendi deyimiyle bir \u201cgezginin g\u00fcncesi\u201d.<\/p>\n","protected":false},"excerpt":{"rendered":"<p>Hayvan \u00c7iftli\u011fi \u0130nsanlar\u0131n boyunduru\u011fu alt\u0131nda ya\u015famaktan s\u0131k\u0131lan domuzlar, kuvvetli ikna becerileriyle di\u011fer b\u00fct\u00fcn hayvanlar\u0131 k\u0131\u015fk\u0131rtarak A\u011fa \u00c7iftli\u011fi\u2019nde bir ayaklanmaya sebep olurlar. O g\u00fcnden itibaren hi\u00e7bir \u015fey<span class=\"excerpt-hellip\"> [\u2026]<\/span><\/p>\n","protected":false},"featured_media":0,"template":"","meta":{"_monsterinsights_skip_tracking":false,"_monsterinsights_sitenote_active":false,"_monsterinsights_sitenote_note":"","_monsterinsights_sitenote_category":0},"product_brand":[],"product_cat":[12291,12711],"product_tag":[],"class_list":{"0":"post-757467","1":"product","2":"type-product","3":"status-publish","5":"product_cat-edebiyat","6":"product_cat-roman-oyku","7":"pa_cilt-ciltsiz","8":"pa_tur-kitap","9":"pa_yayinevi-indigo-kitap","10":"pa_yazar-george-orwell","12":"first","13":"instock","14":"sale","15":"shipping-taxable","16":"purchasable","17":"product-type-simple"},"_links":{"self":[{"href":"https:\/\/roveyayinevi.com.tr\/index.php\/wp-json\/wp\/v2\/product\/757467","targetHints":{"allow":["GET"]}}],"collection":[{"href":"https:\/\/roveyayinevi.com.tr\/index.php\/wp-json\/wp\/v2\/product"}],"about":[{"href":"https:\/\/roveyayinevi.com.tr\/index.php\/wp-json\/wp\/v2\/types\/product"}],"wp:attachment":[{"href":"https:\/\/roveyayinevi.com.tr\/index.php\/wp-json\/wp\/v2\/media?parent=757467"}],"wp:term":[{"taxonomy":"product_brand","embeddable":true,"href":"https:\/\/roveyayinevi.com.tr\/index.php\/wp-json\/wp\/v2\/product_brand?post=757467"},{"taxonomy":"product_cat","embeddable":true,"href":"https:\/\/roveyayinevi.com.tr\/index.php\/wp-json\/wp\/v2\/product_cat?post=757467"},{"taxonomy":"product_tag","embeddable":true,"href":"https:\/\/roveyayinevi.com.tr\/index.php\/wp-json\/wp\/v2\/product_tag?post=757467"}],"curies":[{"name":"wp","href":"https:\/\/api.w.org\/{rel}","templated":true}]}}