{"id":757465,"date":"2025-08-28T07:36:31","date_gmt":"2025-08-28T04:36:31","guid":{"rendered":"https:\/\/roveyayinevi.com.tr\/index.php\/urun\/emare-maske\/"},"modified":"2026-04-16T03:10:41","modified_gmt":"2026-04-16T00:10:41","slug":"emare-maske","status":"publish","type":"product","link":"https:\/\/roveyayinevi.com.tr\/index.php\/urun\/emare-maske\/","title":{"rendered":"Emare &#8211; Maske"},"content":{"rendered":"<p>\u201cSa\u00e7lar\u0131n yand\u0131\u011f\u0131m ate\u015f, elmaslar\u0131n yolumun \u0131\u015f\u0131\u011f\u0131, ellerin korkular\u0131m, zihnin hapishanemdi.Ve kalbin\u2026 Senin kalbin, benim k\u0131yametimdi.\u201dKorel Erezli\u2019nin ortadan kaybolu\u015fu bir yandan Minel Karaer\u2019in kafas\u0131nda onlarca soru i\u015fareti b\u0131rak\u0131rken \u00f6te yandan bunal\u0131ma girmesine neden olur. Minel\u2019in aile kavram\u0131n\u0131 yeniden hayat\u0131na sokmaya \u00e7al\u0131\u015fmas\u0131 ise kalbinde b\u00fcy\u00fctt\u00fc\u011f\u00fc \u00f6zlemin asl\u0131nda aileye olmad\u0131\u011f\u0131n\u0131 ortaya \u00e7\u0131kar\u0131r.Ge\u00e7mi\u015f, \u015fimdi ve gelecek i\u00e7 i\u00e7e ge\u00e7meye ba\u015flad\u0131\u011f\u0131nda Korel Erezli\u2019nin d\u00f6n\u00fc\u015f\u00fc b\u00fcy\u00fck k\u0131yametleri de yan\u0131nda getirir. Prometheus cinayetlerine yeniden ba\u015flam\u0131\u015ft\u0131r. S\u0131rlar yava\u015f yava\u015f a\u00e7\u0131\u011fa \u00e7\u0131karken Minel Karaer de ge\u00e7mi\u015findeki as\u0131l kendisiyle y\u00fczle\u015fmeye ba\u015flar; cehennem azab\u0131na d\u00f6n\u00fc\u015fen y\u00fczle\u015fmeler, akl\u0131n\u0131n s\u0131n\u0131rlar\u0131n\u0131 zorlayan olaylar ve ger\u00e7ekler kald\u0131rabilece\u011finden daha a\u011f\u0131rd\u0131r.\u00c7\u00fcnk\u00fc hesapla\u015fma s\u0131ras\u0131 art\u0131k Prometheus\u2019tad\u0131r ve maskeler d\u00fc\u015fmeye ba\u015flar.Eli elimin \u00fczerine dokunmu\u015ftu, teni s\u0131cakt\u0131. \u201cBana dokundu\u011funda ya\u015fad\u0131\u011f\u0131m\u0131 hissediyorsun \u00e7\u00fcnk\u00fc s\u0131ca\u011f\u0131m, \u00c7illi. E\u011fer insanlar \u00f6ld\u00fc\u011f\u00fcnde so\u011fumas\u0131yd\u0131 geride kalanlar onlar\u0131n ya\u015fad\u0131\u011f\u0131na inan\u0131rd\u0131.\u201dUzun s\u00fcre d\u00fc\u015f\u00fcn\u00fcp, \u201cHakl\u0131s\u0131n,\u201d demi\u015ftim. \u201cAma bir konuda da haks\u0131zs\u0131n.\u201d\u201cHangi konuda?\u201d\u201cE\u011fer s\u0131cak ya\u015fatsayd\u0131, yananlar\u0131n \u00f6ld\u00fc\u011f\u00fcn\u00fc de hissetmezdik.\u201d\u201cHer \u015feyi yine unut ve yine iste, uslanmam, yine s\u00f6z veririm. Neden mi? \u00c7\u00fcnk\u00fc g\u00fcnd\u00fcz geceye sadece g\u00fcne\u015f batana kadar kar\u015f\u0131 \u00e7\u0131kabiliyor.\u201d\u201cBenim kalbim pusulam. Ben pusulam\u0131 k\u00fc\u00e7\u00fck bir k\u0131z i\u00e7in kaybettim ama yok etmedim. Fakat o bo\u015flu\u011fu iyilik ya da k\u00f6t\u00fcl\u00fck i\u00e7in yine k\u00fc\u00e7\u00fck bir k\u0131z u\u011fruna hep var edece\u011fim, s\u00f6z veriyorum.\u201d<\/p>\n","protected":false},"excerpt":{"rendered":"<p>\u201cSa\u00e7lar\u0131n yand\u0131\u011f\u0131m ate\u015f, elmaslar\u0131n yolumun \u0131\u015f\u0131\u011f\u0131, ellerin korkular\u0131m, zihnin hapishanemdi.Ve kalbin\u2026 Senin kalbin, benim k\u0131yametimdi.\u201dKorel Erezli\u2019nin ortadan kaybolu\u015fu bir yandan Minel Karaer\u2019in kafas\u0131nda onlarca soru i\u015fareti<span class=\"excerpt-hellip\"> [\u2026]<\/span><\/p>\n","protected":false},"featured_media":0,"template":"","meta":{"_monsterinsights_skip_tracking":false,"_monsterinsights_sitenote_active":false,"_monsterinsights_sitenote_note":"","_monsterinsights_sitenote_category":0},"product_brand":[],"product_cat":[12291,12711],"product_tag":[],"class_list":{"0":"post-757465","1":"product","2":"type-product","3":"status-publish","5":"product_cat-edebiyat","6":"product_cat-roman-oyku","7":"pa_cilt-ciltsiz","8":"pa_tur-kitap","9":"pa_yayinevi-indigo-kitap","10":"pa_yazar-asli-arslan","12":"first","13":"instock","14":"sale","15":"shipping-taxable","16":"purchasable","17":"product-type-simple"},"_links":{"self":[{"href":"https:\/\/roveyayinevi.com.tr\/index.php\/wp-json\/wp\/v2\/product\/757465","targetHints":{"allow":["GET"]}}],"collection":[{"href":"https:\/\/roveyayinevi.com.tr\/index.php\/wp-json\/wp\/v2\/product"}],"about":[{"href":"https:\/\/roveyayinevi.com.tr\/index.php\/wp-json\/wp\/v2\/types\/product"}],"wp:attachment":[{"href":"https:\/\/roveyayinevi.com.tr\/index.php\/wp-json\/wp\/v2\/media?parent=757465"}],"wp:term":[{"taxonomy":"product_brand","embeddable":true,"href":"https:\/\/roveyayinevi.com.tr\/index.php\/wp-json\/wp\/v2\/product_brand?post=757465"},{"taxonomy":"product_cat","embeddable":true,"href":"https:\/\/roveyayinevi.com.tr\/index.php\/wp-json\/wp\/v2\/product_cat?post=757465"},{"taxonomy":"product_tag","embeddable":true,"href":"https:\/\/roveyayinevi.com.tr\/index.php\/wp-json\/wp\/v2\/product_tag?post=757465"}],"curies":[{"name":"wp","href":"https:\/\/api.w.org\/{rel}","templated":true}]}}