{"id":757463,"date":"2025-08-28T07:36:27","date_gmt":"2025-08-28T04:36:27","guid":{"rendered":"https:\/\/roveyayinevi.com.tr\/index.php\/urun\/emare-pusula\/"},"modified":"2026-04-16T03:10:41","modified_gmt":"2026-04-16T00:10:41","slug":"emare-pusula","status":"publish","type":"product","link":"https:\/\/roveyayinevi.com.tr\/index.php\/urun\/emare-pusula\/","title":{"rendered":"Emare &#8211; Pusula"},"content":{"rendered":"<p>\u201cHer \u015feyi yine unut ve yine iste; uslanmam, yine s\u00f6z veririm. Neden mi? \u00c7\u00fcnk\u00fc g\u00fcnd\u00fcz geceye sadece g\u00fcne\u015f batana kadar kar\u015f\u0131 \u00e7\u0131kabiliyor.\u201dPrometheus\u2019un \u015fehirdeki cinayetleri artarken Minel Karaer ile Korel Erezli de ortak ge\u00e7mi\u015flerinde kaybolmaya ba\u015flarlar ve en b\u00fcy\u00fck d\u00fc\u015fmanlar\u0131n\u0131n Prometheus oldu\u011funu g\u00f6r\u00fcrler. Minel i\u00e7in en ac\u0131s\u0131, haf\u0131zas\u0131n\u0131 kaybetmesinin ard\u0131ndan Korel\u2019i yava\u015f yava\u015f hat\u0131rlamaya ba\u015flamas\u0131 ve bu esnada asl\u0131nda hi\u00e7bir \u015feyin d\u00fc\u015f\u00fcnd\u00fc\u011f\u00fc gibi olmad\u0131\u011f\u0131n\u0131 fark etmesidir. Korel ise iki duygunun ortas\u0131nda s\u0131k\u0131\u015f\u0131p kalm\u0131\u015ft\u0131r: merhamet ve intikam.Minel\u2019in bir karar vermesi gerekir; ya ge\u00e7mi\u015fini g\u00f6rmezlikten gelip yoluna devam edecek ya da ge\u00e7mi\u015fiyle y\u00fczle\u015fip ge\u00e7mi\u015fe ko\u015facakt\u0131r. Sava\u015fmay\u0131 bir kez kafas\u0131na koyan Minel, Korel\u2019in de yol g\u00f6stermesiyle Prometheus\u2019un pe\u015fine d\u00fc\u015fer fakat bu \u00f6l\u00fcm dans\u0131nda Prometheus\u2019un ona haz\u0131rlad\u0131\u011f\u0131 s\u00fcrpriz kimsenin tahmin edemeyece\u011fi t\u00fcrdendir.\u201cHer \u015feyi yine unut ve yine iste, uslanmam, yine s\u00f6z veririm. Neden mi? \u00c7\u00fcnk\u00fc g\u00fcnd\u00fcz geceye sadece g\u00fcne\u015f batana kadar kar\u015f\u0131 \u00e7\u0131kabiliyor.\u201d\u201cBenim kalbim pusulam. Ben pusulam\u0131 k\u00fc\u00e7\u00fck bir k\u0131z i\u00e7in kaybettim ama yok etmedim. Fakat o bo\u015flu\u011fu iyilik ya da k\u00f6t\u00fcl\u00fck i\u00e7in yine k\u00fc\u00e7\u00fck bir k\u0131z u\u011fruna hep var edece\u011fim, s\u00f6z veriyorum.\u201d<\/p>\n","protected":false},"excerpt":{"rendered":"<p>\u201cHer \u015feyi yine unut ve yine iste; uslanmam, yine s\u00f6z veririm. Neden mi? \u00c7\u00fcnk\u00fc g\u00fcnd\u00fcz geceye sadece g\u00fcne\u015f batana kadar kar\u015f\u0131 \u00e7\u0131kabiliyor.\u201dPrometheus\u2019un \u015fehirdeki cinayetleri artarken Minel<span class=\"excerpt-hellip\"> [\u2026]<\/span><\/p>\n","protected":false},"featured_media":0,"template":"","meta":{"_monsterinsights_skip_tracking":false,"_monsterinsights_sitenote_active":false,"_monsterinsights_sitenote_note":"","_monsterinsights_sitenote_category":0},"product_brand":[],"product_cat":[12291,12711],"product_tag":[],"class_list":{"0":"post-757463","1":"product","2":"type-product","3":"status-publish","5":"product_cat-edebiyat","6":"product_cat-roman-oyku","7":"pa_cilt-ciltsiz","8":"pa_tur-kitap","9":"pa_yayinevi-indigo-kitap","10":"pa_yazar-asli-arslan","12":"first","13":"instock","14":"sale","15":"shipping-taxable","16":"purchasable","17":"product-type-simple"},"_links":{"self":[{"href":"https:\/\/roveyayinevi.com.tr\/index.php\/wp-json\/wp\/v2\/product\/757463","targetHints":{"allow":["GET"]}}],"collection":[{"href":"https:\/\/roveyayinevi.com.tr\/index.php\/wp-json\/wp\/v2\/product"}],"about":[{"href":"https:\/\/roveyayinevi.com.tr\/index.php\/wp-json\/wp\/v2\/types\/product"}],"wp:attachment":[{"href":"https:\/\/roveyayinevi.com.tr\/index.php\/wp-json\/wp\/v2\/media?parent=757463"}],"wp:term":[{"taxonomy":"product_brand","embeddable":true,"href":"https:\/\/roveyayinevi.com.tr\/index.php\/wp-json\/wp\/v2\/product_brand?post=757463"},{"taxonomy":"product_cat","embeddable":true,"href":"https:\/\/roveyayinevi.com.tr\/index.php\/wp-json\/wp\/v2\/product_cat?post=757463"},{"taxonomy":"product_tag","embeddable":true,"href":"https:\/\/roveyayinevi.com.tr\/index.php\/wp-json\/wp\/v2\/product_tag?post=757463"}],"curies":[{"name":"wp","href":"https:\/\/api.w.org\/{rel}","templated":true}]}}