{"id":757461,"date":"2025-08-28T07:36:23","date_gmt":"2025-08-28T04:36:23","guid":{"rendered":"https:\/\/roveyayinevi.com.tr\/index.php\/urun\/emare-sarmasik\/"},"modified":"2026-04-16T03:10:41","modified_gmt":"2026-04-16T00:10:41","slug":"emare-sarmasik","status":"publish","type":"product","link":"https:\/\/roveyayinevi.com.tr\/index.php\/urun\/emare-sarmasik\/","title":{"rendered":"Emare &#8211; Sarma\u015f\u0131k"},"content":{"rendered":"<p>\u00c7ocuklu\u011fumuz tohumumuzdur, tohumumuza kim su verdiyse o \u015fekilde b\u00fcy\u00fcr ve yeti\u015firiz.Ge\u00e7mi\u015finin bir taraf\u0131 karanl\u0131k s\u0131rlar\u0131n g\u00f6lgesinde kalan ve hayat\u0131n\u0131n b\u00fcy\u00fck bir k\u0131sm\u0131n\u0131 hat\u0131rlamayan Minel Karaer, bir anla\u015fma sonucunda psikolojik rahats\u0131zl\u0131klara sahip bireylerin tedavi edilmek \u00fczere topland\u0131\u011f\u0131 Anektod Merkezine gitmeye ba\u015flar.\u0130\u00e7inden bir ses Anektod Merkezinin ona yard\u0131m eli uzatmak yerine kendisini daha fazla karanl\u0131\u011fa s\u00fcr\u00fckleyece\u011fini s\u00f6ylese de o sesi g\u00f6z ard\u0131 eder ancak hislerinde hakl\u0131 oldu\u011fu, Korel Erezli\u2019nin Anektod Merkezine d\u00f6nd\u00fc\u011f\u00fc g\u00fcn ortaya \u00e7\u0131kar.V\u00fccudunun b\u00fcy\u00fck bir k\u0131sm\u0131 izlerle ve d\u00f6vmelerle \u00f6rt\u00fcl\u00fc olan Korel Erezli, sadece v\u00fccudunda de\u011fil kalbinde ve zihninde de b\u00fcy\u00fck s\u0131rlar saklar.Minel, Korel\u2019le ilk kar\u015f\u0131la\u015ft\u0131\u011f\u0131 an kendisini kocaman bir labirentin i\u00e7inde hisseder; bu labirentte a\u015fk, tutku, \u015fefkat, merhamet, \u00f6fke ve nefret vard\u0131r. Minel\u2019in ge\u00e7mi\u015fiyle sava\u015f\u0131 ba\u015flarken, yeniden ortaya \u00e7\u0131kan \u015fehrin seri katili Prometheus da cinayetleriyle tekrar ad\u0131ndan s\u00f6z ettirir.Prometheus, Minel Karaer\u2019in pe\u015findedir ve as\u0131l s\u0131r tam olarak burada sakl\u0131d\u0131r.\u201cKorel Erezli senin ka\u00e7\u0131\u015flar\u0131n,\u201d dedi kendinden emin bir tav\u0131rla.\u201cKorel Erezli senin s\u0131rlar\u0131n, Korel Erezli senin ge\u00e7mi\u015fin, Korel Erezli senin varl\u0131\u011f\u0131n.\u201d<\/p>\n","protected":false},"excerpt":{"rendered":"<p>\u00c7ocuklu\u011fumuz tohumumuzdur, tohumumuza kim su verdiyse o \u015fekilde b\u00fcy\u00fcr ve yeti\u015firiz.Ge\u00e7mi\u015finin bir taraf\u0131 karanl\u0131k s\u0131rlar\u0131n g\u00f6lgesinde kalan ve hayat\u0131n\u0131n b\u00fcy\u00fck bir k\u0131sm\u0131n\u0131 hat\u0131rlamayan Minel Karaer, bir<span class=\"excerpt-hellip\"> [\u2026]<\/span><\/p>\n","protected":false},"featured_media":0,"template":"","meta":{"_monsterinsights_skip_tracking":false,"_monsterinsights_sitenote_active":false,"_monsterinsights_sitenote_note":"","_monsterinsights_sitenote_category":0},"product_brand":[],"product_cat":[12291,12711],"product_tag":[],"class_list":{"0":"post-757461","1":"product","2":"type-product","3":"status-publish","5":"product_cat-edebiyat","6":"product_cat-roman-oyku","7":"pa_cilt-ciltsiz","8":"pa_tur-kitap","9":"pa_yayinevi-indigo-kitap","10":"pa_yazar-asli-arslan","12":"first","13":"instock","14":"sale","15":"shipping-taxable","16":"purchasable","17":"product-type-simple"},"_links":{"self":[{"href":"https:\/\/roveyayinevi.com.tr\/index.php\/wp-json\/wp\/v2\/product\/757461","targetHints":{"allow":["GET"]}}],"collection":[{"href":"https:\/\/roveyayinevi.com.tr\/index.php\/wp-json\/wp\/v2\/product"}],"about":[{"href":"https:\/\/roveyayinevi.com.tr\/index.php\/wp-json\/wp\/v2\/types\/product"}],"wp:attachment":[{"href":"https:\/\/roveyayinevi.com.tr\/index.php\/wp-json\/wp\/v2\/media?parent=757461"}],"wp:term":[{"taxonomy":"product_brand","embeddable":true,"href":"https:\/\/roveyayinevi.com.tr\/index.php\/wp-json\/wp\/v2\/product_brand?post=757461"},{"taxonomy":"product_cat","embeddable":true,"href":"https:\/\/roveyayinevi.com.tr\/index.php\/wp-json\/wp\/v2\/product_cat?post=757461"},{"taxonomy":"product_tag","embeddable":true,"href":"https:\/\/roveyayinevi.com.tr\/index.php\/wp-json\/wp\/v2\/product_tag?post=757461"}],"curies":[{"name":"wp","href":"https:\/\/api.w.org\/{rel}","templated":true}]}}