{"id":757459,"date":"2025-08-28T07:36:19","date_gmt":"2025-08-28T04:36:19","guid":{"rendered":"https:\/\/roveyayinevi.com.tr\/index.php\/urun\/karanligin-sehri-2\/"},"modified":"2026-04-16T03:10:41","modified_gmt":"2026-04-16T00:10:41","slug":"karanligin-sehri-2","status":"publish","type":"product","link":"https:\/\/roveyayinevi.com.tr\/index.php\/urun\/karanligin-sehri-2\/","title":{"rendered":"Karanl\u0131\u011f\u0131n \u015eehri 2"},"content":{"rendered":"<p>Karanl\u0131\u011f\u0131n \u015fehri o gece bir \u0131\u015f\u0131\u011f\u0131 misafir etti.Bu \u0131\u015f\u0131k g\u00f6ky\u00fcz\u00fcne de\u011fil, efsunlu bir kad\u0131na aitti\u2026Kitab\u0131 bulmak i\u00e7in Alkandros topraklar\u0131na giren Efsan, Alkandros Kral\u0131 Karan Alkan\u2019dan kurtulmaya \u00e7al\u0131\u015f\u0131rken ummad\u0131\u011f\u0131 bir durumla kar\u015f\u0131la\u015f\u0131r ve s\u0131radan bir insan oldu\u011funa dair inanc\u0131 i\u00e7inde uyuyan efsane g\u00fc\u00e7le k\u0131r\u0131l\u0131r. S\u0131rlar ve as\u0131l ger\u00e7eklerle denge ta\u015flar\u0131 yeniden dizilirken Efsan ruhunu ve benli\u011fini az\u0131l\u0131 bir \u00e7at\u0131\u015fman\u0131n i\u00e7inde bulur. T\u00fcm bu kimlik ve aidiyet aray\u0131\u015flar\u0131 ortas\u0131nda Efsan\u2019la Alaz\u2019\u0131n aras\u0131nda filizlenen a\u015fk\u0131n, ya\u015fanan her zorlu\u011fa g\u00f6\u011f\u00fcs gerebilecekleri kadar g\u00fc\u00e7l\u00fc olup olmad\u0131\u011f\u0131 ise yine verecekleri ac\u0131 dolu bir m\u00fccadeleye ba\u011fl\u0131d\u0131r.Her \u015feye ra\u011fmen Efsan\u2019\u0131 korumak i\u00e7in ona bir s\u00f6z veren Alaz \u015eahzade sadece fiziksel de\u011fil, psikolojik olarak da b\u00fcy\u00fck bir sava\u015f verir. Krall\u0131klar kar\u015f\u0131 kar\u015f\u0131ya gelirken Alaz, hayat\u0131n\u0131 k\u00f6klerinden sarsacak bir se\u00e7im yapmak zorunda kal\u0131r ve bu se\u00e7im, bir isyan\u0131n fitilini ate\u015flemek \u00fczeredir.\u201c\u00d6lmeni istemiyorum Efsun,\u201d dedi benim gibi sessizce. Sesi g\u00fcven doluydu. \u201cSeni \u00f6ld\u00fcrmelerini istemiyorum,\u201d diye ekledi. \u201cBenimle olman\u0131 ve seni kurtarmay\u0131 istiyorum.\u201d<\/p>\n","protected":false},"excerpt":{"rendered":"<p>Karanl\u0131\u011f\u0131n \u015fehri o gece bir \u0131\u015f\u0131\u011f\u0131 misafir etti.Bu \u0131\u015f\u0131k g\u00f6ky\u00fcz\u00fcne de\u011fil, efsunlu bir kad\u0131na aitti\u2026Kitab\u0131 bulmak i\u00e7in Alkandros topraklar\u0131na giren Efsan, Alkandros Kral\u0131 Karan Alkan\u2019dan kurtulmaya<span class=\"excerpt-hellip\"> [\u2026]<\/span><\/p>\n","protected":false},"featured_media":0,"template":"","meta":{"_monsterinsights_skip_tracking":false,"_monsterinsights_sitenote_active":false,"_monsterinsights_sitenote_note":"","_monsterinsights_sitenote_category":0},"product_brand":[],"product_cat":[12291,12711],"product_tag":[],"class_list":{"0":"post-757459","1":"product","2":"type-product","3":"status-publish","5":"product_cat-edebiyat","6":"product_cat-roman-oyku","7":"pa_cilt-ciltsiz","8":"pa_tur-kitap","9":"pa_yayinevi-indigo-kitap","10":"pa_yazar-sule-avlamaz","12":"first","13":"instock","14":"sale","15":"shipping-taxable","16":"purchasable","17":"product-type-simple"},"_links":{"self":[{"href":"https:\/\/roveyayinevi.com.tr\/index.php\/wp-json\/wp\/v2\/product\/757459","targetHints":{"allow":["GET"]}}],"collection":[{"href":"https:\/\/roveyayinevi.com.tr\/index.php\/wp-json\/wp\/v2\/product"}],"about":[{"href":"https:\/\/roveyayinevi.com.tr\/index.php\/wp-json\/wp\/v2\/types\/product"}],"wp:attachment":[{"href":"https:\/\/roveyayinevi.com.tr\/index.php\/wp-json\/wp\/v2\/media?parent=757459"}],"wp:term":[{"taxonomy":"product_brand","embeddable":true,"href":"https:\/\/roveyayinevi.com.tr\/index.php\/wp-json\/wp\/v2\/product_brand?post=757459"},{"taxonomy":"product_cat","embeddable":true,"href":"https:\/\/roveyayinevi.com.tr\/index.php\/wp-json\/wp\/v2\/product_cat?post=757459"},{"taxonomy":"product_tag","embeddable":true,"href":"https:\/\/roveyayinevi.com.tr\/index.php\/wp-json\/wp\/v2\/product_tag?post=757459"}],"curies":[{"name":"wp","href":"https:\/\/api.w.org\/{rel}","templated":true}]}}