{"id":757456,"date":"2025-08-28T07:36:14","date_gmt":"2025-08-28T04:36:14","guid":{"rendered":"https:\/\/roveyayinevi.com.tr\/index.php\/urun\/erken-cocuklukta-yaraticiliga-genel-bakis\/"},"modified":"2026-04-16T03:10:40","modified_gmt":"2026-04-16T00:10:40","slug":"erken-cocuklukta-yaraticiliga-genel-bakis","status":"publish","type":"product","link":"https:\/\/roveyayinevi.com.tr\/index.php\/urun\/erken-cocuklukta-yaraticiliga-genel-bakis\/","title":{"rendered":"Erken \u00c7ocuklukta Yarat\u0131c\u0131l\u0131\u011fa Genel Bak\u0131\u015f"},"content":{"rendered":"<p>Bu kitap yarat\u0131c\u0131l\u0131\u011f\u0131 daha yak\u0131ndan tan\u0131mak, yarat\u0131c\u0131l\u0131\u011fa farkl\u0131 bak\u0131\u015flar sunmak i\u00e7in tasarlanm\u0131\u015ft\u0131r. Yarat\u0131c\u0131l\u0131k sadece birka\u00e7 tan\u0131nm\u0131\u015f, toplum taraf\u0131ndan \u00f6nemli addedilmi\u015f, se\u00e7kin olarak konumland\u0131r\u0131lan ki\u015filerin ayr\u0131cal\u0131\u011f\u0131 de\u011fildir. Yarat\u0131c\u0131l\u0131k her bireyin i\u00e7inde bulundurdu\u011fu potansiyeli ortaya \u00e7\u0131kartt\u0131\u011f\u0131, \u00f6zg\u00fcr bir ruhla serbest b\u0131rakabildi\u011fi bir s\u00fcre\u00e7tir. Hangi meslek grubunda olursan\u0131z olun; bir ressam, bir m\u00fczisyen, bir m\u00fchendis, bir doktor, bir \u00f6\u011fretmen, bir \u00f6\u011frenci yarat\u0131c\u0131l\u0131\u011f\u0131n\u0131z\u0131 ke\u015ffedebilir, g\u00fc\u00e7lendirebilirsiniz.   Bu kitap, erken \u00e7ocukluk y\u0131llar\u0131ndan ba\u015flayarak ve hedef kitle olarak ki\u015filerin yarat\u0131c\u0131l\u0131klar\u0131 \u00fczerinde etki sahibi olabilecek t\u00fcm bireyleri i\u00e7ine alacak \u015fekilde, yarat\u0131c\u0131l\u0131k kavramlar\u0131na \u00e7ok y\u00f6nl\u00fc bir bak\u0131\u015f olu\u015fturabilmek amac\u0131yla kaleme al\u0131nm\u0131\u015ft\u0131r.<\/p>\n","protected":false},"excerpt":{"rendered":"<p>Bu kitap yarat\u0131c\u0131l\u0131\u011f\u0131 daha yak\u0131ndan tan\u0131mak, yarat\u0131c\u0131l\u0131\u011fa farkl\u0131 bak\u0131\u015flar sunmak i\u00e7in tasarlanm\u0131\u015ft\u0131r. Yarat\u0131c\u0131l\u0131k sadece birka\u00e7 tan\u0131nm\u0131\u015f, toplum taraf\u0131ndan \u00f6nemli addedilmi\u015f, se\u00e7kin olarak konumland\u0131r\u0131lan ki\u015filerin ayr\u0131cal\u0131\u011f\u0131 de\u011fildir.<span class=\"excerpt-hellip\"> [\u2026]<\/span><\/p>\n","protected":false},"featured_media":0,"template":"","meta":{"_monsterinsights_skip_tracking":false,"_monsterinsights_sitenote_active":false,"_monsterinsights_sitenote_note":"","_monsterinsights_sitenote_category":0},"product_brand":[],"product_cat":[12573,12566],"product_tag":[],"class_list":{"0":"post-757456","1":"product","2":"type-product","3":"status-publish","5":"product_cat-akademik-kitaplar","6":"product_cat-egitim","7":"pa_cilt-ciltsiz","8":"pa_tur-kitap","9":"pa_yayinevi-egiten-kitap","10":"pa_yazar-kolektif","12":"first","13":"instock","14":"sale","15":"shipping-taxable","16":"purchasable","17":"product-type-simple"},"_links":{"self":[{"href":"https:\/\/roveyayinevi.com.tr\/index.php\/wp-json\/wp\/v2\/product\/757456","targetHints":{"allow":["GET"]}}],"collection":[{"href":"https:\/\/roveyayinevi.com.tr\/index.php\/wp-json\/wp\/v2\/product"}],"about":[{"href":"https:\/\/roveyayinevi.com.tr\/index.php\/wp-json\/wp\/v2\/types\/product"}],"wp:attachment":[{"href":"https:\/\/roveyayinevi.com.tr\/index.php\/wp-json\/wp\/v2\/media?parent=757456"}],"wp:term":[{"taxonomy":"product_brand","embeddable":true,"href":"https:\/\/roveyayinevi.com.tr\/index.php\/wp-json\/wp\/v2\/product_brand?post=757456"},{"taxonomy":"product_cat","embeddable":true,"href":"https:\/\/roveyayinevi.com.tr\/index.php\/wp-json\/wp\/v2\/product_cat?post=757456"},{"taxonomy":"product_tag","embeddable":true,"href":"https:\/\/roveyayinevi.com.tr\/index.php\/wp-json\/wp\/v2\/product_tag?post=757456"}],"curies":[{"name":"wp","href":"https:\/\/api.w.org\/{rel}","templated":true}]}}