{"id":757454,"date":"2025-08-28T07:36:11","date_gmt":"2025-08-28T04:36:11","guid":{"rendered":"https:\/\/roveyayinevi.com.tr\/index.php\/urun\/edgar-the-crow\/"},"modified":"2026-03-12T03:19:48","modified_gmt":"2026-03-12T00:19:48","slug":"edgar-the-crow","status":"publish","type":"product","link":"https:\/\/roveyayinevi.com.tr\/index.php\/urun\/edgar-the-crow\/","title":{"rendered":"Edgar The Crow"},"content":{"rendered":"<p>\u201cKarga Edgar\u201d It is wonderful to see that moment with my binocular through my window.   \u201cPenceremden d\u00fcrb\u00fcn\u00fcmle bu an\u0131 g\u00f6rmek \u00e7ok harika.\u201d Okul \u00f6ncesi ve ilk\u00f6\u011fretimin ilk s\u0131n\u0131flar\u0131 i\u00e7in haz\u0131rlanm\u0131\u015f \u0130ngilizce hikaye kitab\u0131. <\/p>\n","protected":false},"excerpt":{"rendered":"<p>\u201cKarga Edgar\u201d It is wonderful to see that moment with my binocular through my window. \u201cPenceremden d\u00fcrb\u00fcn\u00fcmle bu an\u0131 g\u00f6rmek \u00e7ok harika.\u201d Okul \u00f6ncesi ve ilk\u00f6\u011fretimin<span class=\"excerpt-hellip\"> [\u2026]<\/span><\/p>\n","protected":false},"featured_media":0,"template":"","meta":{"_monsterinsights_skip_tracking":false,"_monsterinsights_sitenote_active":false,"_monsterinsights_sitenote_note":"","_monsterinsights_sitenote_category":0},"product_brand":[],"product_cat":[12274,12284],"product_tag":[],"class_list":{"0":"post-757454","1":"product","2":"type-product","3":"status-publish","5":"product_cat-cocuk-ve-genclik-kitaplari","6":"product_cat-hikayeler","7":"pa_cilt-ciltsiz","8":"pa_tur-kitap","9":"pa_yayinevi-kirmizi-cati-yayinlari","10":"pa_yazar-fahriye-sumer","12":"first","13":"instock","14":"sale","15":"shipping-taxable","16":"purchasable","17":"product-type-simple"},"_links":{"self":[{"href":"https:\/\/roveyayinevi.com.tr\/index.php\/wp-json\/wp\/v2\/product\/757454","targetHints":{"allow":["GET"]}}],"collection":[{"href":"https:\/\/roveyayinevi.com.tr\/index.php\/wp-json\/wp\/v2\/product"}],"about":[{"href":"https:\/\/roveyayinevi.com.tr\/index.php\/wp-json\/wp\/v2\/types\/product"}],"wp:attachment":[{"href":"https:\/\/roveyayinevi.com.tr\/index.php\/wp-json\/wp\/v2\/media?parent=757454"}],"wp:term":[{"taxonomy":"product_brand","embeddable":true,"href":"https:\/\/roveyayinevi.com.tr\/index.php\/wp-json\/wp\/v2\/product_brand?post=757454"},{"taxonomy":"product_cat","embeddable":true,"href":"https:\/\/roveyayinevi.com.tr\/index.php\/wp-json\/wp\/v2\/product_cat?post=757454"},{"taxonomy":"product_tag","embeddable":true,"href":"https:\/\/roveyayinevi.com.tr\/index.php\/wp-json\/wp\/v2\/product_tag?post=757454"}],"curies":[{"name":"wp","href":"https:\/\/api.w.org\/{rel}","templated":true}]}}