{"id":757451,"date":"2025-08-28T07:36:07","date_gmt":"2025-08-28T04:36:07","guid":{"rendered":"https:\/\/roveyayinevi.com.tr\/index.php\/urun\/alaaddinin-sihirli-lambasi-6\/"},"modified":"2026-04-16T03:10:40","modified_gmt":"2026-04-16T00:10:40","slug":"alaaddinin-sihirli-lambasi-6","status":"publish","type":"product","link":"https:\/\/roveyayinevi.com.tr\/index.php\/urun\/alaaddinin-sihirli-lambasi-6\/","title":{"rendered":"Alaaddin\u2019in Sihirli Lambas\u0131"},"content":{"rendered":"<p>Y\u00fczy\u0131llar boyunca dilden dile aktar\u0131larak bug\u00fcne gelen masallar, \u00e7ocuklar\u0131n ahlaki ve duygusal geli\u015fimine katk\u0131da bulunan de\u011ferli dersler i\u00e7erir. Kahramanlar\u0131n maceralar\u0131, zorluklar\u0131n \u00fcstesinden gelme, do\u011frulu\u011fun ve kararl\u0131l\u0131\u011f\u0131n \u00f6nemi gibi temalar\u0131 i\u015fler. Bu kitap serimizde gen\u00e7 okurlar\u0131, iyi ve k\u00f6t\u00fc, do\u011fru ve yanl\u0131\u015f aras\u0131ndaki fark\u0131 anlamaya ve kendi i\u00e7 d\u00fcnyalar\u0131n\u0131 ke\u015ffetmeye te\u015fvik eden klasik masallar\u0131 bulacaks\u0131n\u0131z.Bu masallar sadece \u00e7ocuklar i\u00e7in de\u011fil, ayn\u0131 zamanda ebeveynler ve e\u011fitimciler i\u00e7in de zengin bir kaynak sunuyor. Her hikaye, \u00e7ocuklar\u0131n d\u00fc\u015f\u00fcnme ve empati kurma yeteneklerini geli\u015ftiren \u00f6\u011fretici unsurlar i\u00e7ermekte. \u0130ll\u00fcstrasyonlarla zenginle\u015ftirilmi\u015f olan kitaplar\u0131m\u0131z, \u00e7ocuklar\u0131n g\u00f6rsel alg\u0131lar\u0131n\u0131 geli\u015ftirmelerine yard\u0131mc\u0131 olurken onlara keyifli okuma saatleri sunacak. <\/p>\n","protected":false},"excerpt":{"rendered":"<p>Y\u00fczy\u0131llar boyunca dilden dile aktar\u0131larak bug\u00fcne gelen masallar, \u00e7ocuklar\u0131n ahlaki ve duygusal geli\u015fimine katk\u0131da bulunan de\u011ferli dersler i\u00e7erir. Kahramanlar\u0131n maceralar\u0131, zorluklar\u0131n \u00fcstesinden gelme, do\u011frulu\u011fun ve kararl\u0131l\u0131\u011f\u0131n<span class=\"excerpt-hellip\"> [\u2026]<\/span><\/p>\n","protected":false},"featured_media":0,"template":"","meta":{"_monsterinsights_skip_tracking":false,"_monsterinsights_sitenote_active":false,"_monsterinsights_sitenote_note":"","_monsterinsights_sitenote_category":0},"product_brand":[],"product_cat":[12274,12523],"product_tag":[],"class_list":{"0":"post-757451","1":"product","2":"type-product","3":"status-publish","5":"product_cat-cocuk-ve-genclik-kitaplari","6":"product_cat-masallar","7":"pa_cilt-ciltsiz","8":"pa_tur-kitap","9":"pa_yayinevi-fark-yayinlari","10":"pa_yazar-kolektif","12":"first","13":"instock","14":"sale","15":"shipping-taxable","16":"purchasable","17":"product-type-simple"},"_links":{"self":[{"href":"https:\/\/roveyayinevi.com.tr\/index.php\/wp-json\/wp\/v2\/product\/757451","targetHints":{"allow":["GET"]}}],"collection":[{"href":"https:\/\/roveyayinevi.com.tr\/index.php\/wp-json\/wp\/v2\/product"}],"about":[{"href":"https:\/\/roveyayinevi.com.tr\/index.php\/wp-json\/wp\/v2\/types\/product"}],"wp:attachment":[{"href":"https:\/\/roveyayinevi.com.tr\/index.php\/wp-json\/wp\/v2\/media?parent=757451"}],"wp:term":[{"taxonomy":"product_brand","embeddable":true,"href":"https:\/\/roveyayinevi.com.tr\/index.php\/wp-json\/wp\/v2\/product_brand?post=757451"},{"taxonomy":"product_cat","embeddable":true,"href":"https:\/\/roveyayinevi.com.tr\/index.php\/wp-json\/wp\/v2\/product_cat?post=757451"},{"taxonomy":"product_tag","embeddable":true,"href":"https:\/\/roveyayinevi.com.tr\/index.php\/wp-json\/wp\/v2\/product_tag?post=757451"}],"curies":[{"name":"wp","href":"https:\/\/api.w.org\/{rel}","templated":true}]}}