{"id":757448,"date":"2025-08-28T07:36:02","date_gmt":"2025-08-28T04:36:02","guid":{"rendered":"https:\/\/roveyayinevi.com.tr\/index.php\/urun\/asik-tarzi-geleneksel-hikayeler\/"},"modified":"2026-04-16T03:10:40","modified_gmt":"2026-04-16T00:10:40","slug":"asik-tarzi-geleneksel-hikayeler","status":"publish","type":"product","link":"https:\/\/roveyayinevi.com.tr\/index.php\/urun\/asik-tarzi-geleneksel-hikayeler\/","title":{"rendered":"A\u015f\u0131k Tarz\u0131 Geleneksel Hikayeler"},"content":{"rendered":"<p>\u00c2\u015f\u0131k \u0130srafil\u2019in Hik\u00e2ye Tasnif Etmesi 2011 y\u0131l\u0131nda Ardahan \u00dcniversitesinde g\u00f6reve ba\u015flad\u0131\u011f\u0131m\u0131zda b\u00f6lgemizde daha \u00f6nceden de tan\u0131d\u0131\u011f\u0131m\u0131z \u00e2\u015f\u0131klarla ili\u015fkilerimizi canland\u0131rmaya gayret g\u00f6sterdik. \u00c2\u015f\u0131k \u015eenlik kolundan gelen \u00c7\u0131ld\u0131rl\u0131 \u00e2\u015f\u0131klardan \u00c2\u015f\u0131k Memet Oktay (Erkani), \u00c2\u015f\u0131k Dursun Durda\u011f\u0131 (Burhani) ve \u00c2\u015f\u0131k \u0130srafil Uzunkaya (Seyyat\u00ee) ile de bu ba\u011flamda ileti\u015fime girdik. \u00c2\u015f\u0131k Memet Oktay\u2019\u0131n kendi tasnifi bir hik\u00e2yesi vard\u0131. \u00c2\u015f\u0131k Dursun Durda\u011f\u0131\u2019n\u0131n ise \u00c2\u015f\u0131k Y\u0131lmaz \u015eenliko\u011flu ile tart\u0131\u015fmal\u0131 bir hik\u00e2yesi vard\u0131. \u00c2\u015f\u0131k \u0130srafil Uzunkaya\u2019n\u0131n ise tamamlanmam\u0131\u015f bir hik\u00e2ye tasnifi vard\u0131. \u00c2\u015f\u0131k \u0130srafil Uzunkaya\u2019n\u0131n \u015fiir okumas\u0131 olduk\u00e7a etkili ve fakat saz ile t\u00fcrk\u00fc s\u00f6ylemesinde sesi itibariyle pek ho\u015f kar\u015f\u0131lanacak bir durumu yoktu. Bu nedenle taraf\u0131m\u0131zca d\u00fczenlenen etkinliklerde ona t\u00fcrk\u00fc de\u011fil \u015fiir s\u00f6ylemesi yolunda telkinlerde bulunuyorduk. Hayal d\u00fcnyas\u0131n\u0131n zenginli\u011fine de vak\u0131f olmu\u015ftuk. Bu arada \u00e2\u015f\u0131kl\u0131k gelene\u011fi, t\u00fcr ve \u015fekil bilgisi, T\u00fcrk d\u00fcnyas\u0131 co\u011frafyalar\u0131 ile ilgili anlatt\u0131klar\u0131m\u0131z\u0131 da ilgi ile dinledi\u011fini de fark ettik. B\u00fct\u00fcn bu sebepler ona hik\u00e2ye tasnif etmesi yolunda telkinlerimize sebep oldu. \u015eiirleri i\u00e7erisinde \u015fathiye ve satran\u00e7 denemeleri de bu tan\u0131\u015f\u0131kl\u0131k ve sohbetlerden sonra ortaya \u00e7\u0131kmaya ba\u015flam\u0131\u015ft\u0131. \u00c2\u015f\u0131kl\u0131k gelene\u011finde hik\u00e2ye tasniflerinin neredeyse bitme noktas\u0131na geldi\u011fini saha \u00e7al\u0131\u015fanlar\u0131n\u0131n bildi\u011fi gibi Ardahan \u00dcniversitesi kurucu rekt\u00f6r\u00fc Prof. Dr. Ramazan Korkmaz da fark\u0131nda idi. Kurucu rekt\u00f6r\u00fcm\u00fcz bizden \u00e2\u015f\u0131k tarz\u0131 hik\u00e2ye tasnifi ve hik\u00e2ye anlat\u0131m\u0131 ile ilgili bir canland\u0131rma \u00e7al\u0131\u015fmas\u0131 yapmam\u0131z\u0131, bir proje haz\u0131rlamam\u0131z\u0131 istemi\u015fti. Biz de \u00f6d\u00fcll\u00fc olarak bir hik\u00e2ye tasnif etme ve anlatma ile ilgili bir proje haz\u0131rlam\u0131\u015ft\u0131k ve fakat bunu hayata ge\u00e7irememi\u015ftik. Ancak \u00c2\u015f\u0131k \u0130srafil\u2019i de hik\u00e2ye tasnif etmesi noktas\u0131nda baz\u0131 \u00f6neriler vermi\u015f ve konular\u0131 ile de bilgi aktar\u0131m\u0131nda bulunmu\u015ftuk. Bunlardan \u00c2\u015f\u0131k \u015eenlik\u2019in k\u0131z\u0131 G\u00fclenaz Han\u0131m\u2019\u0131n mezar ta\u015f\u0131n\u0131 kurucu rekt\u00f6r\u00fcm\u00fcz Ramazan Korkmaz yapt\u0131rm\u0131\u015f ve \u00c2\u015f\u0131k \u0130srafil\u2019den G\u00fclenaz Han\u0131m\u2019\u0131n hik\u00e2yesini yapmas\u0131n\u0131 istemi\u015fti. Biz ise ona Erdo\u011fan ile Almag\u00fcl, Kanl\u0131 Be\u015fik, G\u00fcl\u015fah ile Ali\u015fan gibi hik\u00e2yelerin konusunu vermi\u015ftik. H\u00fclasa \u015fimdiye kadar 11 hik\u00e2ye tasnif edebildi ve dolay\u0131s\u0131yla Kuzeydo\u011fu Anadolu\u2019da \u00c2\u015f\u0131k Mehmet \u00dclker (Ozani \/ Hicrani) ve \u00c2\u015f\u0131k Mevl\u00fct \u015eafak (\u0130hsani)\u2019den sonra en fazla hik\u00e2ye \u00fcreten \u00e2\u015f\u0131klar saf\u0131na girdi. \u00c2\u015f\u0131k \u0130srafil Uzunkaya duydu\u011fu herhangi bir konuda \u015fiir yazabildi\u011fi gibi o olay\u0131 tahkiye etmeyi de ba\u015far\u0131yla ve dinleyicinin dikkatini \u00e7ekecek kadar yapabilmektedir.G\u00fcl\u015fah ile Ali\u015f hik\u00e2yesi kahraman\u0131n ailesi, kahraman\u0131n do\u011fumu vb gibi klasik ba\u015flang\u0131\u00e7 ile tasnif edilmemi\u015ftir. Di\u011fer hik\u00e2yelerde ba\u015flang\u0131\u00e7lar klasik usuldedir.Bu kitapta; G\u00fcl\u015fah ile Ali\u015f, Kars Ayaz, Karaba\u011f, Hasan Mirza ve Sara Han\u0131m, S\u00fcrg\u00fcn Ferhat ile G\u00fcl\u015fah Han\u0131m, Ah \u015eu Hudutlar Olmasa, Garip Bey ile G\u00fclnaz Han\u0131m, Erdo\u011fan ile Almag\u00fcl hik\u00e2yeleri bulunmaktad\u0131r.<\/p>\n","protected":false},"excerpt":{"rendered":"<p>\u00c2\u015f\u0131k \u0130srafil\u2019in Hik\u00e2ye Tasnif Etmesi 2011 y\u0131l\u0131nda Ardahan \u00dcniversitesinde g\u00f6reve ba\u015flad\u0131\u011f\u0131m\u0131zda b\u00f6lgemizde daha \u00f6nceden de tan\u0131d\u0131\u011f\u0131m\u0131z \u00e2\u015f\u0131klarla ili\u015fkilerimizi canland\u0131rmaya gayret g\u00f6sterdik. \u00c2\u015f\u0131k \u015eenlik kolundan gelen \u00c7\u0131ld\u0131rl\u0131<span class=\"excerpt-hellip\"> [\u2026]<\/span><\/p>\n","protected":false},"featured_media":0,"template":"","meta":{"_monsterinsights_skip_tracking":false,"_monsterinsights_sitenote_active":false,"_monsterinsights_sitenote_note":"","_monsterinsights_sitenote_category":0},"product_brand":[],"product_cat":[52477],"product_tag":[],"class_list":{"0":"post-757448","1":"product","2":"type-product","3":"status-publish","5":"product_cat-arastirma","6":"pa_cilt-ciltsiz","7":"pa_tur-kitap","8":"pa_yayinevi-kultur-ajans-yayinlari","9":"pa_yazar-erdogan-altinkaynak","11":"first","12":"instock","13":"sale","14":"shipping-taxable","15":"purchasable","16":"product-type-simple"},"_links":{"self":[{"href":"https:\/\/roveyayinevi.com.tr\/index.php\/wp-json\/wp\/v2\/product\/757448","targetHints":{"allow":["GET"]}}],"collection":[{"href":"https:\/\/roveyayinevi.com.tr\/index.php\/wp-json\/wp\/v2\/product"}],"about":[{"href":"https:\/\/roveyayinevi.com.tr\/index.php\/wp-json\/wp\/v2\/types\/product"}],"wp:attachment":[{"href":"https:\/\/roveyayinevi.com.tr\/index.php\/wp-json\/wp\/v2\/media?parent=757448"}],"wp:term":[{"taxonomy":"product_brand","embeddable":true,"href":"https:\/\/roveyayinevi.com.tr\/index.php\/wp-json\/wp\/v2\/product_brand?post=757448"},{"taxonomy":"product_cat","embeddable":true,"href":"https:\/\/roveyayinevi.com.tr\/index.php\/wp-json\/wp\/v2\/product_cat?post=757448"},{"taxonomy":"product_tag","embeddable":true,"href":"https:\/\/roveyayinevi.com.tr\/index.php\/wp-json\/wp\/v2\/product_tag?post=757448"}],"curies":[{"name":"wp","href":"https:\/\/api.w.org\/{rel}","templated":true}]}}