{"id":757447,"date":"2025-08-28T07:36:01","date_gmt":"2025-08-28T04:36:01","guid":{"rendered":"https:\/\/roveyayinevi.com.tr\/index.php\/urun\/ac-melek\/"},"modified":"2026-04-16T03:10:40","modified_gmt":"2026-04-16T00:10:40","slug":"ac-melek","status":"publish","type":"product","link":"https:\/\/roveyayinevi.com.tr\/index.php\/urun\/ac-melek\/","title":{"rendered":"A\u00e7 Melek"},"content":{"rendered":"<p>13. y\u00fczy\u0131lda Mo\u011fol sald\u0131r\u0131lar\u0131n\u0131n hedefindeki \u0130ran ve Anadolu kan i\u00e7indedir. Gezgin bir dervi\u015f olan \u015eems, manevi bir dost bulmak \u00fczere Anadolu\u2019ya gelir. Konya\u2019da Mevl\u00e2n\u00e2 ile kar\u015f\u0131la\u015fmas\u0131 her ikisinin de hayat\u0131 i\u00e7in can al\u0131c\u0131 bir and\u0131r\u2026 Mevl\u00e2n\u00e2 ile \u015eems\u2019in bir araya geli\u015fi ve daha sonraki ayr\u0131l\u0131klar\u0131 hakk\u0131nda \u00e7ok \u015fey yaz\u0131l\u0131p \u00e7izilmi\u015ftir. Bu kitapta ise \u015eems-i Tebr\u00eez\u00ee kendi a\u011fz\u0131ndan, kendi s\u00f6zleriyle konu\u015fuyor. Tasavvuf ve Mevl\u00e2n\u00e2 uzman\u0131 Nahal Tajadod, \u201cOndan \u00d6nce\u201d, \u201cOnunla\u201d, \u201cOndan Sonra\u201d adl\u0131 \u00fc\u00e7 ba\u015fl\u0131kta \u015eems\u2019in yola \u00e7\u0131k\u0131\u015f\u0131n\u0131, \u00f6nce \u0130bn\u00fc\u2019l-Arab\u00ee ile bulu\u015fmas\u0131n\u0131, sonra Mevl\u00e2n\u00e2 ile kar\u015f\u0131la\u015fmas\u0131n\u0131 ve ondan ayr\u0131lmas\u0131n\u0131, esas olarak \u015eems\u2019in Mak\u00e2l\u00e2t\u2019\u0131ndan yapt\u0131\u011f\u0131 se\u00e7ki \u00fczerinden bir anlat\u0131 olu\u015fturarak, \u0130bn Batt\u00fbta\u2019n\u0131n Seyahatname\u2019sinden \u015fehir tasvirleriyle, Mevl\u00e2n\u00e2\u2019n\u0131n D\u00eev\u00e2n-\u0131 Keb\u00eer\u2019inden \u015fiirler, yer yer Att\u00e2r\u2019\u0131n Mant\u0131ku\u2019t-Tayr\u2019\u0131ndan, Efl\u00e2k\u00ee\u2019nin Men\u00e2k\u0131b\u00fc\u2019l-\u00c2rif\u00een\u2019inden ve bir\u00e7ok birincil kaynaktan al\u0131nt\u0131larla zenginle\u015ftirerek hik\u00e2yeyi en hakiki ve en \u015fiirsel haliyle dile getiriyor. \u201cMevl\u00e2n\u00e2 benim a\u00e7l\u0131\u011f\u0131m\u0131 g\u00f6rd\u00fc. Onun s\u00f6z\u00fc melek g\u0131das\u0131d\u0131r ve e\u011fer konu\u015fmazsa, a\u00e7 melek der ki, ni\u00e7in susuyorsun b\u00f6yle?\u201d <\/p>\n","protected":false},"excerpt":{"rendered":"<p>13. y\u00fczy\u0131lda Mo\u011fol sald\u0131r\u0131lar\u0131n\u0131n hedefindeki \u0130ran ve Anadolu kan i\u00e7indedir. Gezgin bir dervi\u015f olan \u015eems, manevi bir dost bulmak \u00fczere Anadolu\u2019ya gelir. Konya\u2019da Mevl\u00e2n\u00e2 ile kar\u015f\u0131la\u015fmas\u0131<span class=\"excerpt-hellip\"> [\u2026]<\/span><\/p>\n","protected":false},"featured_media":0,"template":"","meta":{"_monsterinsights_skip_tracking":false,"_monsterinsights_sitenote_active":false,"_monsterinsights_sitenote_note":"","_monsterinsights_sitenote_category":0},"product_brand":[],"product_cat":[12291,18202],"product_tag":[],"class_list":{"0":"post-757447","1":"product","2":"type-product","3":"status-publish","5":"product_cat-edebiyat","6":"product_cat-hikaye","7":"pa_cilt-ciltsiz","8":"pa_tur-kitap","9":"pa_yayinevi-kirmizi-kedi-yayinevi","10":"pa_yazar-nahal-tajadod","12":"first","13":"instock","14":"sale","15":"shipping-taxable","16":"purchasable","17":"product-type-simple"},"_links":{"self":[{"href":"https:\/\/roveyayinevi.com.tr\/index.php\/wp-json\/wp\/v2\/product\/757447","targetHints":{"allow":["GET"]}}],"collection":[{"href":"https:\/\/roveyayinevi.com.tr\/index.php\/wp-json\/wp\/v2\/product"}],"about":[{"href":"https:\/\/roveyayinevi.com.tr\/index.php\/wp-json\/wp\/v2\/types\/product"}],"wp:attachment":[{"href":"https:\/\/roveyayinevi.com.tr\/index.php\/wp-json\/wp\/v2\/media?parent=757447"}],"wp:term":[{"taxonomy":"product_brand","embeddable":true,"href":"https:\/\/roveyayinevi.com.tr\/index.php\/wp-json\/wp\/v2\/product_brand?post=757447"},{"taxonomy":"product_cat","embeddable":true,"href":"https:\/\/roveyayinevi.com.tr\/index.php\/wp-json\/wp\/v2\/product_cat?post=757447"},{"taxonomy":"product_tag","embeddable":true,"href":"https:\/\/roveyayinevi.com.tr\/index.php\/wp-json\/wp\/v2\/product_tag?post=757447"}],"curies":[{"name":"wp","href":"https:\/\/api.w.org\/{rel}","templated":true}]}}