{"id":757446,"date":"2025-08-28T07:36:00","date_gmt":"2025-08-28T04:36:00","guid":{"rendered":"https:\/\/roveyayinevi.com.tr\/index.php\/urun\/sehir-sosyolojisi\/"},"modified":"2026-04-16T03:10:40","modified_gmt":"2026-04-16T00:10:40","slug":"sehir-sosyolojisi","status":"publish","type":"product","link":"https:\/\/roveyayinevi.com.tr\/index.php\/urun\/sehir-sosyolojisi\/","title":{"rendered":"\u015eehir Sosyolojisi"},"content":{"rendered":"<p>\u0130\u00e7inde ya\u015fad\u0131\u011f\u0131m\u0131z \u015fehir denen mek\u00e2n, sadece hareketlerimizin, eylemlerimizin cereyan etti\u011fi bir alan de\u011fildir. O, ayn\u0131 zamanda, Georg Simmel ve Louis Wirth\u2019ten bu yana \u00f6nemle vurguland\u0131\u011f\u0131 \u00fczere, ki\u015fili\u011fimize ve eylemlerimize \u015fekil veren bir aland\u0131r da. \u00c7evre sosyolojisi ve \u00e7evre psikolojisi alan\u0131nda yap\u0131lan ara\u015ft\u0131rmalar, mek\u00e2n\u0131n bizim \u00fczerimizdeki etkisini, ekolojik alan\u0131n psikolojik y\u00f6n\u00fcn\u00fcn ki\u015fili\u011fimize var\u0131ncaya kadar bizi nas\u0131l etkiledi\u011fini ve etkilemeye devam etti\u011fini; k\u00f6t\u00fc mek\u00e2n \u015fartlar\u0131n\u0131n bedensel ve ruhsal sa\u011fl\u0131k problemleri yaratmada ne derece \u00f6nemli bir rol oynad\u0131\u011f\u0131n\u0131 ortaya koymu\u015f bulunmaktad\u0131r. Elinizdeki kitap, bu s\u00fcreci tarihsel bir perspektif i\u00e7erisinde incelemenin yan\u0131nda b\u00fcy\u00fck \u015fehir ve insan sa\u011fl\u0131\u011f\u0131 konusunda \u00f6nemli baz\u0131 okuma par\u00e7alar\u0131 da sunmaktad\u0131r.   \u00c7evre kirlili\u011fi, trafik yo\u011funlu\u011fu, konut yetersizli\u011fi, gecekondula\u015fma, i\u015fsizlik, sosyal hizmetlerin halka ula\u015ft\u0131r\u0131lmas\u0131 konusunda kar\u015f\u0131la\u015f\u0131lan g\u00fc\u00e7l\u00fckler, bug\u00fcn \u015fehirlerin veya b\u00fcy\u00fck \u015fehirlerin kar\u015f\u0131 kar\u015f\u0131ya bulundu\u011fu hemen g\u00f6r\u00fclebilir yetersizliklerdir. Bunlar\u0131n yan\u0131nda, farkl\u0131 k\u00fclt\u00fcrlere mensup her \u00e7e\u015fit insan\u0131n bir arada ve s\u0131k\u0131\u015f\u0131k bir \u015fekilde ya\u015famas\u0131, sosyo-k\u00fclt\u00fcrel de\u011fer yozla\u015fmas\u0131na, su\u00e7lar\u0131n, intiharlar\u0131n, ruh ve beden sa\u011fl\u0131\u011f\u0131, aile \u00e7\u00f6z\u00fclmesi gibi problemlerin ve pek \u00e7ok su\u00e7 t\u00fcr\u00fcn\u00fcn ortaya \u00e7\u0131kmas\u0131na sebep olmaktad\u0131r. Bu durum, \u00e7ok yayg\u0131n bir \u015fekilde ortaya \u00e7\u0131kan \u015fehir ve \u015fehirle\u015fme problemlerini incelemeyi ama\u00e7layan \u015fehir sosyolojisini ve \u015fehir sosyal psikolojisini en kapsaml\u0131 bilimler haline getirmi\u015ftir.   Bu bak\u0131mdan elinizdeki kitap, \u015fehir teorisi problemlerinin bilinmesinde ve \u00e7\u00f6z\u00fcmlenmesinde yard\u0131mc\u0131 olacak temel yakla\u015f\u0131mlar\u0131 ele almak ve okurla payla\u015fmak amac\u0131yla haz\u0131rlanm\u0131\u015ft\u0131r. <\/p>\n","protected":false},"excerpt":{"rendered":"<p>\u0130\u00e7inde ya\u015fad\u0131\u011f\u0131m\u0131z \u015fehir denen mek\u00e2n, sadece hareketlerimizin, eylemlerimizin cereyan etti\u011fi bir alan de\u011fildir. O, ayn\u0131 zamanda, Georg Simmel ve Louis Wirth\u2019ten bu yana \u00f6nemle vurguland\u0131\u011f\u0131 \u00fczere,<span class=\"excerpt-hellip\"> [\u2026]<\/span><\/p>\n","protected":false},"featured_media":0,"template":"","meta":{"_monsterinsights_skip_tracking":false,"_monsterinsights_sitenote_active":false,"_monsterinsights_sitenote_note":"","_monsterinsights_sitenote_category":0},"product_brand":[],"product_cat":[12324],"product_tag":[],"class_list":{"0":"post-757446","1":"product","2":"type-product","3":"status-publish","5":"product_cat-sosyoloji","6":"pa_cilt-ciltsiz","7":"pa_tur-kitap","8":"pa_yayinevi-dogu-bati-yayinlari","9":"pa_yazar-ayda-yorukan","11":"first","12":"instock","13":"sale","14":"shipping-taxable","15":"purchasable","16":"product-type-simple"},"_links":{"self":[{"href":"https:\/\/roveyayinevi.com.tr\/index.php\/wp-json\/wp\/v2\/product\/757446","targetHints":{"allow":["GET"]}}],"collection":[{"href":"https:\/\/roveyayinevi.com.tr\/index.php\/wp-json\/wp\/v2\/product"}],"about":[{"href":"https:\/\/roveyayinevi.com.tr\/index.php\/wp-json\/wp\/v2\/types\/product"}],"wp:attachment":[{"href":"https:\/\/roveyayinevi.com.tr\/index.php\/wp-json\/wp\/v2\/media?parent=757446"}],"wp:term":[{"taxonomy":"product_brand","embeddable":true,"href":"https:\/\/roveyayinevi.com.tr\/index.php\/wp-json\/wp\/v2\/product_brand?post=757446"},{"taxonomy":"product_cat","embeddable":true,"href":"https:\/\/roveyayinevi.com.tr\/index.php\/wp-json\/wp\/v2\/product_cat?post=757446"},{"taxonomy":"product_tag","embeddable":true,"href":"https:\/\/roveyayinevi.com.tr\/index.php\/wp-json\/wp\/v2\/product_tag?post=757446"}],"curies":[{"name":"wp","href":"https:\/\/api.w.org\/{rel}","templated":true}]}}