{"id":757445,"date":"2025-08-28T07:35:59","date_gmt":"2025-08-28T04:35:59","guid":{"rendered":"https:\/\/roveyayinevi.com.tr\/index.php\/urun\/veri-nasil-olustu\/"},"modified":"2026-04-16T03:10:40","modified_gmt":"2026-04-16T00:10:40","slug":"veri-nasil-olustu","status":"publish","type":"product","link":"https:\/\/roveyayinevi.com.tr\/index.php\/urun\/veri-nasil-olustu\/","title":{"rendered":"Veri Nas\u0131l Olu\u015ftu ?"},"content":{"rendered":"<p>Verinind\u00fcnyam\u0131z \u00fczerindekietik, teknik ve politik etkisininkapsaml\u0131 bir tarihi.   U\u00e7u\u015flar\u0131 kontrol eden veya belgesiz ikamet edenleri saptayabilen y\u00fcz tan\u0131madan, kimin kredi kimin kefalet alaca\u011f\u0131na dair bilgi sunan otomatik karar verme sistemlerine kadar her birimiz veri temelli algoritmalar taraf\u0131ndan belirlenen bir d\u00fcnyada ya\u015f\u0131yoruz. Chris Wiggins ve Matthew L. Jones, bir ara\u00e7 ve silah olarak verinin etkisine \u0131\u015f\u0131k tutuyorlar. Verinin nas\u0131l olu\u015fturuldu\u011funu ve d\u00fczenlendi\u011fini, ayn\u0131 zamanda bu verilerle m\u00fccadele etmek i\u00e7in geli\u015ftirilen farkl\u0131 matematiksel tekniklerin halklar\u0131, fikirleri, toplumu, askeri operasyonlar\u0131 ve ekonomileri nas\u0131l \u015fekillendirdi\u011fini ara\u015ft\u0131r\u0131yorlar. Yeni teknik ve bilimsel imk\u00e2nlar nas\u0131l geli\u015ftirildi, bu ge\u00e7i\u015fleri kim destekledi ya da kim finanse etti? T\u00fcm bu sorulara yan\u0131t bulaca\u011f\u0131n\u0131z bu kitap, verinin gidi\u015fat\u0131n\u0131 anlayarak veriyi bir ama\u00e7 do\u011frultusunda, kolektif olarak se\u00e7ti\u011finiz sonuca nas\u0131l y\u00f6nlendirebilece\u011finiz konusunda size rehberlik edecek.   Teknoloji ne iyidir ne de k\u00f6t\u00fcd\u00fcr; tarafs\u0131z da de\u011fildir.\u2013Kranzberg\u2019in teknoloji kanunlar\u0131ndan ilki, 1986   <\/p>\n","protected":false},"excerpt":{"rendered":"<p>Verinind\u00fcnyam\u0131z \u00fczerindekietik, teknik ve politik etkisininkapsaml\u0131 bir tarihi. U\u00e7u\u015flar\u0131 kontrol eden veya belgesiz ikamet edenleri saptayabilen y\u00fcz tan\u0131madan, kimin kredi kimin kefalet alaca\u011f\u0131na dair bilgi sunan<span class=\"excerpt-hellip\"> [\u2026]<\/span><\/p>\n","protected":false},"featured_media":0,"template":"","meta":{"_monsterinsights_skip_tracking":false,"_monsterinsights_sitenote_active":false,"_monsterinsights_sitenote_note":"","_monsterinsights_sitenote_category":0},"product_brand":[],"product_cat":[13005],"product_tag":[],"class_list":{"0":"post-757445","1":"product","2":"type-product","3":"status-publish","5":"product_cat-bilim-muhendislik","6":"pa_cilt-ciltsiz","7":"pa_tur-kitap","8":"pa_yayinevi-serenad-yayinevi","9":"pa_yazar-chris-wiggins-matthew-l-jones","11":"first","12":"instock","13":"sale","14":"shipping-taxable","15":"purchasable","16":"product-type-simple"},"_links":{"self":[{"href":"https:\/\/roveyayinevi.com.tr\/index.php\/wp-json\/wp\/v2\/product\/757445","targetHints":{"allow":["GET"]}}],"collection":[{"href":"https:\/\/roveyayinevi.com.tr\/index.php\/wp-json\/wp\/v2\/product"}],"about":[{"href":"https:\/\/roveyayinevi.com.tr\/index.php\/wp-json\/wp\/v2\/types\/product"}],"wp:attachment":[{"href":"https:\/\/roveyayinevi.com.tr\/index.php\/wp-json\/wp\/v2\/media?parent=757445"}],"wp:term":[{"taxonomy":"product_brand","embeddable":true,"href":"https:\/\/roveyayinevi.com.tr\/index.php\/wp-json\/wp\/v2\/product_brand?post=757445"},{"taxonomy":"product_cat","embeddable":true,"href":"https:\/\/roveyayinevi.com.tr\/index.php\/wp-json\/wp\/v2\/product_cat?post=757445"},{"taxonomy":"product_tag","embeddable":true,"href":"https:\/\/roveyayinevi.com.tr\/index.php\/wp-json\/wp\/v2\/product_tag?post=757445"}],"curies":[{"name":"wp","href":"https:\/\/api.w.org\/{rel}","templated":true}]}}