{"id":757441,"date":"2025-08-28T07:35:52","date_gmt":"2025-08-28T04:35:52","guid":{"rendered":"https:\/\/roveyayinevi.com.tr\/index.php\/urun\/nasil-siradisi-olunur-insanlari-olaganustu-kilan-aliskanliklar\/"},"modified":"2026-04-13T03:17:30","modified_gmt":"2026-04-13T00:17:30","slug":"nasil-siradisi-olunur-insanlari-olaganustu-kilan-aliskanliklar","status":"publish","type":"product","link":"https:\/\/roveyayinevi.com.tr\/index.php\/urun\/nasil-siradisi-olunur-insanlari-olaganustu-kilan-aliskanliklar\/","title":{"rendered":"Nas\u0131l S\u0131rad\u0131\u015f\u0131 Olunur? &#8211; \u0130nsanlar\u0131 Ola\u011fan\u00fcst\u00fc K\u0131lan Al\u0131\u015fkanl\u0131klar"},"content":{"rendered":"<p>BU ALI\u015eKANLIKLAR S\u0130Z\u0130 SIRADI\u015eI B\u0130R\u0130 YAPACAK!   Yirmi y\u0131l \u00f6nce yazar Brendon Burchard, \u00fc\u00e7 soruyu yan\u0131tlamay\u0131 tak\u0131nt\u0131 haline getirdi:   \u2022 Neden baz\u0131 bireyler ve ekipler di\u011ferlerinden daha h\u0131zl\u0131 ba\u015far\u0131l\u0131 oluyor ve bu ba\u015far\u0131y\u0131 uzun vadede devam ettiriyor? \u2022 Neden baz\u0131 ba\u015far\u0131l\u0131 insanlar mutsuzken di\u011ferleri ba\u015far\u0131ya hen\u00fcz ula\u015famad\u0131\u011f\u0131 bu yolda her daim mutlu? \u2022 \u0130nsanlar\u0131 hen\u00fcz yolun ba\u015f\u0131nda en y\u00fcksek ba\u015far\u0131 seviyeleri i\u00e7in te\u015fvik eden nedir ve bu yolda ne t\u00fcr uygulamalar geli\u015fimlerine katk\u0131da bulunur?   Burchard, performans ko\u00e7u olarak ge\u00e7irdi\u011fi ba\u015far\u0131l\u0131 bir on y\u0131l\u0131n ve y\u00fcr\u00fctt\u00fc\u011f\u00fc \u00f6zg\u00fcn \u00e7al\u0131\u015fmalar\u0131n ard\u0131ndan, bu sorular\u0131n yan\u0131tlar\u0131n\u0131 bir araya getiriyor.   Hangi al\u0131\u015fkanl\u0131klar ya\u015f\u0131n\u0131z, kariyeriniz, g\u00fc\u00e7l\u00fc y\u00f6nleriniz veya ki\u015fili\u011finiz ne olursa olsun uzun vadeli ba\u015far\u0131 elde etmenize yard\u0131mc\u0131 olabilir? Her daim y\u00fcksek performans g\u00f6steren biri olmak i\u00e7in net, enerjik, cesur olmal\u0131 ve \u00fcretkenli\u011fi art\u0131rmal\u0131s\u0131n\u0131z: Peki bunu nas\u0131l ba\u015faracaks\u0131n\u0131z?   Burchard\u2019\u0131n alt\u0131n\u0131 \u00e7izdi\u011fi, edinilmesi gereken alt\u0131 al\u0131\u015fkanl\u0131\u011f\u0131n her birine \u015femalar, zihin egzersizleri ve hemen \u015fimdi uygulayabilece\u011finiz g\u00fcnl\u00fck hayat al\u0131\u015ft\u0131rmalar\u0131 e\u015flik ediyor. \u0130ster daha fazla i\u015f yapmak, ister daha iyi bir lider olmak, ister becerilerinizi daha h\u0131zl\u0131 geli\u015ftirmek ya da \u00f6zg\u00fcveninizi \u00f6nemli \u00f6l\u00e7\u00fcde art\u0131rmak isteyin; bu kitapta \u00e7izilen rota, bunlar\u0131 daha h\u0131zl\u0131 ba\u015farman\u0131za yard\u0131mc\u0131 olacak. <\/p>\n","protected":false},"excerpt":{"rendered":"<p>BU ALI\u015eKANLIKLAR S\u0130Z\u0130 SIRADI\u015eI B\u0130R\u0130 YAPACAK! Yirmi y\u0131l \u00f6nce yazar Brendon Burchard, \u00fc\u00e7 soruyu yan\u0131tlamay\u0131 tak\u0131nt\u0131 haline getirdi: \u2022 Neden baz\u0131 bireyler ve ekipler di\u011ferlerinden daha<span class=\"excerpt-hellip\"> [\u2026]<\/span><\/p>\n","protected":false},"featured_media":0,"template":"","meta":{"_monsterinsights_skip_tracking":false,"_monsterinsights_sitenote_active":false,"_monsterinsights_sitenote_note":"","_monsterinsights_sitenote_category":0},"product_brand":[],"product_cat":[12364,12376],"product_tag":[],"class_list":{"0":"post-757441","1":"product","2":"type-product","3":"status-publish","5":"product_cat-genel-konular","6":"product_cat-kisisel-gelisim","7":"pa_cilt-ciltsiz","8":"pa_tur-kitap","9":"pa_yayinevi-nova-kitap","10":"pa_yazar-brendon-burchard","12":"first","13":"instock","14":"sale","15":"shipping-taxable","16":"purchasable","17":"product-type-simple"},"_links":{"self":[{"href":"https:\/\/roveyayinevi.com.tr\/index.php\/wp-json\/wp\/v2\/product\/757441","targetHints":{"allow":["GET"]}}],"collection":[{"href":"https:\/\/roveyayinevi.com.tr\/index.php\/wp-json\/wp\/v2\/product"}],"about":[{"href":"https:\/\/roveyayinevi.com.tr\/index.php\/wp-json\/wp\/v2\/types\/product"}],"wp:attachment":[{"href":"https:\/\/roveyayinevi.com.tr\/index.php\/wp-json\/wp\/v2\/media?parent=757441"}],"wp:term":[{"taxonomy":"product_brand","embeddable":true,"href":"https:\/\/roveyayinevi.com.tr\/index.php\/wp-json\/wp\/v2\/product_brand?post=757441"},{"taxonomy":"product_cat","embeddable":true,"href":"https:\/\/roveyayinevi.com.tr\/index.php\/wp-json\/wp\/v2\/product_cat?post=757441"},{"taxonomy":"product_tag","embeddable":true,"href":"https:\/\/roveyayinevi.com.tr\/index.php\/wp-json\/wp\/v2\/product_tag?post=757441"}],"curies":[{"name":"wp","href":"https:\/\/api.w.org\/{rel}","templated":true}]}}