{"id":757439,"date":"2025-08-28T07:35:49","date_gmt":"2025-08-28T04:35:49","guid":{"rendered":"https:\/\/roveyayinevi.com.tr\/index.php\/urun\/kaderin-kirmizi-ipi\/"},"modified":"2026-04-16T03:10:40","modified_gmt":"2026-04-16T00:10:40","slug":"kaderin-kirmizi-ipi","status":"publish","type":"product","link":"https:\/\/roveyayinevi.com.tr\/index.php\/urun\/kaderin-kirmizi-ipi\/","title":{"rendered":"Kaderin K\u0131rm\u0131z\u0131 \u0130pi"},"content":{"rendered":"<p>K\u0131rm\u0131z\u0131 ip efsanesi, hayatlar\u0131m\u0131z\u0131n \u00f6nceden belirlendi\u011finin kan\u0131t\u0131d\u0131r. Her \u015feyi anlaman\u0131n da. \u00c7aprazlama olarak ya\u015fad\u0131\u011f\u0131m\u0131z hikayeler ve rastgele zaferler tesad\u00fcfi de\u011fil, do\u011fdu\u011fumuzda tak\u0131l\u0131 olan g\u00f6r\u00fcnmez k\u0131rm\u0131z\u0131 iplerin eseridir. O k\u0131rm\u0131z\u0131 ipler kocaman bir hal\u0131n\u0131n par\u00e7alar\u0131d\u0131r ve \u00f6lece\u011fimiz g\u00fcn bile \u00f6nceden tayin edilmi\u015ftir. Bu, antik \u00e7a\u011flardan kalma tuhaf bir inan\u0131\u015f gibi g\u00f6r\u00fcnse de hayat\u0131m\u0131zda olan her k\u00fc\u00e7\u00fck \u015feyin kader ve karma ile bir ilgisi vard\u0131r.   O art\u0131k bir f\u0131s\u0131lt\u0131n\u0131n esiriydi. \u0130lk \u00f6nce zihninde k\u0131s\u0131k seslerle belirmi\u015f, sonra a\u011f\u0131r a\u011f\u0131r t\u00fcm bedenini ele ge\u00e7irmi\u015fti. K\u0131z\u0131n\u0131n \u00f6l\u00fcm\u00fc, kocas\u0131n\u0131n hapishaneye girmesi s\u00fcrecinde kollar\u0131nda ve bacaklar\u0131nda kar\u0131ncalanma yaratan sinsi bir d\u00fcrt\u00fcden \u00f6teye ge\u00e7memi\u015fti. U\u011frad\u0131\u011f\u0131 hakaretlerle beslenip b\u00fcy\u00fcd\u00fc. Bo\u011faz\u0131nda bir d\u00fc\u011f\u00fcm haline geldi zamanla. Sab\u0131rl\u0131yd\u0131. Bekledi, bekledi&#8230; Sonunda hayat\u0131n\u0131 onun kollar\u0131na teslim etmesini istedi. Bu f\u0131s\u0131lt\u0131n\u0131n ad\u0131; \u0130ntikamd\u0131. Merhamet ve vicdan\u0131 i\u00e7inden s\u00f6k\u00fcp atarken yeni hayat\u0131 ba\u015flad\u0131.   \u00d6ld\u00fcrmeyi bakireli\u011fe benzeten B\u00fcy\u00fcc\u00fc\u2019y\u00fc, Carl Justav Jung\u2019un dedi\u011fi gibi; \u201cDepresyon siyahlar giyen bir kad\u0131na benzer. E\u011fer o gelirse, kovmay\u0131n. Onu davet edin, oturmas\u0131n\u0131 teklif edin, ona bir misafir gibi davran\u0131n ve s\u00f6ylemesi gereken \u015feyleri dinleyin,\u201d diyerek zihninize misafir edebilir ya da bir tan\u0131d\u0131k gibi sahiplenebilirsiniz. <\/p>\n","protected":false},"excerpt":{"rendered":"<p>K\u0131rm\u0131z\u0131 ip efsanesi, hayatlar\u0131m\u0131z\u0131n \u00f6nceden belirlendi\u011finin kan\u0131t\u0131d\u0131r. Her \u015feyi anlaman\u0131n da. \u00c7aprazlama olarak ya\u015fad\u0131\u011f\u0131m\u0131z hikayeler ve rastgele zaferler tesad\u00fcfi de\u011fil, do\u011fdu\u011fumuzda tak\u0131l\u0131 olan g\u00f6r\u00fcnmez k\u0131rm\u0131z\u0131 iplerin<span class=\"excerpt-hellip\"> [\u2026]<\/span><\/p>\n","protected":false},"featured_media":0,"template":"","meta":{"_monsterinsights_skip_tracking":false,"_monsterinsights_sitenote_active":false,"_monsterinsights_sitenote_note":"","_monsterinsights_sitenote_category":0},"product_brand":[],"product_cat":[12291,12711],"product_tag":[],"class_list":{"0":"post-757439","1":"product","2":"type-product","3":"status-publish","5":"product_cat-edebiyat","6":"product_cat-roman-oyku","7":"pa_cilt-ciltsiz","8":"pa_tur-kitap","9":"pa_yayinevi-muptela-yayinevi","10":"pa_yazar-yasemin-candemir","12":"first","13":"instock","14":"sale","15":"shipping-taxable","16":"purchasable","17":"product-type-simple"},"_links":{"self":[{"href":"https:\/\/roveyayinevi.com.tr\/index.php\/wp-json\/wp\/v2\/product\/757439","targetHints":{"allow":["GET"]}}],"collection":[{"href":"https:\/\/roveyayinevi.com.tr\/index.php\/wp-json\/wp\/v2\/product"}],"about":[{"href":"https:\/\/roveyayinevi.com.tr\/index.php\/wp-json\/wp\/v2\/types\/product"}],"wp:attachment":[{"href":"https:\/\/roveyayinevi.com.tr\/index.php\/wp-json\/wp\/v2\/media?parent=757439"}],"wp:term":[{"taxonomy":"product_brand","embeddable":true,"href":"https:\/\/roveyayinevi.com.tr\/index.php\/wp-json\/wp\/v2\/product_brand?post=757439"},{"taxonomy":"product_cat","embeddable":true,"href":"https:\/\/roveyayinevi.com.tr\/index.php\/wp-json\/wp\/v2\/product_cat?post=757439"},{"taxonomy":"product_tag","embeddable":true,"href":"https:\/\/roveyayinevi.com.tr\/index.php\/wp-json\/wp\/v2\/product_tag?post=757439"}],"curies":[{"name":"wp","href":"https:\/\/api.w.org\/{rel}","templated":true}]}}