{"id":757437,"date":"2025-08-28T07:35:45","date_gmt":"2025-08-28T04:35:45","guid":{"rendered":"https:\/\/roveyayinevi.com.tr\/index.php\/urun\/kedi-insanlar-ve-diger-garip-hikayeler\/"},"modified":"2026-04-16T03:10:40","modified_gmt":"2026-04-16T00:10:40","slug":"kedi-insanlar-ve-diger-garip-hikayeler","status":"publish","type":"product","link":"https:\/\/roveyayinevi.com.tr\/index.php\/urun\/kedi-insanlar-ve-diger-garip-hikayeler\/","title":{"rendered":"Kedi \u0130nsanlar ve Di\u011fer Garip Hikayeler"},"content":{"rendered":"<p>\u201cOcak ba\u015f\u0131ndakilerden \u00e7\u0131t \u00e7\u0131km\u0131yordu. Uykuya h\u00e2l\u00e2 direnebilenlerin suratlar\u0131nda ise dinledikleri hik\u00e2yenin mahmurlu\u011fu ve yanan ate\u015fin s\u0131cakl\u0131\u011f\u0131n\u0131n verdi\u011fi tatl\u0131 bir pembelik vard\u0131. Bunun yaln\u0131z ho\u015f bir masal oldu\u011funu d\u00fc\u015f\u00fcn\u00fcp geceyi ge\u00e7irmek \u00fczere odalar\u0131na \u00e7ekildiler&#8230;\u201d   Beyza G\u00fcng\u00f6r, yaln\u0131zca tarihin tozlu sayfalar\u0131n\u0131 havaland\u0131r\u0131p kadim uygarl\u0131klardan \u00fcrpertici hik\u00e2yeler anlatm\u0131yor, modern d\u00fcnyadaki garipliklerden de dem vuruyor.   Bir yanda \u00e7evresindeki s\u0131k a\u011fa\u00e7lar\u0131n s\u0131kbo\u011faz etti\u011fi k\u00f6hne kul\u00fcbeler ve her yan\u0131 g\u0131c\u0131rdayan eski ah\u015fap evler, di\u011fer yanda yaln\u0131zca dolunay \u0131\u015f\u0131\u011f\u0131yla ayd\u0131nlanan kent sokaklar\u0131 ve \u00f6l\u00fcm\u00fcn kol gezdi\u011fi vapurlar&#8230; Delili\u011fin dolad\u0131\u011f\u0131 kollara kar\u015f\u0131 koyamam\u0131\u015f, sanr\u0131lar\u0131n, k\u00e2buslar\u0131n, ac\u0131 an\u0131lar\u0131n pen\u00e7esinden kurtulamam\u0131\u015f, dinledikleri \u00fcrpertici masallar\u0131 bir t\u00fcrl\u00fc unutamam\u0131\u015f bu insanlar\u0131n hik\u00e2yelerini okuyanlar da kolay kolay unutamayacak olan bitenleri!   \u201cO, hep vard\u0131. Oradayd\u0131. T\u00fcrl\u00fc k\u0131l\u0131klara giriyor, kentten kente geziyor, insanlar\u0131n ruhlar\u0131yla \u00e7e\u015fitli oyunlar oynuyordu. Bu sefer, \u00fczerine gezici bir sihirbaz kost\u00fcm\u00fc ge\u00e7irmi\u015f ve masum \u00e7ocuk ruhlar\u0131n\u0131n pe\u015fine d\u00fc\u015fm\u00fc\u015ft\u00fc. Bu maske ve kost\u00fcmlerin ard\u0131ndaki varl\u0131k ise hep ayn\u0131yd\u0131 ve bir y\u00fcz\u00fc yoktu. Salt karanl\u0131ktan olu\u015fmu\u015ftu. Hen\u00fcz bunu kimse bilmiyordu.\u201d <\/p>\n","protected":false},"excerpt":{"rendered":"<p>\u201cOcak ba\u015f\u0131ndakilerden \u00e7\u0131t \u00e7\u0131km\u0131yordu. Uykuya h\u00e2l\u00e2 direnebilenlerin suratlar\u0131nda ise dinledikleri hik\u00e2yenin mahmurlu\u011fu ve yanan ate\u015fin s\u0131cakl\u0131\u011f\u0131n\u0131n verdi\u011fi tatl\u0131 bir pembelik vard\u0131. Bunun yaln\u0131z ho\u015f bir masal<span class=\"excerpt-hellip\"> [\u2026]<\/span><\/p>\n","protected":false},"featured_media":0,"template":"","meta":{"_monsterinsights_skip_tracking":false,"_monsterinsights_sitenote_active":false,"_monsterinsights_sitenote_note":"","_monsterinsights_sitenote_category":0},"product_brand":[],"product_cat":[12291,17033],"product_tag":[],"class_list":{"0":"post-757437","1":"product","2":"type-product","3":"status-publish","5":"product_cat-edebiyat","6":"product_cat-korku-gerilim","7":"pa_cilt-ciltsiz","8":"pa_tur-kitap","9":"pa_yayinevi-ithaki-yayinlari","10":"pa_yazar-beyza-gungor","12":"first","13":"instock","14":"sale","15":"shipping-taxable","16":"purchasable","17":"product-type-simple"},"_links":{"self":[{"href":"https:\/\/roveyayinevi.com.tr\/index.php\/wp-json\/wp\/v2\/product\/757437","targetHints":{"allow":["GET"]}}],"collection":[{"href":"https:\/\/roveyayinevi.com.tr\/index.php\/wp-json\/wp\/v2\/product"}],"about":[{"href":"https:\/\/roveyayinevi.com.tr\/index.php\/wp-json\/wp\/v2\/types\/product"}],"wp:attachment":[{"href":"https:\/\/roveyayinevi.com.tr\/index.php\/wp-json\/wp\/v2\/media?parent=757437"}],"wp:term":[{"taxonomy":"product_brand","embeddable":true,"href":"https:\/\/roveyayinevi.com.tr\/index.php\/wp-json\/wp\/v2\/product_brand?post=757437"},{"taxonomy":"product_cat","embeddable":true,"href":"https:\/\/roveyayinevi.com.tr\/index.php\/wp-json\/wp\/v2\/product_cat?post=757437"},{"taxonomy":"product_tag","embeddable":true,"href":"https:\/\/roveyayinevi.com.tr\/index.php\/wp-json\/wp\/v2\/product_tag?post=757437"}],"curies":[{"name":"wp","href":"https:\/\/api.w.org\/{rel}","templated":true}]}}