{"id":757434,"date":"2025-08-28T07:35:40","date_gmt":"2025-08-28T04:35:40","guid":{"rendered":"https:\/\/roveyayinevi.com.tr\/index.php\/urun\/bibliyofil-kitap-okuma-ajandasi-cicek-kiz\/"},"modified":"2026-04-16T03:10:40","modified_gmt":"2026-04-16T00:10:40","slug":"bibliyofil-kitap-okuma-ajandasi-cicek-kiz","status":"publish","type":"product","link":"https:\/\/roveyayinevi.com.tr\/index.php\/urun\/bibliyofil-kitap-okuma-ajandasi-cicek-kiz\/","title":{"rendered":"Bibliyofil Kitap Okuma Ajandas\u0131 &#8211; \u00c7i\u00e7ek K\u0131z"},"content":{"rendered":"<p>Bu g\u00fcnl\u00fck, hevesli okuyucular\u0131n okuduklar\u0131n\u0131 g\u00fcnl\u00fc\u011fe kaydedip y\u0131llarca saklamas\u0131 i\u00e7in harikad\u0131r. \u0130ster takip edip ayn\u0131 kitab\u0131 ikinci kez almaktan ka\u00e7\u0131n\u0131n, ister okudu\u011funuz kitaplar hakk\u0131nda yazmaktan keyif al\u0131n, bu g\u00fcnl\u00fck okumalar\u0131n\u0131z i\u00e7in m\u00fckemmel bir tamamlay\u0131c\u0131d\u0131r. Ayr\u0131ca do\u011fum g\u00fcnleri ve tatiller i\u00e7in d\u00fc\u015f\u00fcnceli bir hediye olur. \u2022 Okumalar\u0131n\u0131z\u0131n kapsaml\u0131 bir kayd\u0131n\u0131 tutun \u2022 35 kitab\u0131 incelemek i\u00e7in yeterli alan &#8211; kay\u0131t defteri ayr\u0131nt\u0131lar\u0131, y\u0131ld\u0131z derecelendirmeleri, favori al\u0131nt\u0131lar, ayr\u0131nt\u0131l\u0131 bir de\u011ferlendirme vb. \u2022 Yap\u0131lacaklar listenizde okumay\u0131 planlad\u0131\u011f\u0131n\u0131z veya okumak istedi\u011finiz kitaplar\u0131 listeleyin \u2022 Notlar\u0131 veya d\u00fc\u015f\u00fcncelerinizi yazabilece\u011finiz bir b\u00f6l\u00fcm. Roman ka\u011f\u0131d\u0131 ile ayn\u0131 olmas\u0131 size kitap notu alma havas\u0131 da verecek. \u2022 Roman boyut &#8211; 13,5 x 19,5, sayfalar &#8211; okumalar\u0131n\u0131z\u0131 belgelemek i\u00e7in bol miktarda alan \u2022 D\u00fc\u015f\u00fcncelerinizi referans olarak kullanmak veya sadece geriye d\u00f6n\u00fcp y\u0131llar sonra d\u00fc\u015f\u00fcnmek i\u00e7in merkezi bir g\u00fcnl\u00fckte d\u00fczenleyin Kitap Takibi Okuma Zaman Takibi Kitap Ele\u015ftirileri genel Bak\u0131\u015f Toplam 94 Sayfa Enzo Roman Ka\u011f\u0131d\u0131 Roman Boy &#8220;Ey T\u00fcrk gen\u00e7li\u011fi! Birinci vazifen; T\u00fcrk istiklalini, T\u00fcrk cumhuriyetini, ilelebet muhafaza ve m\u00fcdafaa etmektir. Mevcudiyetinin ve istikbalinin yeg\u00e2ne temeli budur. Bu temel, senin en k\u0131ymetli hazinendir.&#8221; Mustafa Kemal Atat\u00fcrk <\/p>\n","protected":false},"excerpt":{"rendered":"<p>Bu g\u00fcnl\u00fck, hevesli okuyucular\u0131n okuduklar\u0131n\u0131 g\u00fcnl\u00fc\u011fe kaydedip y\u0131llarca saklamas\u0131 i\u00e7in harikad\u0131r. \u0130ster takip edip ayn\u0131 kitab\u0131 ikinci kez almaktan ka\u00e7\u0131n\u0131n, ister okudu\u011funuz kitaplar hakk\u0131nda yazmaktan keyif<span class=\"excerpt-hellip\"> [\u2026]<\/span><\/p>\n","protected":false},"featured_media":0,"template":"","meta":{"_monsterinsights_skip_tracking":false,"_monsterinsights_sitenote_active":false,"_monsterinsights_sitenote_note":"","_monsterinsights_sitenote_category":0},"product_brand":[],"product_cat":[15563],"product_tag":[],"class_list":{"0":"post-757434","1":"product","2":"type-product","3":"status-publish","5":"product_cat-hobi","6":"pa_cilt-ciltsiz","7":"pa_tur-kitap","8":"pa_yayinevi-fa-yayinlari","9":"pa_yazar-kolektif","11":"first","12":"instock","13":"sale","14":"shipping-taxable","15":"purchasable","16":"product-type-simple"},"_links":{"self":[{"href":"https:\/\/roveyayinevi.com.tr\/index.php\/wp-json\/wp\/v2\/product\/757434","targetHints":{"allow":["GET"]}}],"collection":[{"href":"https:\/\/roveyayinevi.com.tr\/index.php\/wp-json\/wp\/v2\/product"}],"about":[{"href":"https:\/\/roveyayinevi.com.tr\/index.php\/wp-json\/wp\/v2\/types\/product"}],"wp:attachment":[{"href":"https:\/\/roveyayinevi.com.tr\/index.php\/wp-json\/wp\/v2\/media?parent=757434"}],"wp:term":[{"taxonomy":"product_brand","embeddable":true,"href":"https:\/\/roveyayinevi.com.tr\/index.php\/wp-json\/wp\/v2\/product_brand?post=757434"},{"taxonomy":"product_cat","embeddable":true,"href":"https:\/\/roveyayinevi.com.tr\/index.php\/wp-json\/wp\/v2\/product_cat?post=757434"},{"taxonomy":"product_tag","embeddable":true,"href":"https:\/\/roveyayinevi.com.tr\/index.php\/wp-json\/wp\/v2\/product_tag?post=757434"}],"curies":[{"name":"wp","href":"https:\/\/api.w.org\/{rel}","templated":true}]}}