{"id":757428,"date":"2025-08-28T07:35:23","date_gmt":"2025-08-28T04:35:23","guid":{"rendered":"https:\/\/roveyayinevi.com.tr\/index.php\/urun\/dunyanin-gizemli-misafirleri\/"},"modified":"2026-04-12T03:14:45","modified_gmt":"2026-04-12T00:14:45","slug":"dunyanin-gizemli-misafirleri","status":"publish","type":"product","link":"https:\/\/roveyayinevi.com.tr\/index.php\/urun\/dunyanin-gizemli-misafirleri\/","title":{"rendered":"D\u00fcnya&#8217;n\u0131n Gizemli Misafirleri"},"content":{"rendered":"<p>T\u00dcRK\u0130YE\u2019DE \u0130LK FL\u0130PBOOK K\u0130TAP Vozi ile Tozi, d\u00f6rt g\u00fcne\u015fi sayesinde ak\u015fam\u0131n hi\u00e7 olmad\u0131\u011f\u0131 Koskan gezegeninin \u00c7at klan\u0131nda ya\u015fayan, kendi halinde iki \u00f6\u011frencidir. Vozi\u2019nin bilim adam\u0131 olan babas\u0131n\u0131n laboratuvar\u0131na yap\u0131lan bir gezi s\u0131ras\u0131nda istenmeyen bir kaza olur ve Vozi ile Tozi D\u00fcnya\u2019ya \u0131\u015f\u0131nlan\u0131rlar. Garip olan ise D\u00fcnya\u2019da ya\u015fayan varl\u0131klardan birinin \u015fekline b\u00fcr\u00fcnmeleridir. Bundan sonraki s\u00fcre\u00e7te hapsolduklar\u0131 bedende gezegenlerine d\u00f6nmenin yolunu ararlar. Bu s\u0131rada gezegendeki garip olaylar ilgilerini \u00e7eker. Vozi ile Tozi&#8217;nin gizemli maceras\u0131na hep birlikte ortak olmaya var m\u0131s\u0131n\u0131z? <\/p>\n","protected":false},"excerpt":{"rendered":"<p>T\u00dcRK\u0130YE\u2019DE \u0130LK FL\u0130PBOOK K\u0130TAP Vozi ile Tozi, d\u00f6rt g\u00fcne\u015fi sayesinde ak\u015fam\u0131n hi\u00e7 olmad\u0131\u011f\u0131 Koskan gezegeninin \u00c7at klan\u0131nda ya\u015fayan, kendi halinde iki \u00f6\u011frencidir. Vozi\u2019nin bilim adam\u0131 olan<span class=\"excerpt-hellip\"> [\u2026]<\/span><\/p>\n","protected":false},"featured_media":0,"template":"","meta":{"_monsterinsights_skip_tracking":false,"_monsterinsights_sitenote_active":false,"_monsterinsights_sitenote_note":"","_monsterinsights_sitenote_category":0},"product_brand":[],"product_cat":[12291,12711],"product_tag":[],"class_list":{"0":"post-757428","1":"product","2":"type-product","3":"status-publish","5":"product_cat-edebiyat","6":"product_cat-roman-oyku","7":"pa_cilt-ciltsiz","8":"pa_tur-kitap","9":"pa_yayinevi-fa-yayinlari","10":"pa_yazar-erkan-aksu","12":"first","13":"instock","14":"sale","15":"shipping-taxable","16":"purchasable","17":"product-type-simple"},"_links":{"self":[{"href":"https:\/\/roveyayinevi.com.tr\/index.php\/wp-json\/wp\/v2\/product\/757428","targetHints":{"allow":["GET"]}}],"collection":[{"href":"https:\/\/roveyayinevi.com.tr\/index.php\/wp-json\/wp\/v2\/product"}],"about":[{"href":"https:\/\/roveyayinevi.com.tr\/index.php\/wp-json\/wp\/v2\/types\/product"}],"wp:attachment":[{"href":"https:\/\/roveyayinevi.com.tr\/index.php\/wp-json\/wp\/v2\/media?parent=757428"}],"wp:term":[{"taxonomy":"product_brand","embeddable":true,"href":"https:\/\/roveyayinevi.com.tr\/index.php\/wp-json\/wp\/v2\/product_brand?post=757428"},{"taxonomy":"product_cat","embeddable":true,"href":"https:\/\/roveyayinevi.com.tr\/index.php\/wp-json\/wp\/v2\/product_cat?post=757428"},{"taxonomy":"product_tag","embeddable":true,"href":"https:\/\/roveyayinevi.com.tr\/index.php\/wp-json\/wp\/v2\/product_tag?post=757428"}],"curies":[{"name":"wp","href":"https:\/\/api.w.org\/{rel}","templated":true}]}}