{"id":757426,"date":"2025-08-28T07:35:21","date_gmt":"2025-08-28T04:35:21","guid":{"rendered":"https:\/\/roveyayinevi.com.tr\/index.php\/urun\/akilci-yasam-kilavuzu\/"},"modified":"2026-04-16T03:10:40","modified_gmt":"2026-04-16T00:10:40","slug":"akilci-yasam-kilavuzu","status":"publish","type":"product","link":"https:\/\/roveyayinevi.com.tr\/index.php\/urun\/akilci-yasam-kilavuzu\/","title":{"rendered":"Ak\u0131lc\u0131 Ya\u015fam K\u0131lavuzu"},"content":{"rendered":"<p>Ak\u0131lc\u0131 Ya\u015fam K\u0131lavuzu di\u011fer ki\u015fisel geli\u015fim kitaplar\u0131ndan bir\u00e7ok y\u00f6nden farkl\u0131d\u0131r. Bir kere, sizi daha zengin, daha mutlu, daha zeki yapaca\u011f\u0131n\u0131 iddia etmez veya t\u00fcm sorunlar\u0131n\u0131z\u0131 sayesinde \u00e7\u00f6zece\u011finizi de. Sadece sizi dibe \u00e7eken sorunlar\u0131n\u0131z, d\u00fc\u015f\u00fcnceleriniz ve ya\u015fad\u0131\u011f\u0131n\u0131z olumsuz deneyimlerle ilgili bir rehberlik yapma amac\u0131 ta\u015f\u0131r. Bu da, elbette, ancak sizin eyleme ge\u00e7menizle i\u015fe yarayabilecek bir rehberliktir.   Kitab\u0131n yazarlar\u0131, Albert Ellis ve Robert A. Harper, D\u00fc\u015f\u00fcnsel Duygulan\u0131mc\u0131 Davran\u0131\u015f Terapisi ad\u0131n\u0131 verdikleri bir terapi metodu kullan\u0131yorlar. Terapi yapt\u0131klar\u0131 hastalar\u0131n\u0131n, kendileri ve hayatlar\u0131 hakk\u0131ndaki olumsuz d\u00fc\u015f\u00fcncelerini olumluya \u00e7evirebilmek i\u00e7in di\u011fer psikiyatrist ve psikologlardan daha farkl\u0131 y\u00f6ntemler benimsiyorlar. Di\u011ferlerinin daha edilgen y\u00f6ntemlerinden farkl\u0131 olarak, ki\u015finin ya\u015fad\u0131\u011f\u0131 duygusal soruna hemen m\u00fcdahaleyi se\u00e7iyorlar. Daha direkt olarak, insanlar\u0131n d\u00fc\u015f\u00fcncelerindeki aptall\u0131\u011f\u0131, sa\u00e7mal\u0131\u011f\u0131 ve \u00e7\u0131lg\u0131nl\u0131\u011f\u0131 y\u00fczlerine vurarak onlarda fark\u0131ndal\u0131k yaratmaya ve onlar\u0131 daha mant\u0131kl\u0131, daha olumlu d\u00fc\u015f\u00fcnmeye y\u00f6nlendiriyorlar.Ak\u0131lc\u0131 Ya\u015fam K\u0131lavuzu, duygusal problemlerinizle ba\u015fedebilmeniz i\u00e7in neler yapman\u0131z gerekti\u011fini, \u00e7o\u011funlukla, yazarlar\u0131n hastalar\u0131yla yapt\u0131klar\u0131 terapilerden yola \u00e7\u0131karak anlat\u0131yor. Yazarlar, kitapta anlatt\u0131klar\u0131 terapi hastalar\u0131n\u0131nkine benzer sorunlarla kar\u015f\u0131la\u015fman\u0131z durumunda size de yol g\u00f6sterici tavsiyelerde bulunuyor. Bunu ise psikoterapide ve psikolojide kullan\u0131lan karma\u015f\u0131k kavramlarla de\u011fil uzman olmayanlar\u0131n da anlayabilece\u011fi basit bir dille yap\u0131yorlar.   Bu kitap ilk bask\u0131s\u0131n\u0131n yap\u0131ld\u0131\u011f\u0131 1961 y\u0131l\u0131ndan bu yana psikoterapide bir devrim yaratt\u0131 ve bir\u00e7ok insana duygusal sorunlar\u0131yla ba\u015fetmelerinde yard\u0131mc\u0131 oldu. Siz de di\u011fer ki\u015fisel geli\u015fim kitaplar\u0131ndan farkl\u0131, sorunlar\u0131n\u0131z\u0131n \u00fcstesinden gelmeye yard\u0131mc\u0131 olacak rehber bir kitap ar\u0131yorsan\u0131z, Ak\u0131lc\u0131 Ya\u015fam K\u0131lavuzu do\u011fru bir se\u00e7im olacakt\u0131r. <\/p>\n","protected":false},"excerpt":{"rendered":"<p>Ak\u0131lc\u0131 Ya\u015fam K\u0131lavuzu di\u011fer ki\u015fisel geli\u015fim kitaplar\u0131ndan bir\u00e7ok y\u00f6nden farkl\u0131d\u0131r. Bir kere, sizi daha zengin, daha mutlu, daha zeki yapaca\u011f\u0131n\u0131 iddia etmez veya t\u00fcm sorunlar\u0131n\u0131z\u0131 sayesinde<span class=\"excerpt-hellip\"> [\u2026]<\/span><\/p>\n","protected":false},"featured_media":0,"template":"","meta":{"_monsterinsights_skip_tracking":false,"_monsterinsights_sitenote_active":false,"_monsterinsights_sitenote_note":"","_monsterinsights_sitenote_category":0},"product_brand":[],"product_cat":[12364,12376],"product_tag":[],"class_list":{"0":"post-757426","1":"product","2":"type-product","3":"status-publish","5":"product_cat-genel-konular","6":"product_cat-kisisel-gelisim","7":"pa_cilt-ciltsiz","8":"pa_tur-kitap","9":"pa_yayinevi-serbest-kitaplar","10":"pa_yazar-albert-ellis-robert-a-harper","12":"first","13":"instock","14":"sale","15":"shipping-taxable","16":"purchasable","17":"product-type-simple"},"_links":{"self":[{"href":"https:\/\/roveyayinevi.com.tr\/index.php\/wp-json\/wp\/v2\/product\/757426","targetHints":{"allow":["GET"]}}],"collection":[{"href":"https:\/\/roveyayinevi.com.tr\/index.php\/wp-json\/wp\/v2\/product"}],"about":[{"href":"https:\/\/roveyayinevi.com.tr\/index.php\/wp-json\/wp\/v2\/types\/product"}],"wp:attachment":[{"href":"https:\/\/roveyayinevi.com.tr\/index.php\/wp-json\/wp\/v2\/media?parent=757426"}],"wp:term":[{"taxonomy":"product_brand","embeddable":true,"href":"https:\/\/roveyayinevi.com.tr\/index.php\/wp-json\/wp\/v2\/product_brand?post=757426"},{"taxonomy":"product_cat","embeddable":true,"href":"https:\/\/roveyayinevi.com.tr\/index.php\/wp-json\/wp\/v2\/product_cat?post=757426"},{"taxonomy":"product_tag","embeddable":true,"href":"https:\/\/roveyayinevi.com.tr\/index.php\/wp-json\/wp\/v2\/product_tag?post=757426"}],"curies":[{"name":"wp","href":"https:\/\/api.w.org\/{rel}","templated":true}]}}