{"id":757423,"date":"2025-08-28T07:35:16","date_gmt":"2025-08-28T04:35:16","guid":{"rendered":"https:\/\/roveyayinevi.com.tr\/index.php\/urun\/filozof-cocuk-korku-nedir\/"},"modified":"2026-04-16T03:10:40","modified_gmt":"2026-04-16T00:10:40","slug":"filozof-cocuk-korku-nedir","status":"publish","type":"product","link":"https:\/\/roveyayinevi.com.tr\/index.php\/urun\/filozof-cocuk-korku-nedir\/","title":{"rendered":"Filozof \u00c7ocuk &#8211; Korku Nedir?"},"content":{"rendered":"<p>y korku! Art\u0131k senden KORKMUYORUM!\u00c7\u00fcnk\u00fc korku \u00fcst\u00fcne &#8221;d\u00fc\u015f\u00fcnmek, \u00e7ocuk oyunca\u011f\u0131!&#8221;\u00c7ocuklara felsefeyi sevdiren &#8221;Filozof \u00c7ocuk&#8221; serisi, 23. kitab\u0131yla yine hayat\u0131 de\u011fi\u015fik a\u00e7\u0131lardan sorgulamaya davet ediyor. Frans\u0131z d\u00fc\u015f\u00fcn\u00fcr ve yazar Oscar Brenifier bu kez \u00e7ocuklardaki endi\u015fe, kayg\u0131 ve korku duygular\u0131na dikkat \u00e7ekiyor. &#8221;Ni\u00e7in korkars\u0131n? Korkmay\u0131 seviyor musun? Korkular\u0131n\u0131 dinlemeli misin?&#8221; gibi k\u00fc\u00e7\u00fcklerin zihinlerini kurcalayan b\u00fcy\u00fck sorular, serinin Korku Nedir? isimli halkas\u0131n\u0131n omurgas\u0131n\u0131 olu\u015fturuyor.D\u00fc\u015f\u00fcnme eylemini \u00e7ocuklar i\u00e7in e\u011flenceli bir ser\u00fcvene d\u00f6n\u00fc\u015ft\u00fcren Oscar Brenifier, her &#8221;Filozof \u00c7ocuk&#8221; kitab\u0131nda \u00fc\u00e7 b\u00fcy\u00fck soruyu, d\u00fc\u015f\u00fcncelerle oynamak ve g\u00f6r\u00fcnenin arkas\u0131na \u00e7ocuk g\u00f6z\u00fcyle bakmak i\u00e7in masaya yat\u0131r\u0131yor. Ke\u015fiflerle dolu bu reng\u00e2renk ba\u015fvuru kitaplar\u0131n\u0131 benzer \u00e7al\u0131\u015fmalardan ay\u0131ran en \u00f6nemli fark ise okurlar\u0131na kar\u015f\u0131 sergiledi\u011fi &#8221;sorgulama odakl\u0131&#8221; tutum oluyor. Hayat\u0131, u\u00e7suz bucaks\u0131z b\u00fcy\u00fck bir oyun alan\u0131na benzeten Brenifier, ya\u015fama dair ufuk a\u00e7\u0131c\u0131 sorular arac\u0131l\u0131\u011f\u0131yla taze beyinleri do\u011fru d\u00fc\u015f\u00fcnmeye y\u00f6nlendiriyor.&#8221;Filozof \u00c7ocuk&#8221; kitaplar\u0131, kendileriyle ve d\u00fcnyayla ilgili \u00f6nemli sorular soran t\u00fcm \u00e7ocuklar i\u00e7in benzersiz bir d\u00fc\u015f\u00fcnme prati\u011fi sunarken, kal\u0131pla\u015fm\u0131\u015f yan\u0131tlar yerine ele\u015ftirel olanlar\u0131 tercih eden yeti\u015fkinler i\u00e7in ise de\u011ferli bir rehber oluyor. \u00c7ocuklar\u0131yla ileti\u015fimini g\u00fc\u00e7lendirmek ve onlarla kaliteli zaman ge\u00e7irmek isteyen ebeveynler ile s\u0131n\u0131f i\u00e7i etkinliklerine yeni alternatifler katmak isteyen duyarl\u0131 \u00f6\u011fretmenler i\u00e7in de zengin bir i\u00e7erik sunan kitaplar, her ya\u015ftan okura sorgulamalarla dolu keyifli bir d\u00fc\u015f\u00fcnme deneyimi vadediyor.<\/p>\n","protected":false},"excerpt":{"rendered":"<p>y korku! Art\u0131k senden KORKMUYORUM!\u00c7\u00fcnk\u00fc korku \u00fcst\u00fcne &#8221;d\u00fc\u015f\u00fcnmek, \u00e7ocuk oyunca\u011f\u0131!&#8221;\u00c7ocuklara felsefeyi sevdiren &#8221;Filozof \u00c7ocuk&#8221; serisi, 23. kitab\u0131yla yine hayat\u0131 de\u011fi\u015fik a\u00e7\u0131lardan sorgulamaya davet ediyor. Frans\u0131z d\u00fc\u015f\u00fcn\u00fcr<span class=\"excerpt-hellip\"> [\u2026]<\/span><\/p>\n","protected":false},"featured_media":0,"template":"","meta":{"_monsterinsights_skip_tracking":false,"_monsterinsights_sitenote_active":false,"_monsterinsights_sitenote_note":"","_monsterinsights_sitenote_category":0},"product_brand":[],"product_cat":[12274],"product_tag":[],"class_list":{"0":"post-757423","1":"product","2":"type-product","3":"status-publish","5":"product_cat-cocuk-ve-genclik-kitaplari","6":"pa_cilt-ciltsiz","7":"pa_tur-kitap","8":"pa_yayinevi-tudem-yayinlari","9":"pa_yazar-oscar-brenifier","11":"first","12":"instock","13":"sale","14":"shipping-taxable","15":"purchasable","16":"product-type-simple"},"_links":{"self":[{"href":"https:\/\/roveyayinevi.com.tr\/index.php\/wp-json\/wp\/v2\/product\/757423","targetHints":{"allow":["GET"]}}],"collection":[{"href":"https:\/\/roveyayinevi.com.tr\/index.php\/wp-json\/wp\/v2\/product"}],"about":[{"href":"https:\/\/roveyayinevi.com.tr\/index.php\/wp-json\/wp\/v2\/types\/product"}],"wp:attachment":[{"href":"https:\/\/roveyayinevi.com.tr\/index.php\/wp-json\/wp\/v2\/media?parent=757423"}],"wp:term":[{"taxonomy":"product_brand","embeddable":true,"href":"https:\/\/roveyayinevi.com.tr\/index.php\/wp-json\/wp\/v2\/product_brand?post=757423"},{"taxonomy":"product_cat","embeddable":true,"href":"https:\/\/roveyayinevi.com.tr\/index.php\/wp-json\/wp\/v2\/product_cat?post=757423"},{"taxonomy":"product_tag","embeddable":true,"href":"https:\/\/roveyayinevi.com.tr\/index.php\/wp-json\/wp\/v2\/product_tag?post=757423"}],"curies":[{"name":"wp","href":"https:\/\/api.w.org\/{rel}","templated":true}]}}