{"id":757421,"date":"2025-08-28T07:35:13","date_gmt":"2025-08-28T04:35:13","guid":{"rendered":"https:\/\/roveyayinevi.com.tr\/index.php\/urun\/hitlerin-babasi\/"},"modified":"2026-04-16T03:10:40","modified_gmt":"2026-04-16T00:10:40","slug":"hitlerin-babasi","status":"publish","type":"product","link":"https:\/\/roveyayinevi.com.tr\/index.php\/urun\/hitlerin-babasi\/","title":{"rendered":"Hitler\u2019in Babas\u0131"},"content":{"rendered":"<p>\u201cD\u00f6nem tan\u0131klar\u0131 gen\u00e7 Hitler\u2019e dair son derece z\u0131t iki imge ortaya koyuyor: Bir yanda \u00f6\u011fretmenlerine \u00f6lesiye meydan okuyan, gen\u00e7lik \u00e7etelerinde liderlik rol\u00fcn\u00fc \u00fcstlenen ve her t\u00fcrl\u00fc haylazl\u0131\u011f\u0131 g\u00f6ze alan bask\u0131n, otoriter bir gen\u00e7 adam; di\u011fer yanda b\u00fcy\u00fck sanat\u00e7\u0131 ve sahne tasar\u0131mc\u0131s\u0131 Alfred Roller\u2019in yan\u0131na gitmeye dahi cesaret edemeyen, hayran oldu\u011fu gen\u00e7 k\u0131za yakla\u015fmaya \u00e7ekinen ve asl\u0131nda Kubizek d\u0131\u015f\u0131nda hi\u00e7 arkada\u015f\u0131 olmayan, son derece utanga\u00e7 bir delikanl\u0131.\u201dPeki ya tarihin en karanl\u0131k d\u00f6nemine damgas\u0131n\u0131 vurmu\u015f bu adam asl\u0131nda kimdi? Nas\u0131l bir ailesi vard\u0131? Nerede do\u011fmu\u015ftu? Kimlerle dostluk kurmu\u015ftu? Hangi ak\u0131mlar\u0131n etkisinde kalm\u0131\u015f, kafas\u0131ndaki bu diktat\u00f6rl\u00fck imaj\u0131 ne vakit hakikate d\u00f6n\u00fc\u015fm\u00fc\u015ft\u00fc?Y\u0131llard\u0131r tozlu bir tavan aras\u0131nda saklanan 31 mektup, tarih\u00e7i Roman Sandgruber taraf\u0131ndan g\u00fcn y\u00fcz\u00fcne \u00e7\u0131kar\u0131ld\u0131\u011f\u0131nda Hitler\u2019in \u00fczerindeki etkisi yads\u0131namaz olan baba Alois Hitler\u2019in ki\u015fili\u011finin yeni ve m\u00fcphem bir yan\u0131n\u0131 da g\u00f6zler \u00f6n\u00fcne sermi\u015f oldu. Titiz bir \u00e7al\u0131\u015fman\u0131n \u00fcr\u00fcn\u00fc olan bu kitab\u0131n amac\u0131ysa bir zamanlar sadece efsaneler, uydurma hik\u00e2yeler ve varsay\u0131mlarla \u00e7evrili Hitler ailesinin g\u00fcnl\u00fck ya\u015fam\u0131na \u0131\u015f\u0131k tutarak belki de tarihin cevaplanmas\u0131 en zor sorulardan birine yan\u0131t bulmak. Zira onlarca y\u0131ld\u0131r dile getirilen ve koskoca bir tarihi etkisi alt\u0131na alan bu sorunun cevab\u0131 h\u00e2l\u00e2 me\u00e7hul: Yukar\u0131 Avusturya\u2019n\u0131n ta\u015fras\u0131ndan gelen ve nispeten ba\u015far\u0131s\u0131z, yaln\u0131z bir \u00e7ocuk nas\u0131l oldu da b\u00f6ylesine zalim bir diktat\u00f6re d\u00f6n\u00fc\u015ft\u00fc?<\/p>\n","protected":false},"excerpt":{"rendered":"<p>\u201cD\u00f6nem tan\u0131klar\u0131 gen\u00e7 Hitler\u2019e dair son derece z\u0131t iki imge ortaya koyuyor: Bir yanda \u00f6\u011fretmenlerine \u00f6lesiye meydan okuyan, gen\u00e7lik \u00e7etelerinde liderlik rol\u00fcn\u00fc \u00fcstlenen ve her t\u00fcrl\u00fc<span class=\"excerpt-hellip\"> [\u2026]<\/span><\/p>\n","protected":false},"featured_media":0,"template":"","meta":{"_monsterinsights_skip_tracking":false,"_monsterinsights_sitenote_active":false,"_monsterinsights_sitenote_note":"","_monsterinsights_sitenote_category":0},"product_brand":[],"product_cat":[12370,12304],"product_tag":[],"class_list":{"0":"post-757421","1":"product","2":"type-product","3":"status-publish","5":"product_cat-arastirma-inceleme","6":"product_cat-tarih","7":"pa_cilt-ciltsiz","8":"pa_tur-kitap","9":"pa_yayinevi-kafka-yayinevi","10":"pa_yazar-roman-sandgruber","12":"first","13":"instock","14":"sale","15":"shipping-taxable","16":"purchasable","17":"product-type-simple"},"_links":{"self":[{"href":"https:\/\/roveyayinevi.com.tr\/index.php\/wp-json\/wp\/v2\/product\/757421","targetHints":{"allow":["GET"]}}],"collection":[{"href":"https:\/\/roveyayinevi.com.tr\/index.php\/wp-json\/wp\/v2\/product"}],"about":[{"href":"https:\/\/roveyayinevi.com.tr\/index.php\/wp-json\/wp\/v2\/types\/product"}],"wp:attachment":[{"href":"https:\/\/roveyayinevi.com.tr\/index.php\/wp-json\/wp\/v2\/media?parent=757421"}],"wp:term":[{"taxonomy":"product_brand","embeddable":true,"href":"https:\/\/roveyayinevi.com.tr\/index.php\/wp-json\/wp\/v2\/product_brand?post=757421"},{"taxonomy":"product_cat","embeddable":true,"href":"https:\/\/roveyayinevi.com.tr\/index.php\/wp-json\/wp\/v2\/product_cat?post=757421"},{"taxonomy":"product_tag","embeddable":true,"href":"https:\/\/roveyayinevi.com.tr\/index.php\/wp-json\/wp\/v2\/product_tag?post=757421"}],"curies":[{"name":"wp","href":"https:\/\/api.w.org\/{rel}","templated":true}]}}