{"id":757418,"date":"2025-08-28T07:35:06","date_gmt":"2025-08-28T04:35:06","guid":{"rendered":"https:\/\/roveyayinevi.com.tr\/index.php\/urun\/cosi-fan-tutti-bir-komiser-zen-macerasi-5\/"},"modified":"2026-04-16T03:10:40","modified_gmt":"2026-04-16T00:10:40","slug":"cosi-fan-tutti-bir-komiser-zen-macerasi-5","status":"publish","type":"product","link":"https:\/\/roveyayinevi.com.tr\/index.php\/urun\/cosi-fan-tutti-bir-komiser-zen-macerasi-5\/","title":{"rendered":"Cosi Fan Tutti &#8211; Bir Komiser Zen Maceras\u0131 5"},"content":{"rendered":"<p>Cosi Fan Tutti\u2019de Napoli\u2019ye, politikac\u0131lar\u0131n, i\u015fadamlar\u0131n\u0131n ve \u0130talyan mafyas\u0131ndan se\u00e7kinlerin sofras\u0131na konuk oluyoruz. Burada bir ba\u015fka ruh haline b\u00fcr\u00fcnm\u00fc\u015f olarak kar\u015f\u0131m\u0131za \u00e7\u0131kan Aurelio Zen\u2019in, i\u015fine duydu\u011fu a\u015fk solmaya y\u00fcz tutmu\u015f olsa da bir kez daha derinlere dalmas\u0131, labirentlerde mekik dokumas\u0131 gerekecektir.    \u201c\u0130ngiliz polisiyesinin en se\u00e7kin seslerinden biriyle kar\u015f\u0131la\u015f\u0131yoruz burada.\u201d \u2013Andrew Taylor   \u201cDibdin, polisiye edebiyat\u0131n maestrolar\u0131ndan biridir.\u201d \u2013Sunday Times   \u201cT\u00fcr\u00fcn en iyi \u00fcslup\u00e7ular\u0131ndan biriyle kar\u015f\u0131 kar\u015f\u0131yay\u0131z.\u201d \u2013Guardian <\/p>\n","protected":false},"excerpt":{"rendered":"<p>Cosi Fan Tutti\u2019de Napoli\u2019ye, politikac\u0131lar\u0131n, i\u015fadamlar\u0131n\u0131n ve \u0130talyan mafyas\u0131ndan se\u00e7kinlerin sofras\u0131na konuk oluyoruz. Burada bir ba\u015fka ruh haline b\u00fcr\u00fcnm\u00fc\u015f olarak kar\u015f\u0131m\u0131za \u00e7\u0131kan Aurelio Zen\u2019in, i\u015fine duydu\u011fu<span class=\"excerpt-hellip\"> [\u2026]<\/span><\/p>\n","protected":false},"featured_media":0,"template":"","meta":{"_monsterinsights_skip_tracking":false,"_monsterinsights_sitenote_active":false,"_monsterinsights_sitenote_note":"","_monsterinsights_sitenote_category":0},"product_brand":[],"product_cat":[12291,15445],"product_tag":[],"class_list":{"0":"post-757418","1":"product","2":"type-product","3":"status-publish","5":"product_cat-edebiyat","6":"product_cat-polisiye","7":"pa_cilt-ciltsiz","8":"pa_tur-kitap","9":"pa_yayinevi-alfa-yayinlari","10":"pa_yazar-michael-dibdin","12":"first","13":"instock","14":"sale","15":"shipping-taxable","16":"purchasable","17":"product-type-simple"},"_links":{"self":[{"href":"https:\/\/roveyayinevi.com.tr\/index.php\/wp-json\/wp\/v2\/product\/757418","targetHints":{"allow":["GET"]}}],"collection":[{"href":"https:\/\/roveyayinevi.com.tr\/index.php\/wp-json\/wp\/v2\/product"}],"about":[{"href":"https:\/\/roveyayinevi.com.tr\/index.php\/wp-json\/wp\/v2\/types\/product"}],"wp:attachment":[{"href":"https:\/\/roveyayinevi.com.tr\/index.php\/wp-json\/wp\/v2\/media?parent=757418"}],"wp:term":[{"taxonomy":"product_brand","embeddable":true,"href":"https:\/\/roveyayinevi.com.tr\/index.php\/wp-json\/wp\/v2\/product_brand?post=757418"},{"taxonomy":"product_cat","embeddable":true,"href":"https:\/\/roveyayinevi.com.tr\/index.php\/wp-json\/wp\/v2\/product_cat?post=757418"},{"taxonomy":"product_tag","embeddable":true,"href":"https:\/\/roveyayinevi.com.tr\/index.php\/wp-json\/wp\/v2\/product_tag?post=757418"}],"curies":[{"name":"wp","href":"https:\/\/api.w.org\/{rel}","templated":true}]}}