{"id":757416,"date":"2025-08-28T07:35:04","date_gmt":"2025-08-28T04:35:04","guid":{"rendered":"https:\/\/roveyayinevi.com.tr\/index.php\/urun\/bir-ilkokul-ogretmeninin-cizim-defteri\/"},"modified":"2026-04-16T03:10:39","modified_gmt":"2026-04-16T00:10:39","slug":"bir-ilkokul-ogretmeninin-cizim-defteri","status":"publish","type":"product","link":"https:\/\/roveyayinevi.com.tr\/index.php\/urun\/bir-ilkokul-ogretmeninin-cizim-defteri\/","title":{"rendered":"Bir ilkokul \u00d6\u011fretmeninin \u00c7izim Defteri"},"content":{"rendered":"<p>Ben elmas\u0131m, sarraf sensin; P\u0131rlanta isem, emek senin, Parl\u0131yorsam, y\u0131ld\u0131z senin. Ama bir de par\u00e7alarsan; K\u0131r\u0131k senin, k\u0131r\u0131k senin \u00d6\u011fretmenim\u2026 Eyl\u00fcl 2005&#8217;te bana 40 tane elmas teslim edildi. Bu ham halde bulunan elmaslar\u0131 i\u015flemem istendi. Elmaslara bakt\u0131m hepsi nadide elmas. Benden \u00f6nceki ustalar\u0131n elmaslar \u00fczerinde b\u0131rakt\u0131klar\u0131 yanl\u0131\u015f kesim hatalar\u0131n\u0131 g\u00f6rd\u00fcm. i\u00e7imi bir korku kaplad\u0131. Bu hatalar\u0131 nas\u0131l d\u00fczeltirim? Bir de bu elmaslar\u0131 do\u011fru kesemezsem hepsi de\u011fersiz cam olacak. Oysa do\u011fru kesim ve \u00e7izgilerle bu elmaslar\u0131n p\u0131rlantaya d\u00f6nmesi gerekir. \u0130\u015fim zordu. Azimle bu ham elmaslar\u0131 i\u015flemeye koyuldum. Elmas sahipleri zaman zaman i\u015fimi be\u011fendiklerini ifade edip \u00f6vg\u00fcler d\u00fczerken; baz\u0131lar\u0131 ustal\u0131\u011f\u0131mdan rahats\u0131z olup paniklediler. Baz\u0131lar\u0131 ise elmaslar\u0131 daha i\u015flemeden al\u0131p gittiler&#8230; Elmas ustal\u0131\u011f\u0131 zor, sab\u0131r ve beceri gerektiren bir i\u015f. Bunlar\u0131 elmas sahiplerine anlatt\u0131m. Baz\u0131lar\u0131 anlad\u0131 baz\u0131lar\u0131 anlamad\u0131. Hatta baz\u0131 elmas sahipleri ba\u015fka ustalar tutarak benim i\u015fledi\u011fim elmaslara \u015fekil vermeye \u00e7al\u0131\u015ft\u0131lar. Tabi ki iki \u00fc\u00e7 ustan\u0131n becerisi elmasa zarar verdi. Benim tek amac\u0131m vard\u0131. Elime ge\u00e7en bu nadide elmaslar\u0131 p\u0131rlantaya \u00e7evirmek. D\u00f6rt y\u0131l sonunda elime teslim edilen bu elmaslar\u0131 p\u0131rlanta olarak sahiplerine teslim ediyorum. Bundan sonra da art\u0131k bu elmaslar \u00fczerinde ba\u015fka ustalar ince i\u015f\u00e7ilik ve r\u00f6tu\u015f \u00e7al\u0131\u015fmalar\u0131 yapacaklar. Her usta bu p\u0131rlantalara ayr\u0131 bir \u0131\u015f\u0131k h\u00fczmesi ekleyecek&#8230; \u00d6\u011fretmenler elmaslar\u0131 i\u015fleyen ustalard\u0131r. Bazen bu elmaslar p\u0131rlantaya d\u00f6n\u00fc\u015f\u00fcr, bazen de yanl\u0131\u015f ellerde cam par\u00e7as\u0131na d\u00f6n\u00fc\u015febilir. Umar\u0131m hep do\u011fru ustalar kar\u015f\u0131n\u0131za \u00e7\u0131kar da bu p\u0131rlantalar g\u00fcne\u015fin renklerini sonsuza dek yans\u0131t\u0131rlar. Say\u0131n Anneler ve Babalar, \u00e7ocuklar\u0131n\u0131z\u0131 kendi evlad\u0131m gibi g\u00f6rd\u00fcm, sevdim ve korudum. Kan ba\u011f\u0131 olmadan \u00e7ocuklar\u0131n\u0131z\u0131 sizin kadar seven, onlara gelecek haz\u0131rlayan ben; ilhan Demir, bu veda mektubu ile size son hayat dersimi anlatmaya \u00e7al\u0131\u015ft\u0131m. \u015eimdiye kadar vermi\u015f oldu\u011fum hayat derslerini sevgili \u00f6\u011frencilerim anlad\u0131. Ke\u015fke sizler de anlayabilseydiniz. De\u011ferli velilerim \u015fimdi bana teslim edilen emanetleri sizlere gururla teslim ediyorum. Dikkat edin p\u0131rlantalar\u0131 elinizden d\u00fc\u015f\u00fcrmeyin. D\u00fc\u015f\u00fcr\u00fcrseniz binlerce par\u00e7alara ayr\u0131labilirler. Her \u015fey \u00e7ocuklar i\u00e7indi. Onlar benim hayallerimi, ideallerimi bulutlar\u0131n \u00f6tesine ta\u015f\u0131yacaklar. Onlar\u0131n \u00fczerinde ilhan \u00d6\u011fretmenin imzas\u0131 var. Hepsinin gelecekleri parlakt\u0131r, bundan endi\u015feniz olmas\u0131n. Sevgili \u00f6\u011frencilerime hakk\u0131m\u0131 helal ediyor, yollar\u0131 ayd\u0131nl\u0131k, gelecekleri parlak, bahtlar\u0131, talihleri a\u00e7\u0131k olsun. Sayg\u0131lar\u0131mla \u0130lhan DEM\u0130R <\/p>\n","protected":false},"excerpt":{"rendered":"<p>Ben elmas\u0131m, sarraf sensin; P\u0131rlanta isem, emek senin, Parl\u0131yorsam, y\u0131ld\u0131z senin. Ama bir de par\u00e7alarsan; K\u0131r\u0131k senin, k\u0131r\u0131k senin \u00d6\u011fretmenim\u2026 Eyl\u00fcl 2005&#8217;te bana 40 tane elmas<span class=\"excerpt-hellip\"> [\u2026]<\/span><\/p>\n","protected":false},"featured_media":0,"template":"","meta":{"_monsterinsights_skip_tracking":false,"_monsterinsights_sitenote_active":false,"_monsterinsights_sitenote_note":"","_monsterinsights_sitenote_category":0},"product_brand":[],"product_cat":[15733,12408],"product_tag":[],"class_list":{"0":"post-757416","1":"product","2":"type-product","3":"status-publish","5":"product_cat-resim","6":"product_cat-sanat","7":"pa_cilt-ciltsiz","8":"pa_tur-kitap","9":"pa_yayinevi-gulnar-yayinlari","10":"pa_yazar-ilhan-demir","12":"first","13":"instock","14":"sale","15":"shipping-taxable","16":"purchasable","17":"product-type-simple"},"_links":{"self":[{"href":"https:\/\/roveyayinevi.com.tr\/index.php\/wp-json\/wp\/v2\/product\/757416","targetHints":{"allow":["GET"]}}],"collection":[{"href":"https:\/\/roveyayinevi.com.tr\/index.php\/wp-json\/wp\/v2\/product"}],"about":[{"href":"https:\/\/roveyayinevi.com.tr\/index.php\/wp-json\/wp\/v2\/types\/product"}],"wp:attachment":[{"href":"https:\/\/roveyayinevi.com.tr\/index.php\/wp-json\/wp\/v2\/media?parent=757416"}],"wp:term":[{"taxonomy":"product_brand","embeddable":true,"href":"https:\/\/roveyayinevi.com.tr\/index.php\/wp-json\/wp\/v2\/product_brand?post=757416"},{"taxonomy":"product_cat","embeddable":true,"href":"https:\/\/roveyayinevi.com.tr\/index.php\/wp-json\/wp\/v2\/product_cat?post=757416"},{"taxonomy":"product_tag","embeddable":true,"href":"https:\/\/roveyayinevi.com.tr\/index.php\/wp-json\/wp\/v2\/product_tag?post=757416"}],"curies":[{"name":"wp","href":"https:\/\/api.w.org\/{rel}","templated":true}]}}