{"id":757415,"date":"2025-08-28T07:35:02","date_gmt":"2025-08-28T04:35:02","guid":{"rendered":"https:\/\/roveyayinevi.com.tr\/index.php\/urun\/kalp-kirintisi\/"},"modified":"2026-01-30T03:47:34","modified_gmt":"2026-01-30T00:47:34","slug":"kalp-kirintisi","status":"publish","type":"product","link":"https:\/\/roveyayinevi.com.tr\/index.php\/urun\/kalp-kirintisi\/","title":{"rendered":"Kalp K\u0131r\u0131nt\u0131s\u0131"},"content":{"rendered":"<p>Gel ey son bahar\u0131 bahar yapan Gel ey beni benden alan Ay&#8217;a nurunu Gune\u015f&#8217;e ruhunu veren Gel ki bitsin kainatta ki elem&#8230; Karanl\u0131k D\u00fcnya, zifiri karanl\u0131k Bize kendini a\u00e7 bitsin bu yaln\u0131zl\u0131k Gel g\u00fcle kokusu sinen Gel ey goncam, g\u00fcl\u00fcm Gel varl\u0131\u011f\u0131m\u0131 sana verem <\/p>\n","protected":false},"excerpt":{"rendered":"<p>Gel ey son bahar\u0131 bahar yapan Gel ey beni benden alan Ay&#8217;a nurunu Gune\u015f&#8217;e ruhunu veren Gel ki bitsin kainatta ki elem&#8230; Karanl\u0131k D\u00fcnya, zifiri karanl\u0131k<span class=\"excerpt-hellip\"> [\u2026]<\/span><\/p>\n","protected":false},"featured_media":0,"template":"","meta":{"_monsterinsights_skip_tracking":false,"_monsterinsights_sitenote_active":false,"_monsterinsights_sitenote_note":"","_monsterinsights_sitenote_category":0},"product_brand":[],"product_cat":[12291,12509],"product_tag":[],"class_list":{"0":"post-757415","1":"product","2":"type-product","3":"status-publish","5":"product_cat-edebiyat","6":"product_cat-siir","7":"pa_cilt-ciltsiz","8":"pa_tur-kitap","9":"pa_yayinevi-vova-yayinlari","10":"pa_yazar-firat-aksoy","12":"first","13":"instock","14":"sale","15":"shipping-taxable","16":"purchasable","17":"product-type-simple"},"_links":{"self":[{"href":"https:\/\/roveyayinevi.com.tr\/index.php\/wp-json\/wp\/v2\/product\/757415","targetHints":{"allow":["GET"]}}],"collection":[{"href":"https:\/\/roveyayinevi.com.tr\/index.php\/wp-json\/wp\/v2\/product"}],"about":[{"href":"https:\/\/roveyayinevi.com.tr\/index.php\/wp-json\/wp\/v2\/types\/product"}],"wp:attachment":[{"href":"https:\/\/roveyayinevi.com.tr\/index.php\/wp-json\/wp\/v2\/media?parent=757415"}],"wp:term":[{"taxonomy":"product_brand","embeddable":true,"href":"https:\/\/roveyayinevi.com.tr\/index.php\/wp-json\/wp\/v2\/product_brand?post=757415"},{"taxonomy":"product_cat","embeddable":true,"href":"https:\/\/roveyayinevi.com.tr\/index.php\/wp-json\/wp\/v2\/product_cat?post=757415"},{"taxonomy":"product_tag","embeddable":true,"href":"https:\/\/roveyayinevi.com.tr\/index.php\/wp-json\/wp\/v2\/product_tag?post=757415"}],"curies":[{"name":"wp","href":"https:\/\/api.w.org\/{rel}","templated":true}]}}