{"id":757414,"date":"2025-08-28T07:35:01","date_gmt":"2025-08-28T04:35:01","guid":{"rendered":"https:\/\/roveyayinevi.com.tr\/index.php\/urun\/nasil-olduler\/"},"modified":"2026-01-30T03:47:34","modified_gmt":"2026-01-30T00:47:34","slug":"nasil-olduler","status":"publish","type":"product","link":"https:\/\/roveyayinevi.com.tr\/index.php\/urun\/nasil-olduler\/","title":{"rendered":"Nas\u0131l \u00d6ld\u00fcler"},"content":{"rendered":"<p>Onlar; \u0130nsanlar aras\u0131ndan se\u00e7ilmi\u015f farkl\u0131l\u0131klar\u0131 olan insanlard\u0131, Onlar; Ama\u00e7lar\u0131, hedefleri, misyonlar\u0131 i\u00e7in ya\u015fad\u0131, ki\u015fisel hareket etmedi, Onlar; Yapt\u0131klar\u0131yla, s\u00f6yledikleri ile isimlerini tarih sayfalar\u0131na yazd\u0131rd\u0131, Onlar; Herkesten farkl\u0131 ya\u015fad\u0131, farkl\u0131 sevdi, farkl\u0131 a\u011flad\u0131, Onlar; Konu\u015fmalar\u0131yla kitleleri ikna etti, kendilerine inand\u0131rd\u0131; sevdirdi, Onlar; Farkl\u0131 d\u00fc\u015f\u00fcnd\u00fc, farkl\u0131 bakt\u0131; farkl\u0131 g\u00f6rd\u00fc, Onlar; D\u00fcn unutulmad\u0131lar bug\u00fcn ve yar\u0131n da unutulmayacaklar, Onlar\u0131n \u00f6lece\u011fi ak\u0131llara gelmezdi; ama onlar da \u00f6ld\u00fc, Onlar\u0131n \u00f6l\u00fcmleri farkl\u0131 olmal\u0131yd\u0131, \u00dclkemiz ve d\u00fcnya insanl\u0131\u011f\u0131n\u0131n tan\u0131d\u0131\u011f\u0131 unutulmayan bu isimler nas\u0131l \u00f6ld\u00fcler? Bu sorunun cevab\u0131n\u0131 sizler i\u00e7in ara\u015ft\u0131rd\u0131k ve bu eseri ortaya \u00e7\u0131kard\u0131k. <\/p>\n","protected":false},"excerpt":{"rendered":"<p>Onlar; \u0130nsanlar aras\u0131ndan se\u00e7ilmi\u015f farkl\u0131l\u0131klar\u0131 olan insanlard\u0131, Onlar; Ama\u00e7lar\u0131, hedefleri, misyonlar\u0131 i\u00e7in ya\u015fad\u0131, ki\u015fisel hareket etmedi, Onlar; Yapt\u0131klar\u0131yla, s\u00f6yledikleri ile isimlerini tarih sayfalar\u0131na yazd\u0131rd\u0131, Onlar; Herkesten<span class=\"excerpt-hellip\"> [\u2026]<\/span><\/p>\n","protected":false},"featured_media":0,"template":"","meta":{"_monsterinsights_skip_tracking":false,"_monsterinsights_sitenote_active":false,"_monsterinsights_sitenote_note":"","_monsterinsights_sitenote_category":0},"product_brand":[],"product_cat":[12370,12304],"product_tag":[],"class_list":{"0":"post-757414","1":"product","2":"type-product","3":"status-publish","5":"product_cat-arastirma-inceleme","6":"product_cat-tarih","7":"pa_cilt-ciltsiz","8":"pa_tur-kitap","9":"pa_yayinevi-vova-yayinlari","10":"pa_yazar-eyup-ozdumanlar","12":"first","13":"instock","14":"sale","15":"shipping-taxable","16":"purchasable","17":"product-type-simple"},"_links":{"self":[{"href":"https:\/\/roveyayinevi.com.tr\/index.php\/wp-json\/wp\/v2\/product\/757414","targetHints":{"allow":["GET"]}}],"collection":[{"href":"https:\/\/roveyayinevi.com.tr\/index.php\/wp-json\/wp\/v2\/product"}],"about":[{"href":"https:\/\/roveyayinevi.com.tr\/index.php\/wp-json\/wp\/v2\/types\/product"}],"wp:attachment":[{"href":"https:\/\/roveyayinevi.com.tr\/index.php\/wp-json\/wp\/v2\/media?parent=757414"}],"wp:term":[{"taxonomy":"product_brand","embeddable":true,"href":"https:\/\/roveyayinevi.com.tr\/index.php\/wp-json\/wp\/v2\/product_brand?post=757414"},{"taxonomy":"product_cat","embeddable":true,"href":"https:\/\/roveyayinevi.com.tr\/index.php\/wp-json\/wp\/v2\/product_cat?post=757414"},{"taxonomy":"product_tag","embeddable":true,"href":"https:\/\/roveyayinevi.com.tr\/index.php\/wp-json\/wp\/v2\/product_tag?post=757414"}],"curies":[{"name":"wp","href":"https:\/\/api.w.org\/{rel}","templated":true}]}}