{"id":757413,"date":"2025-08-28T07:34:59","date_gmt":"2025-08-28T04:34:59","guid":{"rendered":"https:\/\/roveyayinevi.com.tr\/index.php\/urun\/yasanilan-siirler\/"},"modified":"2026-01-30T03:47:34","modified_gmt":"2026-01-30T00:47:34","slug":"yasanilan-siirler","status":"publish","type":"product","link":"https:\/\/roveyayinevi.com.tr\/index.php\/urun\/yasanilan-siirler\/","title":{"rendered":"Ya\u015fan\u0131lan \u015eiirler"},"content":{"rendered":"<p>A\u015eK- DEM A\u015fk, kolay s\u00f6ylenilen olmamal\u0131, A\u015f\u0131k, yalandan sa\u00e7 ba\u015f yolmamal\u0131, Hik\u00e2yeden laflarla dolmamal\u0131, Canan\u0131na ko\u015fulsuz varmakt\u0131r a\u015fk\u2026   Yunus, A\u015fk i\u00e7in yok sayd\u0131 kendini, Mevl\u00e2na, yerde bulamaz dengini, Karacao\u011flan da\u011f, ta\u015f\u0131, engini, Gezer de nerde? diye sormakt\u0131r a\u015fk\u2026   Pir Nesiminin y\u00fczd\u00fcler derisin, A\u015fka varm\u0131\u015fsan Hayyam\u2019\u0131n erisin, Pir sultan\u0131n darda verdi\u011fi serisin, Yekten seri, urgana vermektir a\u015fk\u2026   Cahil anlamaz demi, demlendim der, Halbuki dem, ho\u015f g\u00f6n\u00fclde bulur yer, Bil! \u00e7ok A\u015fka, deme, ermi\u015f Ali\u2019ler, G\u00f6n\u00fcllere samimi girmektir a\u015fk\u2026 <\/p>\n","protected":false},"excerpt":{"rendered":"<p>A\u015eK- DEM A\u015fk, kolay s\u00f6ylenilen olmamal\u0131, A\u015f\u0131k, yalandan sa\u00e7 ba\u015f yolmamal\u0131, Hik\u00e2yeden laflarla dolmamal\u0131, Canan\u0131na ko\u015fulsuz varmakt\u0131r a\u015fk\u2026 Yunus, A\u015fk i\u00e7in yok sayd\u0131 kendini, Mevl\u00e2na, yerde<span class=\"excerpt-hellip\"> [\u2026]<\/span><\/p>\n","protected":false},"featured_media":0,"template":"","meta":{"_monsterinsights_skip_tracking":false,"_monsterinsights_sitenote_active":false,"_monsterinsights_sitenote_note":"","_monsterinsights_sitenote_category":0},"product_brand":[],"product_cat":[12291,12509],"product_tag":[],"class_list":{"0":"post-757413","1":"product","2":"type-product","3":"status-publish","5":"product_cat-edebiyat","6":"product_cat-siir","7":"pa_cilt-ciltsiz","8":"pa_tur-kitap","9":"pa_yayinevi-vova-yayinlari","10":"pa_yazar-ali-ozdinc","12":"first","13":"instock","14":"sale","15":"shipping-taxable","16":"purchasable","17":"product-type-simple"},"_links":{"self":[{"href":"https:\/\/roveyayinevi.com.tr\/index.php\/wp-json\/wp\/v2\/product\/757413","targetHints":{"allow":["GET"]}}],"collection":[{"href":"https:\/\/roveyayinevi.com.tr\/index.php\/wp-json\/wp\/v2\/product"}],"about":[{"href":"https:\/\/roveyayinevi.com.tr\/index.php\/wp-json\/wp\/v2\/types\/product"}],"wp:attachment":[{"href":"https:\/\/roveyayinevi.com.tr\/index.php\/wp-json\/wp\/v2\/media?parent=757413"}],"wp:term":[{"taxonomy":"product_brand","embeddable":true,"href":"https:\/\/roveyayinevi.com.tr\/index.php\/wp-json\/wp\/v2\/product_brand?post=757413"},{"taxonomy":"product_cat","embeddable":true,"href":"https:\/\/roveyayinevi.com.tr\/index.php\/wp-json\/wp\/v2\/product_cat?post=757413"},{"taxonomy":"product_tag","embeddable":true,"href":"https:\/\/roveyayinevi.com.tr\/index.php\/wp-json\/wp\/v2\/product_tag?post=757413"}],"curies":[{"name":"wp","href":"https:\/\/api.w.org\/{rel}","templated":true}]}}