{"id":757412,"date":"2025-08-28T07:34:58","date_gmt":"2025-08-28T04:34:58","guid":{"rendered":"https:\/\/roveyayinevi.com.tr\/index.php\/urun\/nesne-iliskileri\/"},"modified":"2026-04-16T03:10:39","modified_gmt":"2026-04-16T00:10:39","slug":"nesne-iliskileri","status":"publish","type":"product","link":"https:\/\/roveyayinevi.com.tr\/index.php\/urun\/nesne-iliskileri\/","title":{"rendered":"Nesne \u0130li\u015fkileri"},"content":{"rendered":"<p>Daha \u00f6nce yay\u0131mlad\u0131\u011f\u0131m\u0131z Haset ve \u015e\u00fckran\u2019\u0131 da kapsayan bu kitap Melanie Klein\u2019\u0131n 1946\u2019dan 1960\u2019taki \u00f6l\u00fcm\u00fcne dek yazd\u0131\u011f\u0131 metinleri bir araya getiriyor. Nesne ili\u015fkileri kuram\u0131n\u0131n k\u00f6\u015fe ta\u015flar\u0131n\u0131 olu\u015fturan yaz\u0131lar birlikte okundu\u011funda Klein\u2019\u0131n d\u00fc\u015f\u00fcncesini b\u00fct\u00fcn boyutlar\u0131yla tan\u0131ma imk\u00e2n\u0131 sunuyor.   Kitapta psikanalizin kuramsal ve klinik alanlar\u0131na dair katk\u0131lar\u0131n yan\u0131 s\u0131ra, psikanalitik edebiyat incelemesi say\u0131labilecek, biri Oresteia di\u011feri Julien Green\u2019in bir roman\u0131 \u00fcst\u00fcne iki yaz\u0131 ve ruh sa\u011fl\u0131\u011f\u0131 konular\u0131n\u0131n herkesin anlayabilece\u011fi bir dille anlat\u0131ld\u0131\u011f\u0131 yaz\u0131lar yer al\u0131yor.    <\/p>\n","protected":false},"excerpt":{"rendered":"<p>Daha \u00f6nce yay\u0131mlad\u0131\u011f\u0131m\u0131z Haset ve \u015e\u00fckran\u2019\u0131 da kapsayan bu kitap Melanie Klein\u2019\u0131n 1946\u2019dan 1960\u2019taki \u00f6l\u00fcm\u00fcne dek yazd\u0131\u011f\u0131 metinleri bir araya getiriyor. Nesne ili\u015fkileri kuram\u0131n\u0131n k\u00f6\u015fe ta\u015flar\u0131n\u0131<span class=\"excerpt-hellip\"> [\u2026]<\/span><\/p>\n","protected":false},"featured_media":0,"template":"","meta":{"_monsterinsights_skip_tracking":false,"_monsterinsights_sitenote_active":false,"_monsterinsights_sitenote_note":"","_monsterinsights_sitenote_category":0},"product_brand":[],"product_cat":[12358,12357],"product_tag":[],"class_list":{"0":"post-757412","1":"product","2":"type-product","3":"status-publish","5":"product_cat-genel-psikoloji","6":"product_cat-psikoloji","7":"pa_cilt-ciltsiz","8":"pa_tur-kitap","9":"pa_yayinevi-metis-yayinlari","10":"pa_yazar-melanie-klein","12":"first","13":"instock","14":"sale","15":"shipping-taxable","16":"purchasable","17":"product-type-simple"},"_links":{"self":[{"href":"https:\/\/roveyayinevi.com.tr\/index.php\/wp-json\/wp\/v2\/product\/757412","targetHints":{"allow":["GET"]}}],"collection":[{"href":"https:\/\/roveyayinevi.com.tr\/index.php\/wp-json\/wp\/v2\/product"}],"about":[{"href":"https:\/\/roveyayinevi.com.tr\/index.php\/wp-json\/wp\/v2\/types\/product"}],"wp:attachment":[{"href":"https:\/\/roveyayinevi.com.tr\/index.php\/wp-json\/wp\/v2\/media?parent=757412"}],"wp:term":[{"taxonomy":"product_brand","embeddable":true,"href":"https:\/\/roveyayinevi.com.tr\/index.php\/wp-json\/wp\/v2\/product_brand?post=757412"},{"taxonomy":"product_cat","embeddable":true,"href":"https:\/\/roveyayinevi.com.tr\/index.php\/wp-json\/wp\/v2\/product_cat?post=757412"},{"taxonomy":"product_tag","embeddable":true,"href":"https:\/\/roveyayinevi.com.tr\/index.php\/wp-json\/wp\/v2\/product_tag?post=757412"}],"curies":[{"name":"wp","href":"https:\/\/api.w.org\/{rel}","templated":true}]}}