{"id":757411,"date":"2025-08-28T07:34:57","date_gmt":"2025-08-28T04:34:57","guid":{"rendered":"https:\/\/roveyayinevi.com.tr\/index.php\/urun\/cinsiyet-siyaseti\/"},"modified":"2026-04-16T03:10:39","modified_gmt":"2026-04-16T00:10:39","slug":"cinsiyet-siyaseti","status":"publish","type":"product","link":"https:\/\/roveyayinevi.com.tr\/index.php\/urun\/cinsiyet-siyaseti\/","title":{"rendered":"Cinsiyet Siyaseti"},"content":{"rendered":"<p>Freud, cinselli\u011fi sadece fiziksel bir olgu olarak de\u011fil, ayn\u0131 zamanda ruhsal bir s\u00fcre\u00e7 olarak ele al\u0131rken, insanlar\u0131n cinsel d\u00fcrt\u00fclerini ve isteklerini nas\u0131l deneyimledi\u011fini ve bu deneyimlerin hayatlar\u0131n\u0131 nas\u0131l etkiledi\u011fini detayl\u0131 bir \u015fekilde inceliyor. Cinsiyetin \u00e7ocukluk d\u00f6neminden yeti\u015fkinli\u011fe kadar olan geli\u015fim s\u00fcrecine olan etkilerini a\u00e7\u0131klarken, edebiyat, mitoloji ve klinik vakalar\u0131 kullanarak kuram\u0131n\u0131 destekliyor. Bu kitap, Freud&#8217;un d\u00fc\u015f\u00fcnce tarz\u0131n\u0131, analitik zekas\u0131n\u0131 ve insan zihnini anlama konusundaki derin bilgisini sergilemektedir. Cinsiyet ve cinsellikle ilgili sorular\u0131n\u0131z\u0131 yan\u0131tlamak i\u00e7in, bununla birlikte mask\u00fclenlik, Odipus Kompleksi gibi birbirinden farkl\u0131 ve k\u0131\u015fk\u0131rt\u0131c\u0131 ba\u015fl\u0131klarla ilgili detayl\u0131 ve ince bir analiz i\u00e7in bir ba\u015fvuru kayna\u011f\u0131 olarak hala g\u00fcncel ve etkileyici bir okuma sunmaktad\u0131r. Freud&#8217;un &#8220;Cinsiyet Siyaseti&#8221; adl\u0131 bu eseri, insan psikolojisinin ve cinselli\u011fin karma\u015f\u0131kl\u0131\u011f\u0131na ilgi duyan herkes i\u00e7in zorlu ve d\u00fc\u015f\u00fcnd\u00fcr\u00fcc\u00fc bir okuma sunuyor. Freud&#8217;un teorilerini daha yak\u0131ndan ke\u015ffetmek ve insan cinselli\u011finin derinliklerine inmek isteyenler i\u00e7in ka\u00e7\u0131r\u0131lmamas\u0131 gereken bir eser. <\/p>\n","protected":false},"excerpt":{"rendered":"<p>Freud, cinselli\u011fi sadece fiziksel bir olgu olarak de\u011fil, ayn\u0131 zamanda ruhsal bir s\u00fcre\u00e7 olarak ele al\u0131rken, insanlar\u0131n cinsel d\u00fcrt\u00fclerini ve isteklerini nas\u0131l deneyimledi\u011fini ve bu deneyimlerin<span class=\"excerpt-hellip\"> [\u2026]<\/span><\/p>\n","protected":false},"featured_media":0,"template":"","meta":{"_monsterinsights_skip_tracking":false,"_monsterinsights_sitenote_active":false,"_monsterinsights_sitenote_note":"","_monsterinsights_sitenote_category":0},"product_brand":[],"product_cat":[12388],"product_tag":[],"class_list":{"0":"post-757411","1":"product","2":"type-product","3":"status-publish","5":"product_cat-felsefe","6":"pa_cilt-ciltsiz","7":"pa_tur-kitap","8":"pa_yayinevi-kirmizi-ada-yayinlari","9":"pa_yazar-sigmund-freud","11":"first","12":"instock","13":"sale","14":"shipping-taxable","15":"purchasable","16":"product-type-simple"},"_links":{"self":[{"href":"https:\/\/roveyayinevi.com.tr\/index.php\/wp-json\/wp\/v2\/product\/757411","targetHints":{"allow":["GET"]}}],"collection":[{"href":"https:\/\/roveyayinevi.com.tr\/index.php\/wp-json\/wp\/v2\/product"}],"about":[{"href":"https:\/\/roveyayinevi.com.tr\/index.php\/wp-json\/wp\/v2\/types\/product"}],"wp:attachment":[{"href":"https:\/\/roveyayinevi.com.tr\/index.php\/wp-json\/wp\/v2\/media?parent=757411"}],"wp:term":[{"taxonomy":"product_brand","embeddable":true,"href":"https:\/\/roveyayinevi.com.tr\/index.php\/wp-json\/wp\/v2\/product_brand?post=757411"},{"taxonomy":"product_cat","embeddable":true,"href":"https:\/\/roveyayinevi.com.tr\/index.php\/wp-json\/wp\/v2\/product_cat?post=757411"},{"taxonomy":"product_tag","embeddable":true,"href":"https:\/\/roveyayinevi.com.tr\/index.php\/wp-json\/wp\/v2\/product_tag?post=757411"}],"curies":[{"name":"wp","href":"https:\/\/api.w.org\/{rel}","templated":true}]}}