{"id":757410,"date":"2025-08-28T07:34:55","date_gmt":"2025-08-28T04:34:55","guid":{"rendered":"https:\/\/roveyayinevi.com.tr\/index.php\/urun\/telasinla-degil-mucizenle-yasa\/"},"modified":"2026-04-16T03:10:39","modified_gmt":"2026-04-16T00:10:39","slug":"telasinla-degil-mucizenle-yasa","status":"publish","type":"product","link":"https:\/\/roveyayinevi.com.tr\/index.php\/urun\/telasinla-degil-mucizenle-yasa\/","title":{"rendered":"Tela\u015f\u0131nla De\u011fil Mucizenle Ya\u015fa"},"content":{"rendered":"<p>Her \u015fey sadece kendi i\u00e7inden do\u011far. Tohumu i\u00e7inde olmayan hi\u00e7bir \u015fey yeniden do\u011fmaz ki. Bazen yeniden do\u011fmak, yeniden yola \u00e7\u0131kmakla ba\u015flar. \u0130\u00e7indeki yolu g\u00f6r\u00fcp, orada y\u00fcr\u00fcmeyi bilmeli insan, i\u00e7indeki mucizeyi bulmal\u0131 \u00f6nce. Hayat\u0131 \u0131skalamadan, anlaml\u0131 ve co\u015fkulu ya\u015famay\u0131 bilmeli\u2026 Yava\u015flamal\u0131, kendini hissetmeli, i\u00e7ine d\u00f6nmeli ve i\u00e7indeki mucizeyi kendi bulmal\u0131 insan. Tela\u015fs\u0131z ya\u015famaya bakmal\u0131, durmas\u0131n\u0131 bilmeli, ald\u0131\u011f\u0131 nefesin bile emanet oldu\u011funu unutmadan ya\u015famay\u0131 ke\u015ffedebilmeli\u2026 Hayat\u0131n ka\u00e7\u0131r\u0131lmamas\u0131 gereken duraklar\u0131n\u0131 bilmeli ve yava\u015flamal\u0131. S\u0131rt\u0131ndaki y\u00fckleri cesaretle at\u0131p, hayat\u0131n ger\u00e7ek rengini, kokusunu hissetmeli art\u0131k. Yolculu\u011fa kendisinden ba\u015flamam\u0131\u015f her insan\u0131n bir yan\u0131 nas\u0131l yar\u0131msa, di\u011fer yan\u0131n\u0131 bulmak i\u00e7in de \u00f6nce kendine gitmeyi bilmeli. Vesselam, gitmek laz\u0131m pi\u015fmek i\u00e7in, gitmek laz\u0131m \u00f6lmeden \u00f6nce ya\u015famak i\u00e7in\u2026 Bu kitap da yolculu\u011funda sana \u0131\u015f\u0131k ve g\u00fc\u00e7 vermesi umuduyla yaz\u0131ld\u0131. <\/p>\n","protected":false},"excerpt":{"rendered":"<p>Her \u015fey sadece kendi i\u00e7inden do\u011far. Tohumu i\u00e7inde olmayan hi\u00e7bir \u015fey yeniden do\u011fmaz ki. Bazen yeniden do\u011fmak, yeniden yola \u00e7\u0131kmakla ba\u015flar. \u0130\u00e7indeki yolu g\u00f6r\u00fcp, orada y\u00fcr\u00fcmeyi<span class=\"excerpt-hellip\"> [\u2026]<\/span><\/p>\n","protected":false},"featured_media":0,"template":"","meta":{"_monsterinsights_skip_tracking":false,"_monsterinsights_sitenote_active":false,"_monsterinsights_sitenote_note":"","_monsterinsights_sitenote_category":0},"product_brand":[],"product_cat":[12777,12291],"product_tag":[],"class_list":{"0":"post-757410","1":"product","2":"type-product","3":"status-publish","5":"product_cat-deneme","6":"product_cat-edebiyat","7":"pa_cilt-ciltsiz","8":"pa_tur-kitap","9":"pa_yayinevi-kirmizi-ada-yayinlari","10":"pa_yazar-kemal-demir","12":"first","13":"instock","14":"sale","15":"shipping-taxable","16":"purchasable","17":"product-type-simple"},"_links":{"self":[{"href":"https:\/\/roveyayinevi.com.tr\/index.php\/wp-json\/wp\/v2\/product\/757410","targetHints":{"allow":["GET"]}}],"collection":[{"href":"https:\/\/roveyayinevi.com.tr\/index.php\/wp-json\/wp\/v2\/product"}],"about":[{"href":"https:\/\/roveyayinevi.com.tr\/index.php\/wp-json\/wp\/v2\/types\/product"}],"wp:attachment":[{"href":"https:\/\/roveyayinevi.com.tr\/index.php\/wp-json\/wp\/v2\/media?parent=757410"}],"wp:term":[{"taxonomy":"product_brand","embeddable":true,"href":"https:\/\/roveyayinevi.com.tr\/index.php\/wp-json\/wp\/v2\/product_brand?post=757410"},{"taxonomy":"product_cat","embeddable":true,"href":"https:\/\/roveyayinevi.com.tr\/index.php\/wp-json\/wp\/v2\/product_cat?post=757410"},{"taxonomy":"product_tag","embeddable":true,"href":"https:\/\/roveyayinevi.com.tr\/index.php\/wp-json\/wp\/v2\/product_tag?post=757410"}],"curies":[{"name":"wp","href":"https:\/\/api.w.org\/{rel}","templated":true}]}}