{"id":757409,"date":"2025-08-28T07:34:54","date_gmt":"2025-08-28T04:34:54","guid":{"rendered":"https:\/\/roveyayinevi.com.tr\/index.php\/urun\/filozoflarin-ozellikleri\/"},"modified":"2026-04-16T03:10:39","modified_gmt":"2026-04-16T00:10:39","slug":"filozoflarin-ozellikleri","status":"publish","type":"product","link":"https:\/\/roveyayinevi.com.tr\/index.php\/urun\/filozoflarin-ozellikleri\/","title":{"rendered":"Filozoflar\u0131n \u00d6zellikleri"},"content":{"rendered":"<p>Prof. Dr. Nihat Keklik, \u0130.\u00dc. Edebiyat Fak. Felsefe B\u00f6l. T\u00fcrk-\u0130slam D\u00fc\u015f\u00fcncesi ABD&#8217;n\u0131n kurucusu (19.12.1971) ve \u00f6\u011fretim \u00fcyesi olarak g\u00f6rev yapm\u0131\u015ft\u0131r. Bu Anabilim Dal\u0131, \u00fclkemizde s\u00f6z konusu alanda, ilk kez, felsefe b\u00f6l\u00fcm\u00fc i\u00e7inde bir ihtisas alan\u0131 olarak ortaya \u00e7\u0131km\u0131\u015ft\u0131r. Akademik ya\u015fam\u0131n temel \u00f6zelliklerinden birisi, \u00f6zellikle sosyal bilimlerde, ge\u00e7mi\u015fin -uzmanca bilgilerle- ortaya konulmas\u0131d\u0131r; bu bilgiler gelecek ku\u015faklara yol g\u00f6sterici birer deneyim g\u00f6revine de sahiptirler. Bu ili\u015fki, her toplumun tarihini bug\u00fcne ta\u015f\u0131mas\u0131 demektir. B\u00f6ylece tarih, olup bitmi\u015f olaylar olmaktan \u00e7\u0131kar; ve hem bug\u00fcn\u00fc anlamak hem de bug\u00fcn\u00fcn sorunlar\u0131 ile ilgi i\u00e7inde ge\u00e7mi\u015fi yeniden yorumlayabilmek m\u00fcmk\u00fcn h\u00e2le gelir. Elinizdeki bu kitap, ge\u00e7mi\u015fin yorumlanmas\u0131 ile bug\u00fcn anla\u015f\u0131lmas\u0131 a\u00e7\u0131s\u0131ndan okuyucuya \u00e7ok verimli ipu\u00e7lar\u0131 sunmaktad\u0131r.  Tarih elbette ge\u00e7mi\u015fte kalm\u0131\u015ft\u0131r; onu de\u011ferli k\u0131lan \u00f6zelli\u011fi, g\u00fcn\u00fcm\u00fcz\u00fcn sorunlar\u0131na bak\u0131\u015fta, onlar\u0131 te\u015fhiste ve onlara \u00e7\u00f6z\u00fcm aramada yol g\u00f6sterici olabilmesidir. Ge\u00e7mi\u015fteki ba\u015far\u0131lar\u0131 tekrarlamak i\u00e7in onlar\u0131 y\u00fcceltmek yeterli de\u011fildir; \u00e7\u00fcnk\u00fc hi\u00e7bir sorun ge\u00e7mi\u015fi bug\u00fcne oldu\u011fu gibi ta\u015f\u0131yarak \u00e7\u00f6z\u00fcmlenemez. Prof. Keklik&#8217;in s\u00f6z konusu Anabilim Dal\u0131\u2019n\u0131 kurmaktaki amac\u0131n\u0131n ge\u00e7mi\u015f ile g\u00fcn\u00fcm\u00fcz aras\u0131nda k\u00f6pr\u00fc tesis etmek oldu\u011funu s\u00f6ylemek m\u00fcmk\u00fcnd\u00fcr, ama eksiktir; \u00e7\u00fcnk\u00fc, a\u00e7\u0131kt\u0131r ki, T\u00fcrk-\u0130slam d\u00fcnyas\u0131nda yap\u0131lm\u0131\u015f olan \u00e7al\u0131\u015fmalar\u0131n bug\u00fcne ta\u015f\u0131nabilmesi i\u00e7in ehil ellerce incelenmesi gerekir. Prof. Keklik, mill\u00ee k\u00fclt\u00fcr a\u00e7\u0131s\u0131ndan, bir T\u00fcrk Felsefesi telakkisine gerek oldu\u011funu ve T\u00fcrk-\u0130slam Felsefesi kavram\u0131n\u0131n somutla\u015ft\u0131r\u0131lmas\u0131 ger\u00e7e\u011fini fark ederek bu yolda \u00e7ok \u00f6nemli bir ad\u0131m atm\u0131\u015ft\u0131r. Prof. Keklik&#8217;in bu kitab\u0131 ve yine Bilge K\u00fclt\u00fcr Sanat taraf\u0131ndan bir seri olarak yay\u0131mlanacak di\u011fer kitaplar\u0131, okuyucuya bir d\u00f6nemi Yeni\u00e7a\u011f filozoflar\u0131 ile k\u0131yaslamal\u0131 olarak vermesi a\u00e7\u0131s\u0131ndan ayr\u0131 bir \u00f6neme sahiptir. Prof. Dr. Nihat Keklik\u2019in Orta\u00e7a\u011f T\u00fcrk-\u0130slam d\u00fcnyas\u0131n\u0131 \u00e7ok y\u00f6nl\u00fc olarak uzmanca inceleyen \u00e7al\u0131\u015fmalar\u0131, sadece bu d\u00f6neme ilgi duyanlar i\u00e7in de\u011fil, sade anlat\u0131m\u0131yla genel okuyucu i\u00e7in de e\u015fsiz bir kaynak de\u011ferindedir. Prof. Dr. \u015eafak Ural   <\/p>\n","protected":false},"excerpt":{"rendered":"<p>Prof. Dr. Nihat Keklik, \u0130.\u00dc. Edebiyat Fak. Felsefe B\u00f6l. T\u00fcrk-\u0130slam D\u00fc\u015f\u00fcncesi ABD&#8217;n\u0131n kurucusu (19.12.1971) ve \u00f6\u011fretim \u00fcyesi olarak g\u00f6rev yapm\u0131\u015ft\u0131r. Bu Anabilim Dal\u0131, \u00fclkemizde s\u00f6z konusu<span class=\"excerpt-hellip\"> [\u2026]<\/span><\/p>\n","protected":false},"featured_media":0,"template":"","meta":{"_monsterinsights_skip_tracking":false,"_monsterinsights_sitenote_active":false,"_monsterinsights_sitenote_note":"","_monsterinsights_sitenote_category":0},"product_brand":[],"product_cat":[12389,12388],"product_tag":[],"class_list":{"0":"post-757409","1":"product","2":"type-product","3":"status-publish","5":"product_cat-diger-felsefe","6":"product_cat-felsefe","7":"pa_cilt-ciltsiz","8":"pa_tur-kitap","9":"pa_yayinevi-bilge-kultur-sanat","10":"pa_yazar-nihat-keklik","12":"first","13":"instock","14":"sale","15":"shipping-taxable","16":"purchasable","17":"product-type-simple"},"_links":{"self":[{"href":"https:\/\/roveyayinevi.com.tr\/index.php\/wp-json\/wp\/v2\/product\/757409","targetHints":{"allow":["GET"]}}],"collection":[{"href":"https:\/\/roveyayinevi.com.tr\/index.php\/wp-json\/wp\/v2\/product"}],"about":[{"href":"https:\/\/roveyayinevi.com.tr\/index.php\/wp-json\/wp\/v2\/types\/product"}],"wp:attachment":[{"href":"https:\/\/roveyayinevi.com.tr\/index.php\/wp-json\/wp\/v2\/media?parent=757409"}],"wp:term":[{"taxonomy":"product_brand","embeddable":true,"href":"https:\/\/roveyayinevi.com.tr\/index.php\/wp-json\/wp\/v2\/product_brand?post=757409"},{"taxonomy":"product_cat","embeddable":true,"href":"https:\/\/roveyayinevi.com.tr\/index.php\/wp-json\/wp\/v2\/product_cat?post=757409"},{"taxonomy":"product_tag","embeddable":true,"href":"https:\/\/roveyayinevi.com.tr\/index.php\/wp-json\/wp\/v2\/product_tag?post=757409"}],"curies":[{"name":"wp","href":"https:\/\/api.w.org\/{rel}","templated":true}]}}