{"id":757408,"date":"2025-08-28T07:34:52","date_gmt":"2025-08-28T04:34:52","guid":{"rendered":"https:\/\/roveyayinevi.com.tr\/index.php\/urun\/kandira-gunlukleri\/"},"modified":"2026-04-16T03:10:39","modified_gmt":"2026-04-16T00:10:39","slug":"kandira-gunlukleri","status":"publish","type":"product","link":"https:\/\/roveyayinevi.com.tr\/index.php\/urun\/kandira-gunlukleri\/","title":{"rendered":"Kand\u0131ra G\u00fcnl\u00fckleri"},"content":{"rendered":"<p>Kand\u0131ra insan\u0131 filozof ediyor, \u015fair yap\u0131yor. D\u00fc\u015f\u00fcnmeyi \u00f6\u011freniyor insan, ah neler neler d\u00fc\u015f\u00fcn\u00fcyor; insano\u011flunun tabiat\u0131n\u0131 tan\u0131yor.              Ak\u0131ldan nice iyi ve k\u00f6t\u00fc \u015feyler gelip ge\u00e7iyor yaln\u0131z gecelerde. \u015eiirler yazd\u0131r\u0131yor Kand\u0131ra insana, \u00f6ncesinde tek bir m\u0131sra dizilmemi\u015f de olsa\u2026             Bu kitapta dostlara ve okuyuculara, Kand\u0131ra\u2019daki odam ile avlumda tek ba\u015f\u0131ma ge\u00e7irdi\u011fim y\u0131llarda yazd\u0131\u011f\u0131m \u015fiirleri sunmaya \u00e7al\u0131\u015ft\u0131m. D\u00f6rtl\u00fcklerde ve sat\u0131rlarda gezinenlere Kand\u0131ra\u2019y\u0131 biraz anlat\u0131p hissettirebilirsem \u015fayet, orada ge\u00e7en zaman\u0131m\u0131n i\u015fe yarad\u0131\u011f\u0131n\u0131 d\u00fc\u015f\u00fcnecek ve \u00e7ok bahtiyar olaca\u011f\u0131m.        \u0130ki katl\u0131 bir ko\u011fu\u015fta,                        Mahpusluk \u00f6lmelerden zor,      Tek ba\u015f\u0131ma ya\u015f\u0131yorum.                   Yat\u0131p \u00e7\u0131km\u0131\u015f olana sor.      Yediye on d\u00f6rt ad\u0131ml\u0131k                    Kimi vakit do\u011fruluyor,      Bir avlum var, ko\u015fuyorum\u2026          Kimi vakit d\u00fc\u015f\u00fcyorum\u2026   <\/p>\n","protected":false},"excerpt":{"rendered":"<p>Kand\u0131ra insan\u0131 filozof ediyor, \u015fair yap\u0131yor. D\u00fc\u015f\u00fcnmeyi \u00f6\u011freniyor insan, ah neler neler d\u00fc\u015f\u00fcn\u00fcyor; insano\u011flunun tabiat\u0131n\u0131 tan\u0131yor. Ak\u0131ldan nice iyi ve k\u00f6t\u00fc \u015feyler gelip ge\u00e7iyor yaln\u0131z gecelerde.<span class=\"excerpt-hellip\"> [\u2026]<\/span><\/p>\n","protected":false},"featured_media":0,"template":"","meta":{"_monsterinsights_skip_tracking":false,"_monsterinsights_sitenote_active":false,"_monsterinsights_sitenote_note":"","_monsterinsights_sitenote_category":0},"product_brand":[],"product_cat":[12291,12509],"product_tag":[],"class_list":{"0":"post-757408","1":"product","2":"type-product","3":"status-publish","5":"product_cat-edebiyat","6":"product_cat-siir","7":"pa_cilt-ciltsiz","8":"pa_tur-kitap","9":"pa_yayinevi-kirmizi-ada-yayinlari","10":"pa_yazar-hasan-dogan","12":"first","13":"instock","14":"sale","15":"shipping-taxable","16":"purchasable","17":"product-type-simple"},"_links":{"self":[{"href":"https:\/\/roveyayinevi.com.tr\/index.php\/wp-json\/wp\/v2\/product\/757408","targetHints":{"allow":["GET"]}}],"collection":[{"href":"https:\/\/roveyayinevi.com.tr\/index.php\/wp-json\/wp\/v2\/product"}],"about":[{"href":"https:\/\/roveyayinevi.com.tr\/index.php\/wp-json\/wp\/v2\/types\/product"}],"wp:attachment":[{"href":"https:\/\/roveyayinevi.com.tr\/index.php\/wp-json\/wp\/v2\/media?parent=757408"}],"wp:term":[{"taxonomy":"product_brand","embeddable":true,"href":"https:\/\/roveyayinevi.com.tr\/index.php\/wp-json\/wp\/v2\/product_brand?post=757408"},{"taxonomy":"product_cat","embeddable":true,"href":"https:\/\/roveyayinevi.com.tr\/index.php\/wp-json\/wp\/v2\/product_cat?post=757408"},{"taxonomy":"product_tag","embeddable":true,"href":"https:\/\/roveyayinevi.com.tr\/index.php\/wp-json\/wp\/v2\/product_tag?post=757408"}],"curies":[{"name":"wp","href":"https:\/\/api.w.org\/{rel}","templated":true}]}}