{"id":757407,"date":"2025-08-28T07:34:50","date_gmt":"2025-08-28T04:34:50","guid":{"rendered":"https:\/\/roveyayinevi.com.tr\/index.php\/urun\/kor-gezgin\/"},"modified":"2026-04-16T03:10:39","modified_gmt":"2026-04-16T00:10:39","slug":"kor-gezgin","status":"publish","type":"product","link":"https:\/\/roveyayinevi.com.tr\/index.php\/urun\/kor-gezgin\/","title":{"rendered":"K\u00f6r Gezgin"},"content":{"rendered":"<p>(&#8230;)Da\u011fl\u0131k co\u011frafyama kanat gerenBu umudun isyan\u0131n\u0131 kim silebilir?Kim bilebilir\u00d6zg\u00fcr bir d\u00fc\u015f\u00fcn de\u011feriniCan verirken hayat\u0131n barikatlar\u0131nda?Devrim t\u00fcrk\u00fcleriyle b\u00fcy\u00fcd\u00fckResimler \u00e7izdik, y\u00fczler boyad\u0131k\u0130zimizi b\u0131rakt\u0131k tarihin yorgun duvarlar\u0131na(&#8230;) <\/p>\n","protected":false},"excerpt":{"rendered":"<p>(&#8230;)Da\u011fl\u0131k co\u011frafyama kanat gerenBu umudun isyan\u0131n\u0131 kim silebilir?Kim bilebilir\u00d6zg\u00fcr bir d\u00fc\u015f\u00fcn de\u011feriniCan verirken hayat\u0131n barikatlar\u0131nda?Devrim t\u00fcrk\u00fcleriyle b\u00fcy\u00fcd\u00fckResimler \u00e7izdik, y\u00fczler boyad\u0131k\u0130zimizi b\u0131rakt\u0131k tarihin yorgun duvarlar\u0131na(&#8230;)<\/p>\n","protected":false},"featured_media":0,"template":"","meta":{"_monsterinsights_skip_tracking":false,"_monsterinsights_sitenote_active":false,"_monsterinsights_sitenote_note":"","_monsterinsights_sitenote_category":0},"product_brand":[],"product_cat":[12291,12509],"product_tag":[],"class_list":{"0":"post-757407","1":"product","2":"type-product","3":"status-publish","5":"product_cat-edebiyat","6":"product_cat-siir","7":"pa_cilt-ciltsiz","8":"pa_tur-kitap","9":"pa_yayinevi-nika-yayinevi","10":"pa_yazar-burhanettin-kaya","12":"first","13":"instock","14":"sale","15":"shipping-taxable","16":"purchasable","17":"product-type-simple"},"_links":{"self":[{"href":"https:\/\/roveyayinevi.com.tr\/index.php\/wp-json\/wp\/v2\/product\/757407","targetHints":{"allow":["GET"]}}],"collection":[{"href":"https:\/\/roveyayinevi.com.tr\/index.php\/wp-json\/wp\/v2\/product"}],"about":[{"href":"https:\/\/roveyayinevi.com.tr\/index.php\/wp-json\/wp\/v2\/types\/product"}],"wp:attachment":[{"href":"https:\/\/roveyayinevi.com.tr\/index.php\/wp-json\/wp\/v2\/media?parent=757407"}],"wp:term":[{"taxonomy":"product_brand","embeddable":true,"href":"https:\/\/roveyayinevi.com.tr\/index.php\/wp-json\/wp\/v2\/product_brand?post=757407"},{"taxonomy":"product_cat","embeddable":true,"href":"https:\/\/roveyayinevi.com.tr\/index.php\/wp-json\/wp\/v2\/product_cat?post=757407"},{"taxonomy":"product_tag","embeddable":true,"href":"https:\/\/roveyayinevi.com.tr\/index.php\/wp-json\/wp\/v2\/product_tag?post=757407"}],"curies":[{"name":"wp","href":"https:\/\/api.w.org\/{rel}","templated":true}]}}