{"id":757406,"date":"2025-08-28T07:34:49","date_gmt":"2025-08-28T04:34:49","guid":{"rendered":"https:\/\/roveyayinevi.com.tr\/index.php\/urun\/goc-arastirmalarinda-yontem\/"},"modified":"2026-04-16T03:10:39","modified_gmt":"2026-04-16T00:10:39","slug":"goc-arastirmalarinda-yontem","status":"publish","type":"product","link":"https:\/\/roveyayinevi.com.tr\/index.php\/urun\/goc-arastirmalarinda-yontem\/","title":{"rendered":"G\u00f6\u00e7 Ara\u015ft\u0131rmalar\u0131nda Y\u00f6ntem"},"content":{"rendered":"<p>T\u00fcrkiye\u2019de g\u00f6\u00e7 konusuna ilgi toplumun genelinde oldu\u011fu gibi ara\u015ft\u0131rmac\u0131lar aras\u0131nda da h\u0131zla artmaktad\u0131r. \u00c7e\u015fitli disiplinlerde yap\u0131lan \u00e7al\u0131\u015fmalar\u0131n b\u00fcy\u00fck k\u0131sm\u0131 nitel ara\u015ft\u0131rma metotlar\u0131n\u0131 kullanmaktad\u0131r. Elinizdeki kitap yap\u0131lan nitel ara\u015ft\u0131rma deneyimlerini payla\u015fmakta ve tart\u0131\u015fmaktad\u0131r. \u00c7o\u011fu metodoloji kitab\u0131n\u0131n aksine, \u00f6ncelikli amac\u0131 nas\u0131l ara\u015ft\u0131rma yap\u0131laca\u011f\u0131n\u0131 \u00f6\u011fretmek de\u011fil ara\u015ft\u0131rma deneyimlerini payla\u015fmakt\u0131r. Bu nedenle farkl\u0131 \u00fclke ve ko\u015fullarda, farkl\u0131 disiplinlerden ve ku\u015faklardan ara\u015ft\u0131rmac\u0131lar taraf\u0131ndan yap\u0131lm\u0131\u015f, g\u00f6\u00e7e ili\u015fkin \u00f6nemli nitel ara\u015ft\u0131rma deneyimlerini i\u00e7ermektedir.Nitel ara\u015ft\u0131rma topluluk i\u00e7inde \u00f6\u011frenilir ve hayata ge\u00e7irilir. O y\u00fczden g\u00f6\u00e7 alan\u0131ndaki deneyimlerin payla\u015f\u0131lmas\u0131, nitel ara\u015ft\u0131rma bak\u0131m\u0131ndan \u00f6nemli i\u015flevler g\u00f6rebilir.  Payla\u015f\u0131m \u00e7abalar\u0131n\u0131n yayg\u0131nla\u015ft\u0131r\u0131lmas\u0131, s\u00fcreklile\u015ftirilmesi ve i\u015flevli hale getirilmesi, nitel ara\u015ft\u0131rmay\u0131 anlamak ve uygulamak a\u00e7\u0131s\u0131ndan vazge\u00e7ilmezdir. Elinizdeki \u201cs\u0131rad\u0131\u015f\u0131 kitap\u201d bu \u00e7er\u00e7evede al\u00e7akg\u00f6n\u00fcll\u00fc bir katk\u0131 ve \u00e7a\u011fr\u0131d\u0131r.\u00d6ns\u00f6z SEMA ERDER \u2022 Giri\u015f: Bir Payla\u015f\u0131m S\u00fcreci Olarak Nitel Ara\u015ft\u0131rma \u0130BRAH\u0130M SOYS\u00dcREN, MUSTAFA POYRAZ  \u2022 T\u00fcrkiye\u2019de G\u00f6\u00e7 Ara\u015ft\u0131rmalar\u0131n\u0131n Geli\u015fimi, S\u0131n\u0131rl\u0131l\u0131klar\u0131 ve Sorunlar\u0131 \u00dczerine D\u0130DEM DANI\u015eN\u0130TEL ARA\u015eTIRMA DENEY\u0130MLER\u0130T\u00fcrkiye\u2019de \u201cSaha\u201dda Kad\u0131n Ticareti Sorunuyla Kar\u015f\u0131la\u015fman\u0131n Hikayesi SEMA ERDER, SELM\u0130N KA\u015eKA \u2022 Sosyologdan Beklenen Zanaatk\u00e2rl\u0131k: Frans\u0131z Banliy\u00f6lerinde Yap\u0131lan Bir Ara\u015ft\u0131rma Deneyiminin Analizi MUSTAFA POYRAZ \u2022 Ali\u015far\u2019\u0131n Viz\u00f6r\u00fcnden Gurbet Deryas\u0131nda Seyr\u00fcsefer: \u00c7ok-alanl\u0131 Etnografik Y\u00f6ntem BES\u0130M CAN ZIRH \u2022 Kar\u015f\u0131la\u015ft\u0131rmal\u0131 Bir Ara\u015ft\u0131rman\u0131n Hayata Ge\u00e7irilmesi S\u00fcrecinde Kat\u0131l\u0131mc\u0131 G\u00f6zlem(ci) \u0130BRAH\u0130M SOYS\u00dcREN \u2022 \u201cHassas\u201d Konularda Ara\u015ft\u0131rma Yapmak: Bir Doktora Ara\u015ft\u0131rmas\u0131 S\u00fcreci L\u00dcL\u00dcFER K\u00d6R\u00dcKMEZ \u2022 Feminist Bir Ara\u015ft\u0131rman\u0131n \u0130mkanlar\u0131: Seks Satan G\u00f6\u00e7men Kad\u0131nlarla G\u00f6r\u00fc\u015fmelere Dair Notlar EMEL CO\u015eKUN \u2022 K\u0131s\u0131tl\u0131l\u0131klar\u0131 A\u015fmak, A\u011flar\u0131 Bulmak: T\u00fcrkiye\u2019de G\u00f6\u00e7 ve \u0130ltica Alan\u0131nda \u00c7al\u0131\u015fan Sivil Toplum Akt\u00f6rleri \u00dczerine Bir Saha \u00c7al\u0131\u015fmas\u0131 CANSU AKBA\u015e-DEM\u0130REL \u2022 \u0130kinci ve \u00dc\u00e7\u00fcnc\u00fc Ku\u015fak M\u00fcbadillerle Yap\u0131lan Ara\u015ft\u0131rma Deneyimi  AHU PAK\u00d6Z T\u00dcRKEL\u0130 \u2022 \u201c\u0130\u00e7eriden Yazmak\u201d ya da \u00dclkeye Serpi\u015ftirilmi\u015f Dersimli Zorunlu G\u00f6\u00e7menlerin \u0130zini \u0130\u00e7eriden S\u00fcrmek! \u015e\u00dcKR\u00dc ASLAN \u2022 G\u00f6\u00e7 \u00c7al\u0131\u015fmalar\u0131nda Kat\u0131l\u0131mc\u0131 Eylem Ara\u015ft\u0131rmas\u0131: Kar\u015f\u0131l\u0131kl\u0131 Etkile\u015fim Yoluyla De\u011fi\u015fim AYHAN KAYAMETODOLOJ\u0130 \u00dcZER\u0130NE TARTI\u015eMA KAYITLARISahra Alt\u0131 Afrikal\u0131 G\u00f6\u00e7menlerin Dijital Teknoloji Kullan\u0131m\u0131na \u0130li\u015fkin Saha Ara\u015ft\u0131rmas\u0131 MUSTAFA POYRAZ, \u0130BRAH\u0130M SOYS\u00dcREN, G\u00dcLER CANBULAT, M. YAS\u0130R BODUR \u2022 G\u00f6\u00e7 Ara\u015ft\u0131rmalar\u0131n\u0131n Mutfa\u011f\u0131ndan: Etik, Konu ve Soru Se\u00e7imi, Dil ve Terminoloji \u0130BRAH\u0130M SOYS\u00dcREN, EMEL CO\u015eKUN, L\u00dcL\u00dcFER K\u00d6R\u00dcKMEZ <\/p>\n","protected":false},"excerpt":{"rendered":"<p>T\u00fcrkiye\u2019de g\u00f6\u00e7 konusuna ilgi toplumun genelinde oldu\u011fu gibi ara\u015ft\u0131rmac\u0131lar aras\u0131nda da h\u0131zla artmaktad\u0131r. \u00c7e\u015fitli disiplinlerde yap\u0131lan \u00e7al\u0131\u015fmalar\u0131n b\u00fcy\u00fck k\u0131sm\u0131 nitel ara\u015ft\u0131rma metotlar\u0131n\u0131 kullanmaktad\u0131r. Elinizdeki kitap yap\u0131lan<span class=\"excerpt-hellip\"> [\u2026]<\/span><\/p>\n","protected":false},"featured_media":0,"template":"","meta":{"_monsterinsights_skip_tracking":false,"_monsterinsights_sitenote_active":false,"_monsterinsights_sitenote_note":"","_monsterinsights_sitenote_category":0},"product_brand":[],"product_cat":[12324],"product_tag":[],"class_list":{"0":"post-757406","1":"product","2":"type-product","3":"status-publish","5":"product_cat-sosyoloji","6":"pa_cilt-ciltsiz","7":"pa_tur-kitap","8":"pa_yayinevi-nika-yayinevi","9":"pa_yazar-kolektif","11":"first","12":"instock","13":"sale","14":"shipping-taxable","15":"purchasable","16":"product-type-simple"},"_links":{"self":[{"href":"https:\/\/roveyayinevi.com.tr\/index.php\/wp-json\/wp\/v2\/product\/757406","targetHints":{"allow":["GET"]}}],"collection":[{"href":"https:\/\/roveyayinevi.com.tr\/index.php\/wp-json\/wp\/v2\/product"}],"about":[{"href":"https:\/\/roveyayinevi.com.tr\/index.php\/wp-json\/wp\/v2\/types\/product"}],"wp:attachment":[{"href":"https:\/\/roveyayinevi.com.tr\/index.php\/wp-json\/wp\/v2\/media?parent=757406"}],"wp:term":[{"taxonomy":"product_brand","embeddable":true,"href":"https:\/\/roveyayinevi.com.tr\/index.php\/wp-json\/wp\/v2\/product_brand?post=757406"},{"taxonomy":"product_cat","embeddable":true,"href":"https:\/\/roveyayinevi.com.tr\/index.php\/wp-json\/wp\/v2\/product_cat?post=757406"},{"taxonomy":"product_tag","embeddable":true,"href":"https:\/\/roveyayinevi.com.tr\/index.php\/wp-json\/wp\/v2\/product_tag?post=757406"}],"curies":[{"name":"wp","href":"https:\/\/api.w.org\/{rel}","templated":true}]}}