{"id":757405,"date":"2025-08-28T07:34:48","date_gmt":"2025-08-28T04:34:48","guid":{"rendered":"https:\/\/roveyayinevi.com.tr\/index.php\/urun\/kuresel-aktor-cin-cin-abd-rekabeti\/"},"modified":"2026-04-16T03:10:39","modified_gmt":"2026-04-16T00:10:39","slug":"kuresel-aktor-cin-cin-abd-rekabeti","status":"publish","type":"product","link":"https:\/\/roveyayinevi.com.tr\/index.php\/urun\/kuresel-aktor-cin-cin-abd-rekabeti\/","title":{"rendered":"K\u00fcresel Akt\u00f6r \u00c7in: \u00c7in-ABD Rekabeti"},"content":{"rendered":"<p>Bug\u00fcn Uzakdo\u011fu dendi\u011finde akla gelen \u00fclkelerin ba\u015f\u0131nda \u00c7in gelmektedir. Kadim uygarl\u0131klar\u0131n varislerinden biri olan \u00c7in\u2019in y\u00fczy\u0131llar boyunca b\u00f6lgesinde ve \u00f6tesinde ilgi \u00e7ekti\u011fi ve b\u00fcy\u00fck g\u00fc\u00e7ler aras\u0131ndaki n\u00fcfuz m\u00fccadelesine sahne oldu\u011fu g\u00f6r\u00fclm\u00fc\u015ft\u00fcr. G\u00fcn\u00fcm\u00fcz itibar\u0131yla \u00c7in, hem d\u00fcnya siyasetini etkileyen, hem de uluslararas\u0131 siyasetten etkilenen k\u00fcresel bir akt\u00f6re d\u00f6n\u00fc\u015fm\u00fc\u015f bulunmaktad\u0131r. 19. y\u00fczy\u0131lda ba\u015flay\u0131p, 20. y\u00fczy\u0131l\u0131n ilk yar\u0131s\u0131na kadar olan d\u00f6nem \u00c7in i\u00e7in  \u201ca\u015fa\u011f\u0131lanma y\u00fczy\u0131l\u0131\u201d olarak tan\u0131mlanm\u0131\u015ft\u0131r. 1949\u2019da Mao\u2019nun iktidar\u0131 almas\u0131yla birlikte \u00c7in i\u00e7in yeni bir uyanma \u00e7a\u011f\u0131 ba\u015flam\u0131\u015ft\u0131r. 2012\u2019de Xi Jinping\u2019in i\u015fba\u015f\u0131na gelmesiyle birlikte \u00c7in\u2019in k\u00fcresel \u00e7apta iddial\u0131 proje ve giri\u015fimleri sahneye s\u00fcrd\u00fc\u011f\u00fc g\u00f6zlenmektedir. \u00c7in\u2019in d\u00fcnya siyasetinin hemen her oyuncusu i\u00e7in ilgi oda\u011f\u0131 haline gelen y\u00fckselme \u00e7izgisi kar\u015f\u0131s\u0131nda ABD\u2019nin \u00c7in\u2019i k\u00fcresel siyasetinde ana rakip olarak belirledi\u011fi g\u00f6r\u00fclmektedir. Geldi\u011fimiz a\u015famada, jeoteknolojik rekabet dahil, hemen her alanda g\u00f6zlenen ABD-\u00c7in rekabetinin g\u00fcn\u00fcm\u00fcz uluslararas\u0131 siyasetine damgas\u0131n\u0131 vuran temel inceleme alanlar\u0131ndan biri oldu\u011fu yads\u0131namaz bir ger\u00e7ekli\u011fe d\u00f6n\u00fc\u015fm\u00fc\u015ft\u00fcr.Bu kitapta, y\u00fckselen \u00c7in\u2019in k\u00fcresel siyasetteki konumu, bu ba\u011flamda k\u00fcresel siyaseti \u015fekillendiren \u00c7in-ABD rekabeti ve \u00c7in\u2019in Asya-Pasifik \u00fclkeleriyle ili\u015fkilerindeki dinamik ve \u00f6zellikler geni\u015f bir yelpaze i\u00e7inde irdelenmektedir. Giri\u015f Mehmet Fatih Ceylan \u2022 \u00d6ns\u00f6z \/ \u00c7in: Uyanan Dev mi? Rafet Akgu\u0308nay\u2022 ABD-\u00c7in Teknoloji Sava\u015flar\u0131 ve \u00d6tesi Ali R\u0131za Bu\u0308yu\u0308kuslu \u2022 K\u00fcresel Finansta Yeni D\u00f6nem: \u00c7in\u2019in Tek Tarafl\u0131 ve \u00c7ok Tarafl\u0131 Kalk\u0131nma Kredileri Sinan Akgu\u0308nay \u2022 \u00c7in-ABD Rekabeti Alt\u0131nda Hint-Pasifik B\u00f6lgesinde Mega-Ticaret Anla\u015fmalar\u0131 Burcu Ermeydan \u2022 Do\u011fu Asya\u2019da \u00c7in-Japonya Rekabeti ve T\u00fcrkiye A\u00e7\u0131s\u0131ndan Etkisi A. Bu\u0308lent Meri\u00e7 \u2022 Uluslararas\u0131 Altyap\u0131 Finansman\u0131: ABD-\u00c7in Rekabeti ve Piyasan\u0131n Uzun G\u00f6lgesi Veysel Tekdal \u2022 Kore Yar\u0131madas\u0131 \u00dczerinde ABD-\u00c7in \u00c7at\u0131\u015fmas\u0131 ve Kuzey Kore N\u00fckleer Tehdidi Hakan Ok\u00e7al \u2022 2014 Sonras\u0131 ABD ve \u00c7in\u2019in Ulusal G\u00fcvenlik Stratejileri: Kar\u015f\u0131la\u015ft\u0131rmal\u0131 Bir \u0130\u00e7erik Analizi Mehmet Fatih Ceylan \u2022 K\u00fcresel Sistem Reformunun S\u0131n\u0131rlar\u0131: \u00c7in\u2019in Y\u00fckseli\u015fi, Brics ve \u201c\u00c7in R\u00fcyas\u0131\u201d Atahan \u00dcnal &amp; Ece \u00d6zben <\/p>\n","protected":false},"excerpt":{"rendered":"<p>Bug\u00fcn Uzakdo\u011fu dendi\u011finde akla gelen \u00fclkelerin ba\u015f\u0131nda \u00c7in gelmektedir. Kadim uygarl\u0131klar\u0131n varislerinden biri olan \u00c7in\u2019in y\u00fczy\u0131llar boyunca b\u00f6lgesinde ve \u00f6tesinde ilgi \u00e7ekti\u011fi ve b\u00fcy\u00fck g\u00fc\u00e7ler aras\u0131ndaki<span class=\"excerpt-hellip\"> [\u2026]<\/span><\/p>\n","protected":false},"featured_media":0,"template":"","meta":{"_monsterinsights_skip_tracking":false,"_monsterinsights_sitenote_active":false,"_monsterinsights_sitenote_note":"","_monsterinsights_sitenote_category":0},"product_brand":[],"product_cat":[12337,17225],"product_tag":[],"class_list":{"0":"post-757405","1":"product","2":"type-product","3":"status-publish","5":"product_cat-politika-siyaset","6":"product_cat-uluslararasi-iliskiler","7":"pa_cilt-ciltsiz","8":"pa_tur-kitap","9":"pa_yayinevi-nika-yayinevi","10":"pa_yazar-kolektif","12":"first","13":"instock","14":"sale","15":"shipping-taxable","16":"purchasable","17":"product-type-simple"},"_links":{"self":[{"href":"https:\/\/roveyayinevi.com.tr\/index.php\/wp-json\/wp\/v2\/product\/757405","targetHints":{"allow":["GET"]}}],"collection":[{"href":"https:\/\/roveyayinevi.com.tr\/index.php\/wp-json\/wp\/v2\/product"}],"about":[{"href":"https:\/\/roveyayinevi.com.tr\/index.php\/wp-json\/wp\/v2\/types\/product"}],"wp:attachment":[{"href":"https:\/\/roveyayinevi.com.tr\/index.php\/wp-json\/wp\/v2\/media?parent=757405"}],"wp:term":[{"taxonomy":"product_brand","embeddable":true,"href":"https:\/\/roveyayinevi.com.tr\/index.php\/wp-json\/wp\/v2\/product_brand?post=757405"},{"taxonomy":"product_cat","embeddable":true,"href":"https:\/\/roveyayinevi.com.tr\/index.php\/wp-json\/wp\/v2\/product_cat?post=757405"},{"taxonomy":"product_tag","embeddable":true,"href":"https:\/\/roveyayinevi.com.tr\/index.php\/wp-json\/wp\/v2\/product_tag?post=757405"}],"curies":[{"name":"wp","href":"https:\/\/api.w.org\/{rel}","templated":true}]}}