{"id":757404,"date":"2025-08-28T07:34:47","date_gmt":"2025-08-28T04:34:47","guid":{"rendered":"https:\/\/roveyayinevi.com.tr\/index.php\/urun\/gelecekteki-sen\/"},"modified":"2026-04-05T03:13:05","modified_gmt":"2026-04-05T00:13:05","slug":"gelecekteki-sen","status":"publish","type":"product","link":"https:\/\/roveyayinevi.com.tr\/index.php\/urun\/gelecekteki-sen\/","title":{"rendered":"Gelecekteki Sen"},"content":{"rendered":"<p>Hepimiz gelece\u011fimizi merak eder ve yar\u0131nlar\u0131m\u0131z\u0131n daha iyi olmas\u0131n\u0131 arzu ederiz. Ancak kendimiz i\u00e7in m\u00fcmk\u00fcn olan en iyi gelece\u011fi istesek de bunu ger\u00e7e\u011fe d\u00f6n\u00fc\u015ft\u00fcrecek kararlar\u0131 vermekte ba\u015far\u0131s\u0131z, hele de pratik ad\u0131mlar\u0131n\u0131 atmakta ihmalk\u00e2r veya ertelemeciyiz. Neden gelecekteki hayat\u0131m\u0131zdan bu kadar uzak, bu kadar kopu\u011fuz? Psikolog Hal Hershfield, on y\u0131l\u0131 a\u015fk\u0131n bir ara\u015ft\u0131rmaya dayanarak gelecekteki benli\u011fimizin zihinlerimizde \u00e7o\u011funlukla yabanc\u0131lara benzedi\u011fini a\u00e7\u0131kl\u0131yor. Oysa bu yabanc\u0131la\u015fmay\u0131 a\u015fmak ve gelecekteki benli\u011fimizle ba\u011flant\u0131 kurmak m\u00fcmk\u00fcn. B\u00f6ylece hem \u015fu andaki ya\u015famlar\u0131m\u0131z\u0131 iyile\u015ftirebilece\u011fimizi hem de gelece\u011fe y\u00f6nelik hedeflerimize ve umutlar\u0131m\u0131za ula\u015fmam\u0131z\u0131n kolayla\u015fabilece\u011fini anlat\u0131yor. Bir\u00e7o\u011fumuz gelece\u011fi inan\u0131lmaz derecede uzak g\u00f6r\u00fcyor, bu da \u00f6n\u00fcm\u00fczdeki y\u0131llarda sa\u011fl\u0131\u011f\u0131m\u0131z\u0131 ve refah\u0131m\u0131z\u0131 g\u00f6z ard\u0131 eden anl\u0131k tatminlere y\u00f6nelmemizi art\u0131r\u0131yor. Ancak gelecekteki benli\u011fimizle ba\u011flant\u0131 kurabilirsek bug\u00fcn\u00fc ya\u015famakla yar\u0131n\u0131 planlamak aras\u0131ndaki dengeyi daha iyi kurabiliriz. Hershfield, ara\u015ft\u0131rma sonu\u00e7lar\u0131na dayanan bilimsel ger\u00e7ekleri sunuyor; gelecek hakk\u0131nda d\u00fc\u015f\u00fcn\u00fcrken yapt\u0131\u011f\u0131m\u0131z zihinsel hatalar\u0131 sergiliyor ve en iyi gelece\u011fimizi hayal etmemiz ve ger\u00e7ekle\u015ftirmemiz i\u00e7in pratik tavsiyeler veriyor.<\/p>\n","protected":false},"excerpt":{"rendered":"<p>Hepimiz gelece\u011fimizi merak eder ve yar\u0131nlar\u0131m\u0131z\u0131n daha iyi olmas\u0131n\u0131 arzu ederiz. Ancak kendimiz i\u00e7in m\u00fcmk\u00fcn olan en iyi gelece\u011fi istesek de bunu ger\u00e7e\u011fe d\u00f6n\u00fc\u015ft\u00fcrecek kararlar\u0131 vermekte<span class=\"excerpt-hellip\"> [\u2026]<\/span><\/p>\n","protected":false},"featured_media":0,"template":"","meta":{"_monsterinsights_skip_tracking":false,"_monsterinsights_sitenote_active":false,"_monsterinsights_sitenote_note":"","_monsterinsights_sitenote_category":0},"product_brand":[],"product_cat":[12364,12376],"product_tag":[],"class_list":{"0":"post-757404","1":"product","2":"type-product","3":"status-publish","5":"product_cat-genel-konular","6":"product_cat-kisisel-gelisim","7":"pa_cilt-ciltsiz","8":"pa_tur-kitap","9":"pa_yayinevi-kuraldisi-yayinevi","10":"pa_yazar-hal-hershfield","12":"first","13":"instock","14":"sale","15":"shipping-taxable","16":"purchasable","17":"product-type-simple"},"_links":{"self":[{"href":"https:\/\/roveyayinevi.com.tr\/index.php\/wp-json\/wp\/v2\/product\/757404","targetHints":{"allow":["GET"]}}],"collection":[{"href":"https:\/\/roveyayinevi.com.tr\/index.php\/wp-json\/wp\/v2\/product"}],"about":[{"href":"https:\/\/roveyayinevi.com.tr\/index.php\/wp-json\/wp\/v2\/types\/product"}],"wp:attachment":[{"href":"https:\/\/roveyayinevi.com.tr\/index.php\/wp-json\/wp\/v2\/media?parent=757404"}],"wp:term":[{"taxonomy":"product_brand","embeddable":true,"href":"https:\/\/roveyayinevi.com.tr\/index.php\/wp-json\/wp\/v2\/product_brand?post=757404"},{"taxonomy":"product_cat","embeddable":true,"href":"https:\/\/roveyayinevi.com.tr\/index.php\/wp-json\/wp\/v2\/product_cat?post=757404"},{"taxonomy":"product_tag","embeddable":true,"href":"https:\/\/roveyayinevi.com.tr\/index.php\/wp-json\/wp\/v2\/product_tag?post=757404"}],"curies":[{"name":"wp","href":"https:\/\/api.w.org\/{rel}","templated":true}]}}