{"id":757403,"date":"2025-08-28T07:34:46","date_gmt":"2025-08-28T04:34:46","guid":{"rendered":"https:\/\/roveyayinevi.com.tr\/index.php\/urun\/anda-kalmak\/"},"modified":"2026-04-16T03:10:39","modified_gmt":"2026-04-16T00:10:39","slug":"anda-kalmak","status":"publish","type":"product","link":"https:\/\/roveyayinevi.com.tr\/index.php\/urun\/anda-kalmak\/","title":{"rendered":"Anda Kalmak"},"content":{"rendered":"<p>Hayat, her AN\u2019\u0131 fark ederek ger\u00e7ekten ya\u015famaya de\u011fer&#8230; ANDA KALMAK, tek bir AN\u2019a \u00e7ak\u0131l\u0131p kalmak de\u011fildir. Ortamdan ve ger\u00e7eklikten kopmak, u\u00e7up gitmek de de\u011fildir. ANBEAN ak\u0131\u015fta olup hayat\u0131n ritmine uygun bi\u00e7imde ya\u015famakt\u0131r. Asla pasif bir eylem de\u011fildir. Aktiftir, canl\u0131d\u0131r, hayat\u0131n i\u00e7indendir. Zihnimizi fark edip AN\u2019da kalabildi\u011fimizde, ge\u00e7mi\u015fle ilgili pi\u015fmanl\u0131klar ve gelecekle ilgili endi\u015feler da\u011f\u0131l\u0131p gider. Bu gelgitler art\u0131k enerjimizi \u00e7almad\u0131\u011f\u0131 i\u00e7in de \u00e7ok daha canl\u0131 ve verimli oluruz. B\u00f6ylece fazla d\u00fc\u015f\u00fcn\u00fcp \u00e7aba harcamadan o an i\u00e7in ve kendimiz i\u00e7in yap\u0131lmas\u0131 gereken en do\u011fru \u015feyi do\u011fall\u0131kla bulup yapar\u0131z. Rana Beri, bu kitab\u0131yla okuyucusunu ge\u00e7mi\u015fin hapishanesinden, gelece\u011fin prangas\u0131ndan kurtulmaya ve AN\u2019da kalarak ya\u015famaya davet ediyor\u2026<\/p>\n","protected":false},"excerpt":{"rendered":"<p>Hayat, her AN\u2019\u0131 fark ederek ger\u00e7ekten ya\u015famaya de\u011fer&#8230; ANDA KALMAK, tek bir AN\u2019a \u00e7ak\u0131l\u0131p kalmak de\u011fildir. Ortamdan ve ger\u00e7eklikten kopmak, u\u00e7up gitmek de de\u011fildir. ANBEAN ak\u0131\u015fta<span class=\"excerpt-hellip\"> [\u2026]<\/span><\/p>\n","protected":false},"featured_media":0,"template":"","meta":{"_monsterinsights_skip_tracking":false,"_monsterinsights_sitenote_active":false,"_monsterinsights_sitenote_note":"","_monsterinsights_sitenote_category":0},"product_brand":[],"product_cat":[12364,12376],"product_tag":[],"class_list":{"0":"post-757403","1":"product","2":"type-product","3":"status-publish","5":"product_cat-genel-konular","6":"product_cat-kisisel-gelisim","7":"pa_cilt-ciltsiz","8":"pa_tur-kitap","9":"pa_yayinevi-remzi-kitabevi","10":"pa_yazar-rana-beri","12":"first","13":"instock","14":"sale","15":"shipping-taxable","16":"purchasable","17":"product-type-simple"},"_links":{"self":[{"href":"https:\/\/roveyayinevi.com.tr\/index.php\/wp-json\/wp\/v2\/product\/757403","targetHints":{"allow":["GET"]}}],"collection":[{"href":"https:\/\/roveyayinevi.com.tr\/index.php\/wp-json\/wp\/v2\/product"}],"about":[{"href":"https:\/\/roveyayinevi.com.tr\/index.php\/wp-json\/wp\/v2\/types\/product"}],"wp:attachment":[{"href":"https:\/\/roveyayinevi.com.tr\/index.php\/wp-json\/wp\/v2\/media?parent=757403"}],"wp:term":[{"taxonomy":"product_brand","embeddable":true,"href":"https:\/\/roveyayinevi.com.tr\/index.php\/wp-json\/wp\/v2\/product_brand?post=757403"},{"taxonomy":"product_cat","embeddable":true,"href":"https:\/\/roveyayinevi.com.tr\/index.php\/wp-json\/wp\/v2\/product_cat?post=757403"},{"taxonomy":"product_tag","embeddable":true,"href":"https:\/\/roveyayinevi.com.tr\/index.php\/wp-json\/wp\/v2\/product_tag?post=757403"}],"curies":[{"name":"wp","href":"https:\/\/api.w.org\/{rel}","templated":true}]}}