{"id":757398,"date":"2025-08-28T07:34:38","date_gmt":"2025-08-28T04:34:38","guid":{"rendered":"https:\/\/roveyayinevi.com.tr\/index.php\/urun\/corapli-flamingo\/"},"modified":"2026-04-16T03:10:39","modified_gmt":"2026-04-16T00:10:39","slug":"corapli-flamingo","status":"publish","type":"product","link":"https:\/\/roveyayinevi.com.tr\/index.php\/urun\/corapli-flamingo\/","title":{"rendered":"\u00c7orapl\u0131 Flamingo"},"content":{"rendered":"<p>Figo, mutlu bir bebeklik ge\u00e7irdi. \u201cGak!\u201d deyince s\u00fct,  \u201cGuk!\u201d deyince mama\u2026 Oh, ne isterse emrindeydi. Her \u015fey \u00e7ok g\u00fczeldi ama Figo\u2019nun bir sorunu vard\u0131: \u00c7ok \u00fc\u015f\u00fcyordu! Belki de anneannesinin \u00f6rd\u00fc\u011f\u00fc \u00e7oraplar, onun \u0131s\u0131nmas\u0131n\u0131 sa\u011flayabilirdi. \u00c7orap giyen flamingo olur muydu! Peki, arkada\u015flar\u0131 onu g\u00f6r\u00fcnce ne diyeceklerdi? Ya insanlar! Figo yoksa d\u00fcnyan\u0131n en \u00fcnl\u00fc flamingosu mu olmu\u015ftu yoksa!   D\u00fcnyan\u0131n en haval\u0131 ve \u00e7orapl\u0131 flamingosunun \u201cfarkl\u0131 olmak\u201d \u00fczerine sana anlataca\u011f\u0131 bir hik\u00e2yesi var. \u00dcstelik \u00e7ok da e\u011flenceli! \u201cFigo, ya\u015fad\u0131\u011f\u0131 soruna g\u00f6zlem yoluyla \u00e7\u00f6z\u00fcm bulan, buldu\u011fu \u00e7\u00f6z\u00fcmde bireysel farkl\u0131l\u0131klar\u0131n\u0131 ele\u015ftirenlere kar\u015f\u0131 fikirlerini savunabilen bir flamingodur. Hik\u00e2ye, Figo ile \u00f6zde\u015fim kuracak \u00e7ocuklara \u00f6z g\u00fcvenli bir \u015fekilde fikirlerinin arkas\u0131nda durmay\u0131 ve farkl\u0131 \u00f6zelliklere sahip olman\u0131n de\u011ferli oldu\u011funu, ne\u015feli ve e\u011flenceli bir hik\u00e2ye ile g\u00f6stermesi a\u00e7\u0131s\u0131ndan \u00f6nemlidir.\u201d G\u00f6k\u00e7em Elif YOLCU Psikolojik dan\u0131\u015fman- Oyun Terapisti<\/p>\n","protected":false},"excerpt":{"rendered":"<p>Figo, mutlu bir bebeklik ge\u00e7irdi. \u201cGak!\u201d deyince s\u00fct, \u201cGuk!\u201d deyince mama\u2026 Oh, ne isterse emrindeydi. Her \u015fey \u00e7ok g\u00fczeldi ama Figo\u2019nun bir sorunu vard\u0131: \u00c7ok \u00fc\u015f\u00fcyordu!<span class=\"excerpt-hellip\"> [\u2026]<\/span><\/p>\n","protected":false},"featured_media":0,"template":"","meta":{"_monsterinsights_skip_tracking":false,"_monsterinsights_sitenote_active":false,"_monsterinsights_sitenote_note":"","_monsterinsights_sitenote_category":0},"product_brand":[],"product_cat":[12274,12284],"product_tag":[],"class_list":{"0":"post-757398","1":"product","2":"type-product","3":"status-publish","5":"product_cat-cocuk-ve-genclik-kitaplari","6":"product_cat-hikayeler","7":"pa_cilt-ciltsiz","8":"pa_tur-kitap","9":"pa_yayinevi-luna-cocuk-yayinlari","10":"pa_yazar-dilan-dogan","12":"first","13":"instock","14":"sale","15":"shipping-taxable","16":"purchasable","17":"product-type-simple"},"_links":{"self":[{"href":"https:\/\/roveyayinevi.com.tr\/index.php\/wp-json\/wp\/v2\/product\/757398","targetHints":{"allow":["GET"]}}],"collection":[{"href":"https:\/\/roveyayinevi.com.tr\/index.php\/wp-json\/wp\/v2\/product"}],"about":[{"href":"https:\/\/roveyayinevi.com.tr\/index.php\/wp-json\/wp\/v2\/types\/product"}],"wp:attachment":[{"href":"https:\/\/roveyayinevi.com.tr\/index.php\/wp-json\/wp\/v2\/media?parent=757398"}],"wp:term":[{"taxonomy":"product_brand","embeddable":true,"href":"https:\/\/roveyayinevi.com.tr\/index.php\/wp-json\/wp\/v2\/product_brand?post=757398"},{"taxonomy":"product_cat","embeddable":true,"href":"https:\/\/roveyayinevi.com.tr\/index.php\/wp-json\/wp\/v2\/product_cat?post=757398"},{"taxonomy":"product_tag","embeddable":true,"href":"https:\/\/roveyayinevi.com.tr\/index.php\/wp-json\/wp\/v2\/product_tag?post=757398"}],"curies":[{"name":"wp","href":"https:\/\/api.w.org\/{rel}","templated":true}]}}